{"id":3726,"date":"2025-01-17T12:41:49","date_gmt":"2025-01-17T11:41:49","guid":{"rendered":"https:\/\/cantir.art\/?post_type=product&#038;p=3726"},"modified":"2026-03-05T23:37:18","modified_gmt":"2026-03-05T22:37:18","slug":"el-futuro-es-libre","status":"publish","type":"product","link":"https:\/\/cantir.art\/en\/product\/el-futuro-es-libre\/","title":{"rendered":"The future is free"},"content":{"rendered":"<div data-elementor-type=\"wp-post\" data-elementor-id=\"3726\" class=\"elementor elementor-3726\">\n\t\t\t\t<div class=\"elementor-element elementor-element-52048079 e-flex e-con-boxed e-con e-parent\" data-id=\"52048079\" data-element_type=\"container\">\n\t\t\t\t\t<div class=\"e-con-inner\">\n\t\t\t\t<div class=\"elementor-element elementor-element-14ef9cb8 elementor-widget elementor-widget-text-editor\" data-id=\"14ef9cb8\" data-element_type=\"widget\" data-widget_type=\"text-editor.default\">\n\t\t\t\t<div class=\"elementor-widget-container\">\n\t\t\t\t\t\t\t\t\t<h4>A deep insight into karma<\/h4>\n<p>\"The Future Is Free\" is a book in which Ch\u00f6gyam Trungpa unravels the concept of karma. He does so by dismantling the simplistic or deterministic interpretations that have become popular in the West. In this work, Trungpa shows how a true understanding of karma reveals that liberation is possible and that the future is never completely predetermined. Through his direct and insightful style, he explains the relationship between the causes and effects of karma. He also explains how we can cut through its roots to live with greater freedom and awareness.<\/p>\n<h4>Ch\u00f6gyam Trungpa and his impact on the West.<\/h4>\n<p>Ch\u00f6gyam Trungpa (1939\u20131987) was an influential Tibetan Buddhist teacher who played a crucial role in introducing Buddhism to the West. Founder of Naropa University and the Shambhala tradition, he was recognized for his ability to convey profound teachings in contemporary language. \"The Future Is Free\" is a reflection of his innovative approach and his ability to make the Dharma accessible and relevant to modern life.<\/p>\n<p>At C\u00c0NTIR, we believe in the importance of bringing the Dharma into our way of life. We offer a carefully curated selection of Buddhist books and objects that combine tradition and contemporary aesthetics, creating a bridge between the Buddha's teachings and modern life.<\/p>\t\t\t\t\t\t\t\t<\/div>\n\t\t\t\t<\/div>\n\t\t\t\t\t<\/div>\n\t\t\t\t<\/div>\n\t\t\t\t<\/div>","protected":false},"excerpt":{"rendered":"<p><span style=\"font-weight: 400;\">In this posthumous work, Trungpa Rinpoche brilliantly addresses the concept of karma, often misunderstood in the West and simplified to basic notions of reincarnation or morality. With his unique perspective, the master unravels this fascinating topic, revealing that karma is not an inexorable destiny, but an opportunity for transformation. Through his unique teaching method, Trungpa shows us how to understand the causes and consequences of our actions, and more importantly, how to transcend them. This revolutionary vision invites us to explore true freedom, presenting not an idealistic utopia, but a practical invitation to change, especially relevant for our current times.<\/span><\/p>\n<p><br style=\"font-weight: 400;\" \/><br style=\"font-weight: 400;\" \/><\/p>","protected":false},"featured_media":6313,"comment_status":"open","ping_status":"closed","template":"elementor_theme","meta":[],"product_brand":[],"product_cat":[267,161],"product_tag":[207],"class_list":{"0":"post-3726","1":"product","2":"type-product","3":"status-publish","4":"has-post-thumbnail","6":"product_cat-kairos","7":"product_cat-libros","8":"product_tag-chogyam-trungpa","10":"first","11":"instock","12":"taxable","13":"shipping-taxable","14":"purchasable","15":"product-type-simple"},"supplier_id":null,"supplier_sku":"","barcode":null,"atum_controlled":true,"out_stock_date":null,"out_stock_threshold":null,"inheritable":false,"inbound_stock":null,"stock_on_hold":0,"sold_today":0,"sales_last_days":0,"reserved_stock":null,"customer_returns":null,"warehouse_damage":null,"lost_in_post":null,"other_logs":null,"out_stock_days":0,"lost_sales":0,"has_location":false,"update_date":"2026-04-17T02:06:24","atum_locations":[],"atum_stock_status":"instock","restock_status":false,"low_stock_amount":"","sales_update_date":"2026-04-17T02:06:24","calc_backorders":null,"yoast_head":"<!-- This site is optimized with the Yoast SEO plugin v26.9 - https:\/\/yoast.com\/product\/yoast-seo-wordpress\/ -->\n<title>El futuro es libre de Ch\u00f6gyam Trungpa | C\u00c0NTIR \ud83d\udcff<\/title>\n<meta name=\"description\" content=\"El futuro es libre de Ch\u00f6gyam Trungpa. Descubre este y otros libros sobre pensamiento budista en C\u00c0NTIR, tu tienda de art\u00edculos budistas y mediterr\u00e1neos.\" \/>\n<meta name=\"robots\" content=\"index, follow, max-snippet:-1, max-image-preview:large, max-video-preview:-1\" \/>\n<link rel=\"canonical\" href=\"https:\/\/cantir.art\/en\/product\/el-futuro-es-libre\/\" \/>\n<meta property=\"og:locale\" content=\"en_GB\" \/>\n<meta property=\"og:type\" content=\"article\" \/>\n<meta property=\"og:title\" content=\"El futuro es libre de Ch\u00f6gyam Trungpa | C\u00c0NTIR \ud83d\udcff\" \/>\n<meta property=\"og:description\" content=\"El futuro es libre de Ch\u00f6gyam Trungpa. Descubre este y otros libros sobre pensamiento budista en C\u00c0NTIR, tu tienda de art\u00edculos budistas y mediterr\u00e1neos.\" \/>\n<meta property=\"og:url\" content=\"https:\/\/cantir.art\/en\/product\/el-futuro-es-libre\/\" \/>\n<meta property=\"og:site_name\" content=\"C\u00e0ntir\" \/>\n<meta property=\"article:modified_time\" content=\"2026-03-05T22:37:18+00:00\" \/>\n<meta property=\"og:image\" content=\"https:\/\/cantir.art\/wp-content\/uploads\/2025\/01\/ElFuturoEsLibre.webp\" \/>\n\t<meta property=\"og:image:width\" content=\"680\" \/>\n\t<meta property=\"og:image:height\" content=\"920\" \/>\n\t<meta property=\"og:image:type\" content=\"image\/webp\" \/>\n<meta name=\"twitter:card\" content=\"summary_large_image\" \/>\n<meta name=\"twitter:label1\" content=\"Estimated reading time\" \/>\n\t<meta name=\"twitter:data1\" content=\"2 minutes\" \/>\n<script type=\"application\/ld+json\" class=\"yoast-schema-graph\">{\"@context\":\"https:\/\/schema.org\",\"@graph\":[{\"@type\":\"WebPage\",\"@id\":\"https:\/\/cantir.art\/producto\/el-futuro-es-libre\/\",\"url\":\"https:\/\/cantir.art\/producto\/el-futuro-es-libre\/\",\"name\":\"El futuro es libre de Ch\u00f6gyam Trungpa | C\u00c0NTIR \ud83d\udcff\",\"isPartOf\":{\"@id\":\"https:\/\/cantir.art\/#website\"},\"primaryImageOfPage\":{\"@id\":\"https:\/\/cantir.art\/producto\/el-futuro-es-libre\/#primaryimage\"},\"image\":{\"@id\":\"https:\/\/cantir.art\/producto\/el-futuro-es-libre\/#primaryimage\"},\"thumbnailUrl\":\"https:\/\/i0.wp.com\/cantir.art\/wp-content\/uploads\/2025\/09\/EL-FUTURO-ES-LIBRE-A-scaled-2.jpg?fit=1922%2C2560&ssl=1\",\"datePublished\":\"2025-01-17T11:41:49+00:00\",\"dateModified\":\"2026-03-05T22:37:18+00:00\",\"description\":\"El futuro es libre de Ch\u00f6gyam Trungpa. Descubre este y otros libros sobre pensamiento budista en C\u00c0NTIR, tu tienda de art\u00edculos budistas y mediterr\u00e1neos.\",\"breadcrumb\":{\"@id\":\"https:\/\/cantir.art\/producto\/el-futuro-es-libre\/#breadcrumb\"},\"inLanguage\":\"en-GB\",\"potentialAction\":[{\"@type\":\"ReadAction\",\"target\":[\"https:\/\/cantir.art\/producto\/el-futuro-es-libre\/\"]}]},{\"@type\":\"ImageObject\",\"inLanguage\":\"en-GB\",\"@id\":\"https:\/\/cantir.art\/producto\/el-futuro-es-libre\/#primaryimage\",\"url\":\"https:\/\/i0.wp.com\/cantir.art\/wp-content\/uploads\/2025\/09\/EL-FUTURO-ES-LIBRE-A-scaled-2.jpg?fit=1922%2C2560&ssl=1\",\"contentUrl\":\"https:\/\/i0.wp.com\/cantir.art\/wp-content\/uploads\/2025\/09\/EL-FUTURO-ES-LIBRE-A-scaled-2.jpg?fit=1922%2C2560&ssl=1\",\"width\":1922,\"height\":2560},{\"@type\":\"BreadcrumbList\",\"@id\":\"https:\/\/cantir.art\/producto\/el-futuro-es-libre\/#breadcrumb\",\"itemListElement\":[{\"@type\":\"ListItem\",\"position\":1,\"name\":\"Portada\",\"item\":\"https:\/\/cantir.art\/\"},{\"@type\":\"ListItem\",\"position\":2,\"name\":\"NEW Tienda\",\"item\":\"https:\/\/cantir.art\/en\/new-tienda\/\"},{\"@type\":\"ListItem\",\"position\":3,\"name\":\"El futuro es libre\"}]},{\"@type\":\"WebSite\",\"@id\":\"https:\/\/cantir.art\/#website\",\"url\":\"https:\/\/cantir.art\/\",\"name\":\"C\u00e0ntir\",\"description\":\"Simbolismo budista y est\u00e9tica mediterr\u00e1nea en objetos que conectan pr\u00e1ctica y cotidianidad\",\"publisher\":{\"@id\":\"https:\/\/cantir.art\/#organization\"},\"potentialAction\":[{\"@type\":\"SearchAction\",\"target\":{\"@type\":\"EntryPoint\",\"urlTemplate\":\"https:\/\/cantir.art\/?s={search_term_string}\"},\"query-input\":{\"@type\":\"PropertyValueSpecification\",\"valueRequired\":true,\"valueName\":\"search_term_string\"}}],\"inLanguage\":\"en-GB\"},{\"@type\":\"Organization\",\"@id\":\"https:\/\/cantir.art\/#organization\",\"name\":\"C\u00e0ntir\",\"url\":\"https:\/\/cantir.art\/\",\"logo\":{\"@type\":\"ImageObject\",\"inLanguage\":\"en-GB\",\"@id\":\"https:\/\/cantir.art\/#\/schema\/logo\/image\/\",\"url\":\"https:\/\/i0.wp.com\/cantir.art\/wp-content\/uploads\/2025\/01\/cantir-10.png?fit=2551%2C1060&ssl=1\",\"contentUrl\":\"https:\/\/i0.wp.com\/cantir.art\/wp-content\/uploads\/2025\/01\/cantir-10.png?fit=2551%2C1060&ssl=1\",\"width\":2551,\"height\":1060,\"caption\":\"C\u00e0ntir\"},\"image\":{\"@id\":\"https:\/\/cantir.art\/#\/schema\/logo\/image\/\"}}]}<\/script>\n<!-- \/ Yoast SEO plugin. -->","yoast_head_json":{"title":"El futuro es libre de Ch\u00f6gyam Trungpa | C\u00c0NTIR \ud83d\udcff","description":"El futuro es libre de Ch\u00f6gyam Trungpa. Descubre este y otros libros sobre pensamiento budista en C\u00c0NTIR, tu tienda de art\u00edculos budistas y mediterr\u00e1neos.","robots":{"index":"index","follow":"follow","max-snippet":"max-snippet:-1","max-image-preview":"max-image-preview:large","max-video-preview":"max-video-preview:-1"},"canonical":"https:\/\/cantir.art\/en\/product\/el-futuro-es-libre\/","og_locale":"en_GB","og_type":"article","og_title":"El futuro es libre de Ch\u00f6gyam Trungpa | C\u00c0NTIR \ud83d\udcff","og_description":"El futuro es libre de Ch\u00f6gyam Trungpa. Descubre este y otros libros sobre pensamiento budista en C\u00c0NTIR, tu tienda de art\u00edculos budistas y mediterr\u00e1neos.","og_url":"https:\/\/cantir.art\/en\/product\/el-futuro-es-libre\/","og_site_name":"C\u00e0ntir","article_modified_time":"2026-03-05T22:37:18+00:00","og_image":[{"width":680,"height":920,"url":"https:\/\/cantir.art\/wp-content\/uploads\/2025\/01\/ElFuturoEsLibre.webp","type":"image\/webp"}],"twitter_card":"summary_large_image","twitter_misc":{"Estimated reading time":"2 minutes"},"schema":{"@context":"https:\/\/schema.org","@graph":[{"@type":"WebPage","@id":"https:\/\/cantir.art\/producto\/el-futuro-es-libre\/","url":"https:\/\/cantir.art\/producto\/el-futuro-es-libre\/","name":"El futuro es libre de Ch\u00f6gyam Trungpa | C\u00c0NTIR \ud83d\udcff","isPartOf":{"@id":"https:\/\/cantir.art\/#website"},"primaryImageOfPage":{"@id":"https:\/\/cantir.art\/producto\/el-futuro-es-libre\/#primaryimage"},"image":{"@id":"https:\/\/cantir.art\/producto\/el-futuro-es-libre\/#primaryimage"},"thumbnailUrl":"https:\/\/i0.wp.com\/cantir.art\/wp-content\/uploads\/2025\/09\/EL-FUTURO-ES-LIBRE-A-scaled-2.jpg?fit=1922%2C2560&ssl=1","datePublished":"2025-01-17T11:41:49+00:00","dateModified":"2026-03-05T22:37:18+00:00","description":"El futuro es libre de Ch\u00f6gyam Trungpa. Descubre este y otros libros sobre pensamiento budista en C\u00c0NTIR, tu tienda de art\u00edculos budistas y mediterr\u00e1neos.","breadcrumb":{"@id":"https:\/\/cantir.art\/producto\/el-futuro-es-libre\/#breadcrumb"},"inLanguage":"en-GB","potentialAction":[{"@type":"ReadAction","target":["https:\/\/cantir.art\/producto\/el-futuro-es-libre\/"]}]},{"@type":"ImageObject","inLanguage":"en-GB","@id":"https:\/\/cantir.art\/producto\/el-futuro-es-libre\/#primaryimage","url":"https:\/\/i0.wp.com\/cantir.art\/wp-content\/uploads\/2025\/09\/EL-FUTURO-ES-LIBRE-A-scaled-2.jpg?fit=1922%2C2560&ssl=1","contentUrl":"https:\/\/i0.wp.com\/cantir.art\/wp-content\/uploads\/2025\/09\/EL-FUTURO-ES-LIBRE-A-scaled-2.jpg?fit=1922%2C2560&ssl=1","width":1922,"height":2560},{"@type":"BreadcrumbList","@id":"https:\/\/cantir.art\/producto\/el-futuro-es-libre\/#breadcrumb","itemListElement":[{"@type":"ListItem","position":1,"name":"Portada","item":"https:\/\/cantir.art\/"},{"@type":"ListItem","position":2,"name":"NEW Tienda","item":"https:\/\/cantir.art\/en\/new-tienda\/"},{"@type":"ListItem","position":3,"name":"El futuro es libre"}]},{"@type":"WebSite","@id":"https:\/\/cantir.art\/#website","url":"https:\/\/cantir.art\/","name":"C\u00e0ntir","description":"Buddhist symbolism and Mediterranean aesthetics in objects that connect practice with everyday life","publisher":{"@id":"https:\/\/cantir.art\/#organization"},"potentialAction":[{"@type":"SearchAction","target":{"@type":"EntryPoint","urlTemplate":"https:\/\/cantir.art\/?s={search_term_string}"},"query-input":{"@type":"PropertyValueSpecification","valueRequired":true,"valueName":"search_term_string"}}],"inLanguage":"en-GB"},{"@type":"Organization","@id":"https:\/\/cantir.art\/#organization","name":"C\u00e0ntir","url":"https:\/\/cantir.art\/","logo":{"@type":"ImageObject","inLanguage":"en-GB","@id":"https:\/\/cantir.art\/#\/schema\/logo\/image\/","url":"https:\/\/i0.wp.com\/cantir.art\/wp-content\/uploads\/2025\/01\/cantir-10.png?fit=2551%2C1060&ssl=1","contentUrl":"https:\/\/i0.wp.com\/cantir.art\/wp-content\/uploads\/2025\/01\/cantir-10.png?fit=2551%2C1060&ssl=1","width":2551,"height":1060,"caption":"C\u00e0ntir"},"image":{"@id":"https:\/\/cantir.art\/#\/schema\/logo\/image\/"}}]}},"jetpack_sharing_enabled":true,"_links":{"self":[{"href":"https:\/\/cantir.art\/en\/wp-json\/wp\/v2\/product\/3726","targetHints":{"allow":["GET"]}}],"collection":[{"href":"https:\/\/cantir.art\/en\/wp-json\/wp\/v2\/product"}],"about":[{"href":"https:\/\/cantir.art\/en\/wp-json\/wp\/v2\/types\/product"}],"replies":[{"embeddable":true,"href":"https:\/\/cantir.art\/en\/wp-json\/wp\/v2\/comments?post=3726"}],"version-history":[{"count":16,"href":"https:\/\/cantir.art\/en\/wp-json\/wp\/v2\/product\/3726\/revisions"}],"predecessor-version":[{"id":5626,"href":"https:\/\/cantir.art\/en\/wp-json\/wp\/v2\/product\/3726\/revisions\/5626"}],"wp:featuredmedia":[{"embeddable":true,"href":"https:\/\/cantir.art\/en\/wp-json\/wp\/v2\/media\/6313"}],"wp:attachment":[{"href":"https:\/\/cantir.art\/en\/wp-json\/wp\/v2\/media?parent=3726"}],"wp:term":[{"taxonomy":"product_brand","embeddable":true,"href":"https:\/\/cantir.art\/en\/wp-json\/wp\/v2\/product_brand?post=3726"},{"taxonomy":"product_cat","embeddable":true,"href":"https:\/\/cantir.art\/en\/wp-json\/wp\/v2\/product_cat?post=3726"},{"taxonomy":"product_tag","embeddable":true,"href":"https:\/\/cantir.art\/en\/wp-json\/wp\/v2\/product_tag?post=3726"}],"curies":[{"name":"wp","href":"https:\/\/api.w.org\/{rel}","templated":true}]}}