{"id":3732,"date":"2025-01-17T12:45:00","date_gmt":"2025-01-17T11:45:00","guid":{"rendered":"https:\/\/cantir.art\/?post_type=product&#038;p=3732"},"modified":"2025-09-26T18:05:07","modified_gmt":"2025-09-26T16:05:07","slug":"atravesar-el-materialismo-espiritual","status":"publish","type":"product","link":"https:\/\/cantir.art\/en\/product\/atravesar-el-materialismo-espiritual\/","title":{"rendered":"Breaking through spiritual materialism"},"content":{"rendered":"<div data-elementor-type=\"wp-post\" data-elementor-id=\"3732\" class=\"elementor elementor-3732\">\n\t\t\t\t<div class=\"elementor-element elementor-element-52048079 e-flex e-con-boxed e-con e-parent\" data-id=\"52048079\" data-element_type=\"container\">\n\t\t\t\t\t<div class=\"e-con-inner\">\n\t\t\t\t<div class=\"elementor-element elementor-element-14ef9cb8 elementor-widget elementor-widget-text-editor\" data-id=\"14ef9cb8\" data-element_type=\"widget\" data-widget_type=\"text-editor.default\">\n\t\t\t\t<div class=\"elementor-widget-container\">\n\t\t\t\t\t\t\t\t\t<p data-start=\"54\" data-end=\"686\">Through Spiritual Materialism is a book that will not leave you indifferent. It was written by Ch\u00f6gyam Trungpa, a Tibetan master born in 1939. This work is an invitation to question our beliefs about spirituality and to explore an authentic path of transformation. Trungpa Rinpoche was a key figure in the introduction of Tibetan Buddhism to the West. He was noted for his innovative and direct approach. Through his teaching, he demystified many misconceptions about spirituality. He also showed how spiritual materialism can become an obstacle in the quest for genuine awakening.<\/p><p data-start=\"688\" data-end=\"1247\">His style combines the depth of Buddhist thought with great clarity. His words guide us through an exploration of how the Western mind tends to appropriate spirituality for selfish ends. Instead of using the Dharma as a means to strengthen personal identity, he invites us to surrender to reality as it is. With courage and authenticity. Throughout his teachings, he emphasises the importance of meditation as a central tool for awakening lucidity and compassion in daily life.<\/p><p data-start=\"1249\" data-end=\"1831\">In addition to being a teacher of great impact, he founded Naropa University and established the Shambhala lineage. This was a spiritual path that integrates Buddhist wisdom with lay life. His legacy has influenced generations of practitioners. And it has offered a vision of spirituality far removed from idealisation and focused on personal responsibility and openness to the present. In our C\u00e0ntir catalogue you can find some of his most interesting works: <a href=\"https:\/\/cantir.art\/en\/product\/psicologia-budista\/\">Buddhist psychology<\/a>, <a href=\"https:\/\/cantir.art\/en\/product\/cinismo-y-magia\/\">Cynicism and magic<\/a>, <a href=\"https:\/\/cantir.art\/en\/product\/el-mito-de-la-libertad\/\">The myth of freedom<\/a>, <a href=\"https:\/\/cantir.art\/en\/product\/el-futuro-es-libre\/\">The future is free<\/a>... In addition, you can also find books about one of his main disciples: <a href=\"https:\/\/cantir.art\/en\/product\/cuando-todo-se-derrumba\/\">Pema Ch\u00f6dron<\/a>a Buddhist nun based in Canada.<\/p><p data-start=\"1833\" data-end=\"2055\">Beyond time and geography, Ch\u00f6gyam Trungpa's teachings live on, reminding us that true spirituality is not an escape, but a deep engagement with reality and an awakened heart.<\/p><p data-start=\"1833\" data-end=\"2055\">You can find other books by Ch\u00f6gyam Trungpa by continuing to browse our <a href=\"https:\/\/cantir.art\/en\/product-category\/libros\/\">catalogue<\/a>.<\/p>\t\t\t\t\t\t\t\t<\/div>\n\t\t\t\t<\/div>\n\t\t\t\t\t<\/div>\n\t\t\t\t<\/div>\n\t\t\t\t<\/div>","protected":false},"excerpt":{"rendered":"<p><span style=\"font-weight: 400;\">The book that every spiritual practitioner both dreads and longs to read. Trungpa Rinpoche takes apart piece by piece the modern spiritual supermarket and shows us how the ego is capable of turning even meditation into just another accessory.<\/span><\/p>\n<p><em>Translation and editing by Ediciones Virupa.<\/em><\/p>","protected":false},"featured_media":6320,"comment_status":"open","ping_status":"closed","template":"elementor_theme","meta":[],"product_brand":[],"product_cat":[164,161],"product_tag":[271,242,207,270,210],"class_list":{"0":"post-3732","1":"product","2":"type-product","3":"status-publish","4":"has-post-thumbnail","6":"product_cat-ediciones-virupa","7":"product_cat-libros","8":"product_tag-autoengano","9":"product_tag-budismo-contemporaneo","10":"product_tag-chogyam-trungpa","11":"product_tag-ego","12":"product_tag-materialismo-espiritual","14":"first","15":"instock","16":"taxable","17":"shipping-taxable","18":"purchasable","19":"product-type-simple"},"supplier_id":null,"supplier_sku":"","barcode":null,"atum_controlled":true,"out_stock_date":null,"out_stock_threshold":null,"inheritable":false,"inbound_stock":null,"stock_on_hold":0,"sold_today":0,"sales_last_days":0,"reserved_stock":null,"customer_returns":null,"warehouse_damage":null,"lost_in_post":null,"other_logs":null,"out_stock_days":0,"lost_sales":0,"has_location":false,"update_date":"2026-04-15T02:05:57","atum_locations":[],"atum_stock_status":"instock","restock_status":false,"low_stock_amount":"","sales_update_date":"2026-04-15T02:05:57","calc_backorders":null,"yoast_head":"<!-- This site is optimized with the Yoast SEO plugin v26.9 - https:\/\/yoast.com\/product\/yoast-seo-wordpress\/ -->\n<title>Atravesar el materialismo espiritual | C\u00c0NTIR \ud83d\udcff<\/title>\n<meta name=\"description\" content=\"Atravesar el materialismo espiritual, un libro de Ch\u00f6gyam Trungpa traducido y editado por Ediciones Virupa. Descubre este y m\u00e1s libros budistas en C\u00c0NTIR.\" \/>\n<meta name=\"robots\" content=\"index, follow, max-snippet:-1, max-image-preview:large, max-video-preview:-1\" \/>\n<link rel=\"canonical\" href=\"https:\/\/cantir.art\/en\/product\/atravesar-el-materialismo-espiritual\/\" \/>\n<meta property=\"og:locale\" content=\"en_GB\" \/>\n<meta property=\"og:type\" content=\"article\" \/>\n<meta property=\"og:title\" content=\"Atravesar el materialismo espiritual | C\u00c0NTIR \ud83d\udcff\" \/>\n<meta property=\"og:description\" content=\"Atravesar el materialismo espiritual, un libro de Ch\u00f6gyam Trungpa traducido y editado por Ediciones Virupa. Descubre este y m\u00e1s libros budistas en C\u00c0NTIR.\" \/>\n<meta property=\"og:url\" content=\"https:\/\/cantir.art\/en\/product\/atravesar-el-materialismo-espiritual\/\" \/>\n<meta property=\"og:site_name\" content=\"C\u00e0ntir\" \/>\n<meta property=\"article:modified_time\" content=\"2025-09-26T16:05:07+00:00\" \/>\n<meta property=\"og:image\" content=\"https:\/\/cantir.art\/wp-content\/uploads\/2025\/09\/ATRAVESANDO-EL-MATERIALISMO-ESPIRITUAL-C-scaled-2.jpg\" \/>\n\t<meta property=\"og:image:width\" content=\"1922\" \/>\n\t<meta property=\"og:image:height\" content=\"2560\" \/>\n\t<meta property=\"og:image:type\" content=\"image\/jpeg\" \/>\n<meta name=\"twitter:card\" content=\"summary_large_image\" \/>\n<meta name=\"twitter:label1\" content=\"Estimated reading time\" \/>\n\t<meta name=\"twitter:data1\" content=\"2 minutes\" \/>\n<script type=\"application\/ld+json\" class=\"yoast-schema-graph\">{\"@context\":\"https:\/\/schema.org\",\"@graph\":[{\"@type\":\"WebPage\",\"@id\":\"https:\/\/cantir.art\/producto\/atravesar-el-materialismo-espiritual\/\",\"url\":\"https:\/\/cantir.art\/producto\/atravesar-el-materialismo-espiritual\/\",\"name\":\"Atravesar el materialismo espiritual | C\u00c0NTIR \ud83d\udcff\",\"isPartOf\":{\"@id\":\"https:\/\/cantir.art\/#website\"},\"primaryImageOfPage\":{\"@id\":\"https:\/\/cantir.art\/producto\/atravesar-el-materialismo-espiritual\/#primaryimage\"},\"image\":{\"@id\":\"https:\/\/cantir.art\/producto\/atravesar-el-materialismo-espiritual\/#primaryimage\"},\"thumbnailUrl\":\"https:\/\/i0.wp.com\/cantir.art\/wp-content\/uploads\/2025\/09\/ATRAVESANDO-EL-MATERIALISMO-ESPIRITUAL-C-scaled-2.jpg?fit=1922%2C2560&ssl=1\",\"datePublished\":\"2025-01-17T11:45:00+00:00\",\"dateModified\":\"2025-09-26T16:05:07+00:00\",\"description\":\"Atravesar el materialismo espiritual, un libro de Ch\u00f6gyam Trungpa traducido y editado por Ediciones Virupa. Descubre este y m\u00e1s libros budistas en C\u00c0NTIR.\",\"breadcrumb\":{\"@id\":\"https:\/\/cantir.art\/producto\/atravesar-el-materialismo-espiritual\/#breadcrumb\"},\"inLanguage\":\"en-GB\",\"potentialAction\":[{\"@type\":\"ReadAction\",\"target\":[\"https:\/\/cantir.art\/producto\/atravesar-el-materialismo-espiritual\/\"]}]},{\"@type\":\"ImageObject\",\"inLanguage\":\"en-GB\",\"@id\":\"https:\/\/cantir.art\/producto\/atravesar-el-materialismo-espiritual\/#primaryimage\",\"url\":\"https:\/\/i0.wp.com\/cantir.art\/wp-content\/uploads\/2025\/09\/ATRAVESANDO-EL-MATERIALISMO-ESPIRITUAL-C-scaled-2.jpg?fit=1922%2C2560&ssl=1\",\"contentUrl\":\"https:\/\/i0.wp.com\/cantir.art\/wp-content\/uploads\/2025\/09\/ATRAVESANDO-EL-MATERIALISMO-ESPIRITUAL-C-scaled-2.jpg?fit=1922%2C2560&ssl=1\",\"width\":1922,\"height\":2560},{\"@type\":\"BreadcrumbList\",\"@id\":\"https:\/\/cantir.art\/producto\/atravesar-el-materialismo-espiritual\/#breadcrumb\",\"itemListElement\":[{\"@type\":\"ListItem\",\"position\":1,\"name\":\"Portada\",\"item\":\"https:\/\/cantir.art\/\"},{\"@type\":\"ListItem\",\"position\":2,\"name\":\"NEW Tienda\",\"item\":\"https:\/\/cantir.art\/en\/new-tienda\/\"},{\"@type\":\"ListItem\",\"position\":3,\"name\":\"Atravesar el materialismo espiritual\"}]},{\"@type\":\"WebSite\",\"@id\":\"https:\/\/cantir.art\/#website\",\"url\":\"https:\/\/cantir.art\/\",\"name\":\"C\u00e0ntir\",\"description\":\"Simbolismo budista y est\u00e9tica mediterr\u00e1nea en objetos que conectan pr\u00e1ctica y cotidianidad\",\"publisher\":{\"@id\":\"https:\/\/cantir.art\/#organization\"},\"potentialAction\":[{\"@type\":\"SearchAction\",\"target\":{\"@type\":\"EntryPoint\",\"urlTemplate\":\"https:\/\/cantir.art\/?s={search_term_string}\"},\"query-input\":{\"@type\":\"PropertyValueSpecification\",\"valueRequired\":true,\"valueName\":\"search_term_string\"}}],\"inLanguage\":\"en-GB\"},{\"@type\":\"Organization\",\"@id\":\"https:\/\/cantir.art\/#organization\",\"name\":\"C\u00e0ntir\",\"url\":\"https:\/\/cantir.art\/\",\"logo\":{\"@type\":\"ImageObject\",\"inLanguage\":\"en-GB\",\"@id\":\"https:\/\/cantir.art\/#\/schema\/logo\/image\/\",\"url\":\"https:\/\/i0.wp.com\/cantir.art\/wp-content\/uploads\/2025\/01\/cantir-10.png?fit=2551%2C1060&ssl=1\",\"contentUrl\":\"https:\/\/i0.wp.com\/cantir.art\/wp-content\/uploads\/2025\/01\/cantir-10.png?fit=2551%2C1060&ssl=1\",\"width\":2551,\"height\":1060,\"caption\":\"C\u00e0ntir\"},\"image\":{\"@id\":\"https:\/\/cantir.art\/#\/schema\/logo\/image\/\"}}]}<\/script>\n<!-- \/ Yoast SEO plugin. -->","yoast_head_json":{"title":"Atravesar el materialismo espiritual | C\u00c0NTIR \ud83d\udcff","description":"Atravesar el materialismo espiritual, un libro de Ch\u00f6gyam Trungpa traducido y editado por Ediciones Virupa. Descubre este y m\u00e1s libros budistas en C\u00c0NTIR.","robots":{"index":"index","follow":"follow","max-snippet":"max-snippet:-1","max-image-preview":"max-image-preview:large","max-video-preview":"max-video-preview:-1"},"canonical":"https:\/\/cantir.art\/en\/product\/atravesar-el-materialismo-espiritual\/","og_locale":"en_GB","og_type":"article","og_title":"Atravesar el materialismo espiritual | C\u00c0NTIR \ud83d\udcff","og_description":"Atravesar el materialismo espiritual, un libro de Ch\u00f6gyam Trungpa traducido y editado por Ediciones Virupa. Descubre este y m\u00e1s libros budistas en C\u00c0NTIR.","og_url":"https:\/\/cantir.art\/en\/product\/atravesar-el-materialismo-espiritual\/","og_site_name":"C\u00e0ntir","article_modified_time":"2025-09-26T16:05:07+00:00","og_image":[{"width":1922,"height":2560,"url":"https:\/\/cantir.art\/wp-content\/uploads\/2025\/09\/ATRAVESANDO-EL-MATERIALISMO-ESPIRITUAL-C-scaled-2.jpg","type":"image\/jpeg"}],"twitter_card":"summary_large_image","twitter_misc":{"Estimated reading time":"2 minutes"},"schema":{"@context":"https:\/\/schema.org","@graph":[{"@type":"WebPage","@id":"https:\/\/cantir.art\/producto\/atravesar-el-materialismo-espiritual\/","url":"https:\/\/cantir.art\/producto\/atravesar-el-materialismo-espiritual\/","name":"Atravesar el materialismo espiritual | C\u00c0NTIR \ud83d\udcff","isPartOf":{"@id":"https:\/\/cantir.art\/#website"},"primaryImageOfPage":{"@id":"https:\/\/cantir.art\/producto\/atravesar-el-materialismo-espiritual\/#primaryimage"},"image":{"@id":"https:\/\/cantir.art\/producto\/atravesar-el-materialismo-espiritual\/#primaryimage"},"thumbnailUrl":"https:\/\/i0.wp.com\/cantir.art\/wp-content\/uploads\/2025\/09\/ATRAVESANDO-EL-MATERIALISMO-ESPIRITUAL-C-scaled-2.jpg?fit=1922%2C2560&ssl=1","datePublished":"2025-01-17T11:45:00+00:00","dateModified":"2025-09-26T16:05:07+00:00","description":"Atravesar el materialismo espiritual, un libro de Ch\u00f6gyam Trungpa traducido y editado por Ediciones Virupa. Descubre este y m\u00e1s libros budistas en C\u00c0NTIR.","breadcrumb":{"@id":"https:\/\/cantir.art\/producto\/atravesar-el-materialismo-espiritual\/#breadcrumb"},"inLanguage":"en-GB","potentialAction":[{"@type":"ReadAction","target":["https:\/\/cantir.art\/producto\/atravesar-el-materialismo-espiritual\/"]}]},{"@type":"ImageObject","inLanguage":"en-GB","@id":"https:\/\/cantir.art\/producto\/atravesar-el-materialismo-espiritual\/#primaryimage","url":"https:\/\/i0.wp.com\/cantir.art\/wp-content\/uploads\/2025\/09\/ATRAVESANDO-EL-MATERIALISMO-ESPIRITUAL-C-scaled-2.jpg?fit=1922%2C2560&ssl=1","contentUrl":"https:\/\/i0.wp.com\/cantir.art\/wp-content\/uploads\/2025\/09\/ATRAVESANDO-EL-MATERIALISMO-ESPIRITUAL-C-scaled-2.jpg?fit=1922%2C2560&ssl=1","width":1922,"height":2560},{"@type":"BreadcrumbList","@id":"https:\/\/cantir.art\/producto\/atravesar-el-materialismo-espiritual\/#breadcrumb","itemListElement":[{"@type":"ListItem","position":1,"name":"Portada","item":"https:\/\/cantir.art\/"},{"@type":"ListItem","position":2,"name":"NEW Tienda","item":"https:\/\/cantir.art\/en\/new-tienda\/"},{"@type":"ListItem","position":3,"name":"Atravesar el materialismo espiritual"}]},{"@type":"WebSite","@id":"https:\/\/cantir.art\/#website","url":"https:\/\/cantir.art\/","name":"C\u00e0ntir","description":"Buddhist symbolism and Mediterranean aesthetics in objects that connect practice with everyday life","publisher":{"@id":"https:\/\/cantir.art\/#organization"},"potentialAction":[{"@type":"SearchAction","target":{"@type":"EntryPoint","urlTemplate":"https:\/\/cantir.art\/?s={search_term_string}"},"query-input":{"@type":"PropertyValueSpecification","valueRequired":true,"valueName":"search_term_string"}}],"inLanguage":"en-GB"},{"@type":"Organization","@id":"https:\/\/cantir.art\/#organization","name":"C\u00e0ntir","url":"https:\/\/cantir.art\/","logo":{"@type":"ImageObject","inLanguage":"en-GB","@id":"https:\/\/cantir.art\/#\/schema\/logo\/image\/","url":"https:\/\/i0.wp.com\/cantir.art\/wp-content\/uploads\/2025\/01\/cantir-10.png?fit=2551%2C1060&ssl=1","contentUrl":"https:\/\/i0.wp.com\/cantir.art\/wp-content\/uploads\/2025\/01\/cantir-10.png?fit=2551%2C1060&ssl=1","width":2551,"height":1060,"caption":"C\u00e0ntir"},"image":{"@id":"https:\/\/cantir.art\/#\/schema\/logo\/image\/"}}]}},"jetpack_sharing_enabled":true,"_links":{"self":[{"href":"https:\/\/cantir.art\/en\/wp-json\/wp\/v2\/product\/3732","targetHints":{"allow":["GET"]}}],"collection":[{"href":"https:\/\/cantir.art\/en\/wp-json\/wp\/v2\/product"}],"about":[{"href":"https:\/\/cantir.art\/en\/wp-json\/wp\/v2\/types\/product"}],"replies":[{"embeddable":true,"href":"https:\/\/cantir.art\/en\/wp-json\/wp\/v2\/comments?post=3732"}],"version-history":[{"count":24,"href":"https:\/\/cantir.art\/en\/wp-json\/wp\/v2\/product\/3732\/revisions"}],"predecessor-version":[{"id":5574,"href":"https:\/\/cantir.art\/en\/wp-json\/wp\/v2\/product\/3732\/revisions\/5574"}],"wp:featuredmedia":[{"embeddable":true,"href":"https:\/\/cantir.art\/en\/wp-json\/wp\/v2\/media\/6320"}],"wp:attachment":[{"href":"https:\/\/cantir.art\/en\/wp-json\/wp\/v2\/media?parent=3732"}],"wp:term":[{"taxonomy":"product_brand","embeddable":true,"href":"https:\/\/cantir.art\/en\/wp-json\/wp\/v2\/product_brand?post=3732"},{"taxonomy":"product_cat","embeddable":true,"href":"https:\/\/cantir.art\/en\/wp-json\/wp\/v2\/product_cat?post=3732"},{"taxonomy":"product_tag","embeddable":true,"href":"https:\/\/cantir.art\/en\/wp-json\/wp\/v2\/product_tag?post=3732"}],"curies":[{"name":"wp","href":"https:\/\/api.w.org\/{rel}","templated":true}]}}