{"id":3744,"date":"2025-01-17T12:52:43","date_gmt":"2025-01-17T11:52:43","guid":{"rendered":"https:\/\/cantir.art\/?post_type=product&#038;p=3744"},"modified":"2025-09-26T17:58:21","modified_gmt":"2025-09-26T15:58:21","slug":"compasion-intrepida","status":"publish","type":"product","link":"https:\/\/cantir.art\/en\/product\/compasion-intrepida\/","title":{"rendered":"Fearless compassion"},"content":{"rendered":"<div data-elementor-type=\"wp-post\" data-elementor-id=\"3744\" class=\"elementor elementor-3744\">\n\t\t\t\t<div class=\"elementor-element elementor-element-52048079 e-flex e-con-boxed e-con e-parent\" data-id=\"52048079\" data-element_type=\"container\">\n\t\t\t\t\t<div class=\"e-con-inner\">\n\t\t\t\t<div class=\"elementor-element elementor-element-14ef9cb8 elementor-widget elementor-widget-text-editor\" data-id=\"14ef9cb8\" data-element_type=\"widget\" data-widget_type=\"text-editor.default\">\n\t\t\t\t<div class=\"elementor-widget-container\">\n\t\t\t\t\t\t\t\t\t<p>Dilgo Khyentse Rinpoche (1910-1991) was one of the great Buddhist masters of the 20th century, recognised as a leading lama of the Nyingma tradition and a master of the Rim\u00e9 lineage, a non-sectarian movement integrating various schools of Tibetan Buddhism. From a young age, he devoted himself entirely to study and practice, spending years in retreat in the mountains.<\/p><p>He was a prolific writer and teacher of great spiritual figures, including the 14th Dalai Lama and Mingyur Rinpoche. Known for his immense wisdom and compassion, he transmitted profound teachings on the nature of mind, bodhichitta and Dzogchen.<\/p><p>After Tibetan exile, he helped preserve the Buddhist tradition in India and Nepal, founding monasteries and overseeing the publication of numerous sacred texts. His legacy lives on through his disciples, inspiring practitioners around the world with his example of devotion, humility and boundless love.<\/p>\t\t\t\t\t\t\t\t<\/div>\n\t\t\t\t<\/div>\n\t\t\t\t\t<\/div>\n\t\t\t\t<\/div>\n\t\t\t\t<\/div>","protected":false},"excerpt":{"rendered":"<p><span style=\"font-weight: 400;\">Fearless Compassion is a masterful guide to cultivating authentic compassion, in which Dilgo Khyentse Rinpoche explains The Seven Points of Mind Training, a teaching transmitted to Tibet by Master Atisha. During his latest visit to the West, Rinpoche shares the essence of Tibetan Buddhism, revealing how to transform every moment of daily life into an opportunity to develop a compassion that transcends mere sentimentality and connects us with the deeper nature of the mind. This commentary, considered by many to be his final legacy, condenses with clarity and direct experience the compassionate path to enlightenment.<\/span><\/p>","protected":false},"featured_media":6330,"comment_status":"open","ping_status":"closed","template":"elementor_theme","meta":[],"product_brand":[],"product_cat":[245,161],"product_tag":[216],"class_list":{"0":"post-3744","1":"product","2":"type-product","3":"status-publish","4":"has-post-thumbnail","6":"product_cat-ediciones-dharma","7":"product_cat-libros","8":"product_tag-dilgo-khyentse-rimpoche","10":"first","11":"instock","12":"taxable","13":"shipping-taxable","14":"purchasable","15":"product-type-simple"},"supplier_id":null,"supplier_sku":"","barcode":null,"atum_controlled":true,"out_stock_date":null,"out_stock_threshold":null,"inheritable":false,"inbound_stock":null,"stock_on_hold":0,"sold_today":0,"sales_last_days":0,"reserved_stock":null,"customer_returns":null,"warehouse_damage":null,"lost_in_post":null,"other_logs":null,"out_stock_days":0,"lost_sales":0,"has_location":false,"update_date":"2026-04-15T02:05:55","atum_locations":[],"atum_stock_status":"instock","restock_status":false,"low_stock_amount":"","sales_update_date":"2026-04-15T02:05:55","calc_backorders":null,"yoast_head":"<!-- This site is optimized with the Yoast SEO plugin v26.9 - https:\/\/yoast.com\/product\/yoast-seo-wordpress\/ -->\n<title>Compasi\u00f3n intr\u00e9pida - C\u00e0ntir<\/title>\n<meta name=\"robots\" content=\"index, follow, max-snippet:-1, max-image-preview:large, max-video-preview:-1\" \/>\n<link rel=\"canonical\" href=\"https:\/\/cantir.art\/en\/product\/compasion-intrepida\/\" \/>\n<meta property=\"og:locale\" content=\"en_GB\" \/>\n<meta property=\"og:type\" content=\"article\" \/>\n<meta property=\"og:title\" content=\"Compasi\u00f3n intr\u00e9pida - C\u00e0ntir\" \/>\n<meta property=\"og:description\" content=\"Compasi\u00f3n Intr\u00e9pida es una gu\u00eda magistral sobre el cultivo de la compasi\u00f3n aut\u00e9ntica, donde Dilgo Khyentse Rimpoch\u00e9 explica Los siete puntos del adiestramiento de la mente, una ense\u00f1anza transmitida al T\u00edbet por el maestro Atisha. Durante su \u00faltima visita a Occidente, Rimpoch\u00e9 comparte la esencia del budismo tibetano, revelando c\u00f3mo transformar cada momento de la vida cotidiana en una oportunidad para desarrollar una compasi\u00f3n que trasciende el mero sentimentalismo y nos conecta con la naturaleza m\u00e1s profunda de la mente. Este comentario, considerado por muchos como su legado final, condensa con claridad y experiencia directa el camino compasivo hacia la iluminaci\u00f3n.\" \/>\n<meta property=\"og:url\" content=\"https:\/\/cantir.art\/en\/product\/compasion-intrepida\/\" \/>\n<meta property=\"og:site_name\" content=\"C\u00e0ntir\" \/>\n<meta property=\"article:modified_time\" content=\"2025-09-26T15:58:21+00:00\" \/>\n<meta property=\"og:image\" content=\"https:\/\/cantir.art\/wp-content\/uploads\/2025\/09\/COMPASION-INTREPIDA-A-scaled-2.jpg\" \/>\n\t<meta property=\"og:image:width\" content=\"1922\" \/>\n\t<meta property=\"og:image:height\" content=\"2560\" \/>\n\t<meta property=\"og:image:type\" content=\"image\/jpeg\" \/>\n<meta name=\"twitter:card\" content=\"summary_large_image\" \/>\n<meta name=\"twitter:label1\" content=\"Estimated reading time\" \/>\n\t<meta name=\"twitter:data1\" content=\"1 minute\" \/>\n<script type=\"application\/ld+json\" class=\"yoast-schema-graph\">{\"@context\":\"https:\/\/schema.org\",\"@graph\":[{\"@type\":\"WebPage\",\"@id\":\"https:\/\/cantir.art\/producto\/compasion-intrepida\/\",\"url\":\"https:\/\/cantir.art\/producto\/compasion-intrepida\/\",\"name\":\"Compasi\u00f3n intr\u00e9pida - C\u00e0ntir\",\"isPartOf\":{\"@id\":\"https:\/\/cantir.art\/#website\"},\"primaryImageOfPage\":{\"@id\":\"https:\/\/cantir.art\/producto\/compasion-intrepida\/#primaryimage\"},\"image\":{\"@id\":\"https:\/\/cantir.art\/producto\/compasion-intrepida\/#primaryimage\"},\"thumbnailUrl\":\"https:\/\/i0.wp.com\/cantir.art\/wp-content\/uploads\/2025\/09\/COMPASION-INTREPIDA-A-scaled-2.jpg?fit=1922%2C2560&ssl=1\",\"datePublished\":\"2025-01-17T11:52:43+00:00\",\"dateModified\":\"2025-09-26T15:58:21+00:00\",\"breadcrumb\":{\"@id\":\"https:\/\/cantir.art\/producto\/compasion-intrepida\/#breadcrumb\"},\"inLanguage\":\"en-GB\",\"potentialAction\":[{\"@type\":\"ReadAction\",\"target\":[\"https:\/\/cantir.art\/producto\/compasion-intrepida\/\"]}]},{\"@type\":\"ImageObject\",\"inLanguage\":\"en-GB\",\"@id\":\"https:\/\/cantir.art\/producto\/compasion-intrepida\/#primaryimage\",\"url\":\"https:\/\/i0.wp.com\/cantir.art\/wp-content\/uploads\/2025\/09\/COMPASION-INTREPIDA-A-scaled-2.jpg?fit=1922%2C2560&ssl=1\",\"contentUrl\":\"https:\/\/i0.wp.com\/cantir.art\/wp-content\/uploads\/2025\/09\/COMPASION-INTREPIDA-A-scaled-2.jpg?fit=1922%2C2560&ssl=1\",\"width\":1922,\"height\":2560},{\"@type\":\"BreadcrumbList\",\"@id\":\"https:\/\/cantir.art\/producto\/compasion-intrepida\/#breadcrumb\",\"itemListElement\":[{\"@type\":\"ListItem\",\"position\":1,\"name\":\"Portada\",\"item\":\"https:\/\/cantir.art\/\"},{\"@type\":\"ListItem\",\"position\":2,\"name\":\"NEW Tienda\",\"item\":\"https:\/\/cantir.art\/en\/new-tienda\/\"},{\"@type\":\"ListItem\",\"position\":3,\"name\":\"Compasi\u00f3n intr\u00e9pida\"}]},{\"@type\":\"WebSite\",\"@id\":\"https:\/\/cantir.art\/#website\",\"url\":\"https:\/\/cantir.art\/\",\"name\":\"C\u00e0ntir\",\"description\":\"Simbolismo budista y est\u00e9tica mediterr\u00e1nea en objetos que conectan pr\u00e1ctica y cotidianidad\",\"publisher\":{\"@id\":\"https:\/\/cantir.art\/#organization\"},\"potentialAction\":[{\"@type\":\"SearchAction\",\"target\":{\"@type\":\"EntryPoint\",\"urlTemplate\":\"https:\/\/cantir.art\/?s={search_term_string}\"},\"query-input\":{\"@type\":\"PropertyValueSpecification\",\"valueRequired\":true,\"valueName\":\"search_term_string\"}}],\"inLanguage\":\"en-GB\"},{\"@type\":\"Organization\",\"@id\":\"https:\/\/cantir.art\/#organization\",\"name\":\"C\u00e0ntir\",\"url\":\"https:\/\/cantir.art\/\",\"logo\":{\"@type\":\"ImageObject\",\"inLanguage\":\"en-GB\",\"@id\":\"https:\/\/cantir.art\/#\/schema\/logo\/image\/\",\"url\":\"https:\/\/i0.wp.com\/cantir.art\/wp-content\/uploads\/2025\/01\/cantir-10.png?fit=2551%2C1060&ssl=1\",\"contentUrl\":\"https:\/\/i0.wp.com\/cantir.art\/wp-content\/uploads\/2025\/01\/cantir-10.png?fit=2551%2C1060&ssl=1\",\"width\":2551,\"height\":1060,\"caption\":\"C\u00e0ntir\"},\"image\":{\"@id\":\"https:\/\/cantir.art\/#\/schema\/logo\/image\/\"}}]}<\/script>\n<!-- \/ Yoast SEO plugin. -->","yoast_head_json":{"title":"Compasi\u00f3n intr\u00e9pida - C\u00e0ntir","robots":{"index":"index","follow":"follow","max-snippet":"max-snippet:-1","max-image-preview":"max-image-preview:large","max-video-preview":"max-video-preview:-1"},"canonical":"https:\/\/cantir.art\/en\/product\/compasion-intrepida\/","og_locale":"en_GB","og_type":"article","og_title":"Compasi\u00f3n intr\u00e9pida - C\u00e0ntir","og_description":"Compasi\u00f3n Intr\u00e9pida es una gu\u00eda magistral sobre el cultivo de la compasi\u00f3n aut\u00e9ntica, donde Dilgo Khyentse Rimpoch\u00e9 explica Los siete puntos del adiestramiento de la mente, una ense\u00f1anza transmitida al T\u00edbet por el maestro Atisha. Durante su \u00faltima visita a Occidente, Rimpoch\u00e9 comparte la esencia del budismo tibetano, revelando c\u00f3mo transformar cada momento de la vida cotidiana en una oportunidad para desarrollar una compasi\u00f3n que trasciende el mero sentimentalismo y nos conecta con la naturaleza m\u00e1s profunda de la mente. Este comentario, considerado por muchos como su legado final, condensa con claridad y experiencia directa el camino compasivo hacia la iluminaci\u00f3n.","og_url":"https:\/\/cantir.art\/en\/product\/compasion-intrepida\/","og_site_name":"C\u00e0ntir","article_modified_time":"2025-09-26T15:58:21+00:00","og_image":[{"width":1922,"height":2560,"url":"https:\/\/cantir.art\/wp-content\/uploads\/2025\/09\/COMPASION-INTREPIDA-A-scaled-2.jpg","type":"image\/jpeg"}],"twitter_card":"summary_large_image","twitter_misc":{"Estimated reading time":"1 minute"},"schema":{"@context":"https:\/\/schema.org","@graph":[{"@type":"WebPage","@id":"https:\/\/cantir.art\/producto\/compasion-intrepida\/","url":"https:\/\/cantir.art\/producto\/compasion-intrepida\/","name":"Compasi\u00f3n intr\u00e9pida - C\u00e0ntir","isPartOf":{"@id":"https:\/\/cantir.art\/#website"},"primaryImageOfPage":{"@id":"https:\/\/cantir.art\/producto\/compasion-intrepida\/#primaryimage"},"image":{"@id":"https:\/\/cantir.art\/producto\/compasion-intrepida\/#primaryimage"},"thumbnailUrl":"https:\/\/i0.wp.com\/cantir.art\/wp-content\/uploads\/2025\/09\/COMPASION-INTREPIDA-A-scaled-2.jpg?fit=1922%2C2560&ssl=1","datePublished":"2025-01-17T11:52:43+00:00","dateModified":"2025-09-26T15:58:21+00:00","breadcrumb":{"@id":"https:\/\/cantir.art\/producto\/compasion-intrepida\/#breadcrumb"},"inLanguage":"en-GB","potentialAction":[{"@type":"ReadAction","target":["https:\/\/cantir.art\/producto\/compasion-intrepida\/"]}]},{"@type":"ImageObject","inLanguage":"en-GB","@id":"https:\/\/cantir.art\/producto\/compasion-intrepida\/#primaryimage","url":"https:\/\/i0.wp.com\/cantir.art\/wp-content\/uploads\/2025\/09\/COMPASION-INTREPIDA-A-scaled-2.jpg?fit=1922%2C2560&ssl=1","contentUrl":"https:\/\/i0.wp.com\/cantir.art\/wp-content\/uploads\/2025\/09\/COMPASION-INTREPIDA-A-scaled-2.jpg?fit=1922%2C2560&ssl=1","width":1922,"height":2560},{"@type":"BreadcrumbList","@id":"https:\/\/cantir.art\/producto\/compasion-intrepida\/#breadcrumb","itemListElement":[{"@type":"ListItem","position":1,"name":"Portada","item":"https:\/\/cantir.art\/"},{"@type":"ListItem","position":2,"name":"NEW Tienda","item":"https:\/\/cantir.art\/en\/new-tienda\/"},{"@type":"ListItem","position":3,"name":"Compasi\u00f3n intr\u00e9pida"}]},{"@type":"WebSite","@id":"https:\/\/cantir.art\/#website","url":"https:\/\/cantir.art\/","name":"C\u00e0ntir","description":"Buddhist symbolism and Mediterranean aesthetics in objects that connect practice with everyday life","publisher":{"@id":"https:\/\/cantir.art\/#organization"},"potentialAction":[{"@type":"SearchAction","target":{"@type":"EntryPoint","urlTemplate":"https:\/\/cantir.art\/?s={search_term_string}"},"query-input":{"@type":"PropertyValueSpecification","valueRequired":true,"valueName":"search_term_string"}}],"inLanguage":"en-GB"},{"@type":"Organization","@id":"https:\/\/cantir.art\/#organization","name":"C\u00e0ntir","url":"https:\/\/cantir.art\/","logo":{"@type":"ImageObject","inLanguage":"en-GB","@id":"https:\/\/cantir.art\/#\/schema\/logo\/image\/","url":"https:\/\/i0.wp.com\/cantir.art\/wp-content\/uploads\/2025\/01\/cantir-10.png?fit=2551%2C1060&ssl=1","contentUrl":"https:\/\/i0.wp.com\/cantir.art\/wp-content\/uploads\/2025\/01\/cantir-10.png?fit=2551%2C1060&ssl=1","width":2551,"height":1060,"caption":"C\u00e0ntir"},"image":{"@id":"https:\/\/cantir.art\/#\/schema\/logo\/image\/"}}]}},"jetpack_sharing_enabled":true,"_links":{"self":[{"href":"https:\/\/cantir.art\/en\/wp-json\/wp\/v2\/product\/3744","targetHints":{"allow":["GET"]}}],"collection":[{"href":"https:\/\/cantir.art\/en\/wp-json\/wp\/v2\/product"}],"about":[{"href":"https:\/\/cantir.art\/en\/wp-json\/wp\/v2\/types\/product"}],"replies":[{"embeddable":true,"href":"https:\/\/cantir.art\/en\/wp-json\/wp\/v2\/comments?post=3744"}],"version-history":[{"count":6,"href":"https:\/\/cantir.art\/en\/wp-json\/wp\/v2\/product\/3744\/revisions"}],"predecessor-version":[{"id":6331,"href":"https:\/\/cantir.art\/en\/wp-json\/wp\/v2\/product\/3744\/revisions\/6331"}],"wp:featuredmedia":[{"embeddable":true,"href":"https:\/\/cantir.art\/en\/wp-json\/wp\/v2\/media\/6330"}],"wp:attachment":[{"href":"https:\/\/cantir.art\/en\/wp-json\/wp\/v2\/media?parent=3744"}],"wp:term":[{"taxonomy":"product_brand","embeddable":true,"href":"https:\/\/cantir.art\/en\/wp-json\/wp\/v2\/product_brand?post=3744"},{"taxonomy":"product_cat","embeddable":true,"href":"https:\/\/cantir.art\/en\/wp-json\/wp\/v2\/product_cat?post=3744"},{"taxonomy":"product_tag","embeddable":true,"href":"https:\/\/cantir.art\/en\/wp-json\/wp\/v2\/product_tag?post=3744"}],"curies":[{"name":"wp","href":"https:\/\/api.w.org\/{rel}","templated":true}]}}