{"id":3779,"date":"2025-01-17T16:28:04","date_gmt":"2025-01-17T15:28:04","guid":{"rendered":"https:\/\/cantir.art\/?post_type=product&#038;p=3779"},"modified":"2026-01-13T13:47:04","modified_gmt":"2026-01-13T12:47:04","slug":"tara-la-energia-femenina-que-libera","status":"publish","type":"product","link":"https:\/\/cantir.art\/en\/product\/tara-la-energia-femenina-que-libera\/","title":{"rendered":"Tara, the feminine energy that liberates"},"content":{"rendered":"<div data-elementor-type=\"wp-post\" data-elementor-id=\"3779\" class=\"elementor elementor-3779\">\n\t\t\t\t<div class=\"elementor-element elementor-element-52048079 e-flex e-con-boxed e-con e-parent\" data-id=\"52048079\" data-element_type=\"container\">\n\t\t\t\t\t<div class=\"e-con-inner\">\n\t\t\t\t<div class=\"elementor-element elementor-element-14ef9cb8 elementor-widget elementor-widget-text-editor\" data-id=\"14ef9cb8\" data-element_type=\"widget\" data-widget_type=\"text-editor.default\">\n\t\t\t\t<div class=\"elementor-widget-container\">\n\t\t\t\t\t\t\t\t\t<p>Lama Yeshe (1935-1984) was a Tibetan Buddhist teacher renowned for his role in spreading Mahayana Buddhism in the West. Ordained at the age of six, he studied under great masters in Tibet before going into exile in India after the Chinese invasion. Founder, together with Lama Zopa Rinpoche, of the Foundation for the Preservation of the Mahayana Tradition (FPMT), Lama Yeshe dedicated his life to making the Dharma accessible to Western students. In his warm, pragmatic and deeply compassionate style, he transmitted teachings on mind, meditation and spiritual development. His legacy lives on through his disciples and writings.<\/p>\t\t\t\t\t\t\t\t<\/div>\n\t\t\t\t<\/div>\n\t\t\t\t\t<\/div>\n\t\t\t\t<\/div>\n\t\t\t\t<\/div>","protected":false},"excerpt":{"rendered":"<p><span style=\"font-weight: 400;\">Lama Yeshe explains how it is possible to develop the true nature of our mind through the practice of Buddhist tantra - a method that transforms our view of ourselves and our surroundings and enables us to become fully awakened, compassionate and clear-headed people. \"Tara is a state of consciousness, a state of realisation. It is the most diligent divine action; in other words, when the quality of Tara is developed, laziness can be eliminated, and much energy can be created and obtained for actual effective action\".\u00a0<\/span><\/p>","protected":false},"featured_media":3952,"comment_status":"open","ping_status":"closed","template":"elementor_theme","meta":[],"product_brand":[],"product_cat":[245,161],"product_tag":[231,257,249],"class_list":{"0":"post-3779","1":"product","2":"type-product","3":"status-publish","4":"has-post-thumbnail","6":"product_cat-ediciones-dharma","7":"product_cat-libros","8":"product_tag-lama-thubten-yeshe","9":"product_tag-principio-femenino","10":"product_tag-tara-verde","12":"first","13":"outofstock","14":"taxable","15":"shipping-taxable","16":"purchasable","17":"product-type-simple"},"supplier_id":null,"supplier_sku":"","barcode":null,"atum_controlled":true,"out_stock_date":"2026-01-13 13:47:04","out_stock_threshold":null,"inheritable":false,"inbound_stock":null,"stock_on_hold":0,"sold_today":0,"sales_last_days":0,"reserved_stock":null,"customer_returns":null,"warehouse_damage":null,"lost_in_post":null,"other_logs":null,"out_stock_days":91,"lost_sales":0,"has_location":false,"update_date":"2026-04-15T02:05:55","atum_locations":[],"atum_stock_status":"outofstock","restock_status":false,"low_stock_amount":"","sales_update_date":"2026-04-15T02:05:55","calc_backorders":null,"yoast_head":"<!-- This site is optimized with the Yoast SEO plugin v26.9 - https:\/\/yoast.com\/product\/yoast-seo-wordpress\/ -->\n<title>Tara, la energ\u00eda femenina que libera - C\u00e0ntir<\/title>\n<meta name=\"robots\" content=\"index, follow, max-snippet:-1, max-image-preview:large, max-video-preview:-1\" \/>\n<link rel=\"canonical\" href=\"https:\/\/cantir.art\/en\/product\/tara-la-energia-femenina-que-libera\/\" \/>\n<meta property=\"og:locale\" content=\"en_GB\" \/>\n<meta property=\"og:type\" content=\"article\" \/>\n<meta property=\"og:title\" content=\"Tara, la energ\u00eda femenina que libera - C\u00e0ntir\" \/>\n<meta property=\"og:description\" content=\"Lama Yeshe expone c\u00f3mo es posible desarrollar la verdadera naturaleza de nuestra mente por medio de la pr\u00e1ctica del tantra budista -un m\u00e9todo que transforma la visi\u00f3n que tenemos de nosotros mismos y de lo que nos rodea y nos permite convertirnos en personas totalmente despiertas, compasivas y l\u00facidas-.El aspecto espec\u00edfico de Tara representa la diligencia de la mente que est\u00e1 libre de todo error, siempre dispuesta a ayudar. &quot;Tara es un estado de consciencia, un estado de realizaci\u00f3n. Es la acci\u00f3n divina m\u00e1s diligente; en otras palabras, cuando se desarrolla la cualidad de Tara se puede eliminar la pereza, y crear y obtener mucha energ\u00eda para actual eficazmente&quot;.\u00a0\" \/>\n<meta property=\"og:url\" content=\"https:\/\/cantir.art\/en\/product\/tara-la-energia-femenina-que-libera\/\" \/>\n<meta property=\"og:site_name\" content=\"C\u00e0ntir\" \/>\n<meta property=\"article:modified_time\" content=\"2026-01-13T12:47:04+00:00\" \/>\n<meta property=\"og:image\" content=\"https:\/\/cantir.art\/wp-content\/uploads\/2025\/01\/TaraLaEnergiaFemeninaQueLibera.webp\" \/>\n\t<meta property=\"og:image:width\" content=\"680\" \/>\n\t<meta property=\"og:image:height\" content=\"920\" \/>\n\t<meta property=\"og:image:type\" content=\"image\/webp\" \/>\n<meta name=\"twitter:card\" content=\"summary_large_image\" \/>\n<meta name=\"twitter:label1\" content=\"Estimated reading time\" \/>\n\t<meta name=\"twitter:data1\" content=\"1 minute\" \/>\n<script type=\"application\/ld+json\" class=\"yoast-schema-graph\">{\"@context\":\"https:\/\/schema.org\",\"@graph\":[{\"@type\":\"WebPage\",\"@id\":\"https:\/\/cantir.art\/producto\/tara-la-energia-femenina-que-libera\/\",\"url\":\"https:\/\/cantir.art\/producto\/tara-la-energia-femenina-que-libera\/\",\"name\":\"Tara, la energ\u00eda femenina que libera - C\u00e0ntir\",\"isPartOf\":{\"@id\":\"https:\/\/cantir.art\/#website\"},\"primaryImageOfPage\":{\"@id\":\"https:\/\/cantir.art\/producto\/tara-la-energia-femenina-que-libera\/#primaryimage\"},\"image\":{\"@id\":\"https:\/\/cantir.art\/producto\/tara-la-energia-femenina-que-libera\/#primaryimage\"},\"thumbnailUrl\":\"https:\/\/i0.wp.com\/cantir.art\/wp-content\/uploads\/2025\/01\/TaraLaEnergiaFemeninaQueLibera.webp?fit=680%2C920&ssl=1\",\"datePublished\":\"2025-01-17T15:28:04+00:00\",\"dateModified\":\"2026-01-13T12:47:04+00:00\",\"breadcrumb\":{\"@id\":\"https:\/\/cantir.art\/producto\/tara-la-energia-femenina-que-libera\/#breadcrumb\"},\"inLanguage\":\"en-GB\",\"potentialAction\":[{\"@type\":\"ReadAction\",\"target\":[\"https:\/\/cantir.art\/producto\/tara-la-energia-femenina-que-libera\/\"]}]},{\"@type\":\"ImageObject\",\"inLanguage\":\"en-GB\",\"@id\":\"https:\/\/cantir.art\/producto\/tara-la-energia-femenina-que-libera\/#primaryimage\",\"url\":\"https:\/\/i0.wp.com\/cantir.art\/wp-content\/uploads\/2025\/01\/TaraLaEnergiaFemeninaQueLibera.webp?fit=680%2C920&ssl=1\",\"contentUrl\":\"https:\/\/i0.wp.com\/cantir.art\/wp-content\/uploads\/2025\/01\/TaraLaEnergiaFemeninaQueLibera.webp?fit=680%2C920&ssl=1\",\"width\":680,\"height\":920},{\"@type\":\"BreadcrumbList\",\"@id\":\"https:\/\/cantir.art\/producto\/tara-la-energia-femenina-que-libera\/#breadcrumb\",\"itemListElement\":[{\"@type\":\"ListItem\",\"position\":1,\"name\":\"Portada\",\"item\":\"https:\/\/cantir.art\/\"},{\"@type\":\"ListItem\",\"position\":2,\"name\":\"NEW Tienda\",\"item\":\"https:\/\/cantir.art\/en\/new-tienda\/\"},{\"@type\":\"ListItem\",\"position\":3,\"name\":\"Tara, la energ\u00eda femenina que libera\"}]},{\"@type\":\"WebSite\",\"@id\":\"https:\/\/cantir.art\/#website\",\"url\":\"https:\/\/cantir.art\/\",\"name\":\"C\u00e0ntir\",\"description\":\"Simbolismo budista y est\u00e9tica mediterr\u00e1nea en objetos que conectan pr\u00e1ctica y cotidianidad\",\"publisher\":{\"@id\":\"https:\/\/cantir.art\/#organization\"},\"potentialAction\":[{\"@type\":\"SearchAction\",\"target\":{\"@type\":\"EntryPoint\",\"urlTemplate\":\"https:\/\/cantir.art\/?s={search_term_string}\"},\"query-input\":{\"@type\":\"PropertyValueSpecification\",\"valueRequired\":true,\"valueName\":\"search_term_string\"}}],\"inLanguage\":\"en-GB\"},{\"@type\":\"Organization\",\"@id\":\"https:\/\/cantir.art\/#organization\",\"name\":\"C\u00e0ntir\",\"url\":\"https:\/\/cantir.art\/\",\"logo\":{\"@type\":\"ImageObject\",\"inLanguage\":\"en-GB\",\"@id\":\"https:\/\/cantir.art\/#\/schema\/logo\/image\/\",\"url\":\"https:\/\/i0.wp.com\/cantir.art\/wp-content\/uploads\/2025\/01\/cantir-10.png?fit=2551%2C1060&ssl=1\",\"contentUrl\":\"https:\/\/i0.wp.com\/cantir.art\/wp-content\/uploads\/2025\/01\/cantir-10.png?fit=2551%2C1060&ssl=1\",\"width\":2551,\"height\":1060,\"caption\":\"C\u00e0ntir\"},\"image\":{\"@id\":\"https:\/\/cantir.art\/#\/schema\/logo\/image\/\"}}]}<\/script>\n<!-- \/ Yoast SEO plugin. -->","yoast_head_json":{"title":"Tara, la energ\u00eda femenina que libera - C\u00e0ntir","robots":{"index":"index","follow":"follow","max-snippet":"max-snippet:-1","max-image-preview":"max-image-preview:large","max-video-preview":"max-video-preview:-1"},"canonical":"https:\/\/cantir.art\/en\/product\/tara-la-energia-femenina-que-libera\/","og_locale":"en_GB","og_type":"article","og_title":"Tara, la energ\u00eda femenina que libera - C\u00e0ntir","og_description":"Lama Yeshe expone c\u00f3mo es posible desarrollar la verdadera naturaleza de nuestra mente por medio de la pr\u00e1ctica del tantra budista -un m\u00e9todo que transforma la visi\u00f3n que tenemos de nosotros mismos y de lo que nos rodea y nos permite convertirnos en personas totalmente despiertas, compasivas y l\u00facidas-.El aspecto espec\u00edfico de Tara representa la diligencia de la mente que est\u00e1 libre de todo error, siempre dispuesta a ayudar. \"Tara es un estado de consciencia, un estado de realizaci\u00f3n. Es la acci\u00f3n divina m\u00e1s diligente; en otras palabras, cuando se desarrolla la cualidad de Tara se puede eliminar la pereza, y crear y obtener mucha energ\u00eda para actual eficazmente\".\u00a0","og_url":"https:\/\/cantir.art\/en\/product\/tara-la-energia-femenina-que-libera\/","og_site_name":"C\u00e0ntir","article_modified_time":"2026-01-13T12:47:04+00:00","og_image":[{"width":680,"height":920,"url":"https:\/\/cantir.art\/wp-content\/uploads\/2025\/01\/TaraLaEnergiaFemeninaQueLibera.webp","type":"image\/webp"}],"twitter_card":"summary_large_image","twitter_misc":{"Estimated reading time":"1 minute"},"schema":{"@context":"https:\/\/schema.org","@graph":[{"@type":"WebPage","@id":"https:\/\/cantir.art\/producto\/tara-la-energia-femenina-que-libera\/","url":"https:\/\/cantir.art\/producto\/tara-la-energia-femenina-que-libera\/","name":"Tara, la energ\u00eda femenina que libera - C\u00e0ntir","isPartOf":{"@id":"https:\/\/cantir.art\/#website"},"primaryImageOfPage":{"@id":"https:\/\/cantir.art\/producto\/tara-la-energia-femenina-que-libera\/#primaryimage"},"image":{"@id":"https:\/\/cantir.art\/producto\/tara-la-energia-femenina-que-libera\/#primaryimage"},"thumbnailUrl":"https:\/\/i0.wp.com\/cantir.art\/wp-content\/uploads\/2025\/01\/TaraLaEnergiaFemeninaQueLibera.webp?fit=680%2C920&ssl=1","datePublished":"2025-01-17T15:28:04+00:00","dateModified":"2026-01-13T12:47:04+00:00","breadcrumb":{"@id":"https:\/\/cantir.art\/producto\/tara-la-energia-femenina-que-libera\/#breadcrumb"},"inLanguage":"en-GB","potentialAction":[{"@type":"ReadAction","target":["https:\/\/cantir.art\/producto\/tara-la-energia-femenina-que-libera\/"]}]},{"@type":"ImageObject","inLanguage":"en-GB","@id":"https:\/\/cantir.art\/producto\/tara-la-energia-femenina-que-libera\/#primaryimage","url":"https:\/\/i0.wp.com\/cantir.art\/wp-content\/uploads\/2025\/01\/TaraLaEnergiaFemeninaQueLibera.webp?fit=680%2C920&ssl=1","contentUrl":"https:\/\/i0.wp.com\/cantir.art\/wp-content\/uploads\/2025\/01\/TaraLaEnergiaFemeninaQueLibera.webp?fit=680%2C920&ssl=1","width":680,"height":920},{"@type":"BreadcrumbList","@id":"https:\/\/cantir.art\/producto\/tara-la-energia-femenina-que-libera\/#breadcrumb","itemListElement":[{"@type":"ListItem","position":1,"name":"Portada","item":"https:\/\/cantir.art\/"},{"@type":"ListItem","position":2,"name":"NEW Tienda","item":"https:\/\/cantir.art\/en\/new-tienda\/"},{"@type":"ListItem","position":3,"name":"Tara, la energ\u00eda femenina que libera"}]},{"@type":"WebSite","@id":"https:\/\/cantir.art\/#website","url":"https:\/\/cantir.art\/","name":"C\u00e0ntir","description":"Buddhist symbolism and Mediterranean aesthetics in objects that connect practice with everyday life","publisher":{"@id":"https:\/\/cantir.art\/#organization"},"potentialAction":[{"@type":"SearchAction","target":{"@type":"EntryPoint","urlTemplate":"https:\/\/cantir.art\/?s={search_term_string}"},"query-input":{"@type":"PropertyValueSpecification","valueRequired":true,"valueName":"search_term_string"}}],"inLanguage":"en-GB"},{"@type":"Organization","@id":"https:\/\/cantir.art\/#organization","name":"C\u00e0ntir","url":"https:\/\/cantir.art\/","logo":{"@type":"ImageObject","inLanguage":"en-GB","@id":"https:\/\/cantir.art\/#\/schema\/logo\/image\/","url":"https:\/\/i0.wp.com\/cantir.art\/wp-content\/uploads\/2025\/01\/cantir-10.png?fit=2551%2C1060&ssl=1","contentUrl":"https:\/\/i0.wp.com\/cantir.art\/wp-content\/uploads\/2025\/01\/cantir-10.png?fit=2551%2C1060&ssl=1","width":2551,"height":1060,"caption":"C\u00e0ntir"},"image":{"@id":"https:\/\/cantir.art\/#\/schema\/logo\/image\/"}}]}},"jetpack_sharing_enabled":true,"_links":{"self":[{"href":"https:\/\/cantir.art\/en\/wp-json\/wp\/v2\/product\/3779","targetHints":{"allow":["GET"]}}],"collection":[{"href":"https:\/\/cantir.art\/en\/wp-json\/wp\/v2\/product"}],"about":[{"href":"https:\/\/cantir.art\/en\/wp-json\/wp\/v2\/types\/product"}],"replies":[{"embeddable":true,"href":"https:\/\/cantir.art\/en\/wp-json\/wp\/v2\/comments?post=3779"}],"version-history":[{"count":6,"href":"https:\/\/cantir.art\/en\/wp-json\/wp\/v2\/product\/3779\/revisions"}],"predecessor-version":[{"id":4316,"href":"https:\/\/cantir.art\/en\/wp-json\/wp\/v2\/product\/3779\/revisions\/4316"}],"wp:featuredmedia":[{"embeddable":true,"href":"https:\/\/cantir.art\/en\/wp-json\/wp\/v2\/media\/3952"}],"wp:attachment":[{"href":"https:\/\/cantir.art\/en\/wp-json\/wp\/v2\/media?parent=3779"}],"wp:term":[{"taxonomy":"product_brand","embeddable":true,"href":"https:\/\/cantir.art\/en\/wp-json\/wp\/v2\/product_brand?post=3779"},{"taxonomy":"product_cat","embeddable":true,"href":"https:\/\/cantir.art\/en\/wp-json\/wp\/v2\/product_cat?post=3779"},{"taxonomy":"product_tag","embeddable":true,"href":"https:\/\/cantir.art\/en\/wp-json\/wp\/v2\/product_tag?post=3779"}],"curies":[{"name":"wp","href":"https:\/\/api.w.org\/{rel}","templated":true}]}}