{"id":3793,"date":"2025-01-17T16:42:39","date_gmt":"2025-01-17T15:42:39","guid":{"rendered":"https:\/\/cantir.art\/?post_type=product&#038;p=3793"},"modified":"2026-01-17T10:44:50","modified_gmt":"2026-01-17T09:44:50","slug":"cuando-todo-se-derrumba","status":"publish","type":"product","link":"https:\/\/cantir.art\/en\/product\/cuando-todo-se-derrumba\/","title":{"rendered":"When it all comes crashing down"},"content":{"rendered":"<div data-elementor-type=\"wp-post\" data-elementor-id=\"3793\" class=\"elementor elementor-3793\">\n\t\t\t\t<div class=\"elementor-element elementor-element-52048079 e-flex e-con-boxed e-con e-parent\" data-id=\"52048079\" data-element_type=\"container\">\n\t\t\t\t\t<div class=\"e-con-inner\">\n\t\t\t\t<div class=\"elementor-element elementor-element-14ef9cb8 elementor-widget elementor-widget-text-editor\" data-id=\"14ef9cb8\" data-element_type=\"widget\" data-widget_type=\"text-editor.default\">\n\t\t\t\t<div class=\"elementor-widget-container\">\n\t\t\t\t\t\t\t\t\t<p>Pema Ch\u00f6dr\u00f6n is a Buddhist nun, author, and teacher internationally recognized for her practical and compassionate approach to Tibetan Buddhism. Her work focuses on teaching how vulnerability and change can be opportunities for personal growth. Ordained in the Vajrayana tradition, Pema has dedicated her life to sharing the message that suffering can be transformed into wisdom and compassion. At Gampo Abbey, where she resides, she offers teachings based on mindfulness and openness to the present moment, helping practitioners of all traditions find strength amidst difficulties.<\/p>\t\t\t\t\t\t\t\t<\/div>\n\t\t\t\t<\/div>\n\t\t\t\t\t<\/div>\n\t\t\t\t<\/div>\n\t\t\t\t<\/div>","protected":false},"excerpt":{"rendered":"<p><span style=\"font-weight: 400;\">In this new edition, with a foreword by Rafael Santandreu, Pema Ch\u00f6dr\u00f6n reveals a profound wisdom: difficulties can be our greatest teachers. As the Chinese script for \"crisis\" suggests\u2014which combines the symbols of challenge and possibility\u2014the moments that shake us can become portals to a more fulfilling life. With a warm and comforting voice, the author shows us how periods of confusion and apparent chaos are actually perfect opportunities to free ourselves from old patterns and expand our consciousness beyond the familiar.<\/span><\/p>","protected":false},"featured_media":6351,"comment_status":"open","ping_status":"closed","template":"elementor_theme","meta":[],"product_brand":[],"product_cat":[266,161],"product_tag":[237],"class_list":{"0":"post-3793","1":"product","2":"type-product","3":"status-publish","4":"has-post-thumbnail","6":"product_cat-gaia-ediciones","7":"product_cat-libros","8":"product_tag-pema-chodron","10":"first","11":"instock","12":"taxable","13":"shipping-taxable","14":"purchasable","15":"product-type-simple"},"supplier_id":null,"supplier_sku":"","barcode":null,"atum_controlled":true,"out_stock_date":null,"out_stock_threshold":null,"inheritable":false,"inbound_stock":null,"stock_on_hold":0,"sold_today":0,"sales_last_days":0,"reserved_stock":null,"customer_returns":null,"warehouse_damage":null,"lost_in_post":null,"other_logs":null,"out_stock_days":0,"lost_sales":0,"has_location":false,"update_date":"2026-04-15T02:05:55","atum_locations":[],"atum_stock_status":"instock","restock_status":false,"low_stock_amount":"","sales_update_date":"2026-04-15T02:05:55","calc_backorders":null,"yoast_head":"<!-- This site is optimized with the Yoast SEO plugin v26.9 - https:\/\/yoast.com\/product\/yoast-seo-wordpress\/ -->\n<title>Cuando todo se derrumba - C\u00e0ntir<\/title>\n<meta name=\"robots\" content=\"index, follow, max-snippet:-1, max-image-preview:large, max-video-preview:-1\" \/>\n<link rel=\"canonical\" href=\"https:\/\/cantir.art\/en\/product\/cuando-todo-se-derrumba\/\" \/>\n<meta property=\"og:locale\" content=\"en_GB\" \/>\n<meta property=\"og:type\" content=\"article\" \/>\n<meta property=\"og:title\" content=\"Cuando todo se derrumba - C\u00e0ntir\" \/>\n<meta property=\"og:description\" content=\"En esta nueva edici\u00f3n, prologada por Rafael Santandreu, Pema Ch\u00f6dr\u00f6n nos revela una profunda sabidur\u00eda: las dificultades pueden ser nuestras mayores maestras. Como sugiere la escritura china para &quot;crisis&quot; -que combina los s\u00edmbolos de desaf\u00edo y posibilidad- los momentos que nos sacuden pueden convertirse en portales hacia una vida m\u00e1s plena. Con una voz cercana y reconfortante, la autora nos muestra c\u00f3mo las etapas de confusi\u00f3n y aparente caos son en realidad oportunidades perfectas para liberarnos de viejos patrones y expandir nuestra consciencia m\u00e1s all\u00e1 de lo conocido.\" \/>\n<meta property=\"og:url\" content=\"https:\/\/cantir.art\/en\/product\/cuando-todo-se-derrumba\/\" \/>\n<meta property=\"og:site_name\" content=\"C\u00e0ntir\" \/>\n<meta property=\"article:modified_time\" content=\"2026-01-17T09:44:50+00:00\" \/>\n<meta property=\"og:image\" content=\"https:\/\/cantir.art\/wp-content\/uploads\/2025\/09\/CUANDO-TODO-SE-DERRUMBA-C-scaled-2.jpg\" \/>\n\t<meta property=\"og:image:width\" content=\"1922\" \/>\n\t<meta property=\"og:image:height\" content=\"2560\" \/>\n\t<meta property=\"og:image:type\" content=\"image\/jpeg\" \/>\n<meta name=\"twitter:card\" content=\"summary_large_image\" \/>\n<meta name=\"twitter:label1\" content=\"Estimated reading time\" \/>\n\t<meta name=\"twitter:data1\" content=\"1 minute\" \/>\n<script type=\"application\/ld+json\" class=\"yoast-schema-graph\">{\"@context\":\"https:\/\/schema.org\",\"@graph\":[{\"@type\":\"WebPage\",\"@id\":\"https:\/\/cantir.art\/producto\/cuando-todo-se-derrumba\/\",\"url\":\"https:\/\/cantir.art\/producto\/cuando-todo-se-derrumba\/\",\"name\":\"Cuando todo se derrumba - C\u00e0ntir\",\"isPartOf\":{\"@id\":\"https:\/\/cantir.art\/#website\"},\"primaryImageOfPage\":{\"@id\":\"https:\/\/cantir.art\/producto\/cuando-todo-se-derrumba\/#primaryimage\"},\"image\":{\"@id\":\"https:\/\/cantir.art\/producto\/cuando-todo-se-derrumba\/#primaryimage\"},\"thumbnailUrl\":\"https:\/\/i0.wp.com\/cantir.art\/wp-content\/uploads\/2025\/09\/CUANDO-TODO-SE-DERRUMBA-C-scaled-2.jpg?fit=1922%2C2560&ssl=1\",\"datePublished\":\"2025-01-17T15:42:39+00:00\",\"dateModified\":\"2026-01-17T09:44:50+00:00\",\"breadcrumb\":{\"@id\":\"https:\/\/cantir.art\/producto\/cuando-todo-se-derrumba\/#breadcrumb\"},\"inLanguage\":\"en-GB\",\"potentialAction\":[{\"@type\":\"ReadAction\",\"target\":[\"https:\/\/cantir.art\/producto\/cuando-todo-se-derrumba\/\"]}]},{\"@type\":\"ImageObject\",\"inLanguage\":\"en-GB\",\"@id\":\"https:\/\/cantir.art\/producto\/cuando-todo-se-derrumba\/#primaryimage\",\"url\":\"https:\/\/i0.wp.com\/cantir.art\/wp-content\/uploads\/2025\/09\/CUANDO-TODO-SE-DERRUMBA-C-scaled-2.jpg?fit=1922%2C2560&ssl=1\",\"contentUrl\":\"https:\/\/i0.wp.com\/cantir.art\/wp-content\/uploads\/2025\/09\/CUANDO-TODO-SE-DERRUMBA-C-scaled-2.jpg?fit=1922%2C2560&ssl=1\",\"width\":1922,\"height\":2560},{\"@type\":\"BreadcrumbList\",\"@id\":\"https:\/\/cantir.art\/producto\/cuando-todo-se-derrumba\/#breadcrumb\",\"itemListElement\":[{\"@type\":\"ListItem\",\"position\":1,\"name\":\"Portada\",\"item\":\"https:\/\/cantir.art\/\"},{\"@type\":\"ListItem\",\"position\":2,\"name\":\"NEW Tienda\",\"item\":\"https:\/\/cantir.art\/en\/new-tienda\/\"},{\"@type\":\"ListItem\",\"position\":3,\"name\":\"Cuando todo se derrumba\"}]},{\"@type\":\"WebSite\",\"@id\":\"https:\/\/cantir.art\/#website\",\"url\":\"https:\/\/cantir.art\/\",\"name\":\"C\u00e0ntir\",\"description\":\"Simbolismo budista y est\u00e9tica mediterr\u00e1nea en objetos que conectan pr\u00e1ctica y cotidianidad\",\"publisher\":{\"@id\":\"https:\/\/cantir.art\/#organization\"},\"potentialAction\":[{\"@type\":\"SearchAction\",\"target\":{\"@type\":\"EntryPoint\",\"urlTemplate\":\"https:\/\/cantir.art\/?s={search_term_string}\"},\"query-input\":{\"@type\":\"PropertyValueSpecification\",\"valueRequired\":true,\"valueName\":\"search_term_string\"}}],\"inLanguage\":\"en-GB\"},{\"@type\":\"Organization\",\"@id\":\"https:\/\/cantir.art\/#organization\",\"name\":\"C\u00e0ntir\",\"url\":\"https:\/\/cantir.art\/\",\"logo\":{\"@type\":\"ImageObject\",\"inLanguage\":\"en-GB\",\"@id\":\"https:\/\/cantir.art\/#\/schema\/logo\/image\/\",\"url\":\"https:\/\/i0.wp.com\/cantir.art\/wp-content\/uploads\/2025\/01\/cantir-10.png?fit=2551%2C1060&ssl=1\",\"contentUrl\":\"https:\/\/i0.wp.com\/cantir.art\/wp-content\/uploads\/2025\/01\/cantir-10.png?fit=2551%2C1060&ssl=1\",\"width\":2551,\"height\":1060,\"caption\":\"C\u00e0ntir\"},\"image\":{\"@id\":\"https:\/\/cantir.art\/#\/schema\/logo\/image\/\"}}]}<\/script>\n<!-- \/ Yoast SEO plugin. -->","yoast_head_json":{"title":"Cuando todo se derrumba - C\u00e0ntir","robots":{"index":"index","follow":"follow","max-snippet":"max-snippet:-1","max-image-preview":"max-image-preview:large","max-video-preview":"max-video-preview:-1"},"canonical":"https:\/\/cantir.art\/en\/product\/cuando-todo-se-derrumba\/","og_locale":"en_GB","og_type":"article","og_title":"Cuando todo se derrumba - C\u00e0ntir","og_description":"En esta nueva edici\u00f3n, prologada por Rafael Santandreu, Pema Ch\u00f6dr\u00f6n nos revela una profunda sabidur\u00eda: las dificultades pueden ser nuestras mayores maestras. Como sugiere la escritura china para \"crisis\" -que combina los s\u00edmbolos de desaf\u00edo y posibilidad- los momentos que nos sacuden pueden convertirse en portales hacia una vida m\u00e1s plena. Con una voz cercana y reconfortante, la autora nos muestra c\u00f3mo las etapas de confusi\u00f3n y aparente caos son en realidad oportunidades perfectas para liberarnos de viejos patrones y expandir nuestra consciencia m\u00e1s all\u00e1 de lo conocido.","og_url":"https:\/\/cantir.art\/en\/product\/cuando-todo-se-derrumba\/","og_site_name":"C\u00e0ntir","article_modified_time":"2026-01-17T09:44:50+00:00","og_image":[{"width":1922,"height":2560,"url":"https:\/\/cantir.art\/wp-content\/uploads\/2025\/09\/CUANDO-TODO-SE-DERRUMBA-C-scaled-2.jpg","type":"image\/jpeg"}],"twitter_card":"summary_large_image","twitter_misc":{"Estimated reading time":"1 minute"},"schema":{"@context":"https:\/\/schema.org","@graph":[{"@type":"WebPage","@id":"https:\/\/cantir.art\/producto\/cuando-todo-se-derrumba\/","url":"https:\/\/cantir.art\/producto\/cuando-todo-se-derrumba\/","name":"Cuando todo se derrumba - C\u00e0ntir","isPartOf":{"@id":"https:\/\/cantir.art\/#website"},"primaryImageOfPage":{"@id":"https:\/\/cantir.art\/producto\/cuando-todo-se-derrumba\/#primaryimage"},"image":{"@id":"https:\/\/cantir.art\/producto\/cuando-todo-se-derrumba\/#primaryimage"},"thumbnailUrl":"https:\/\/i0.wp.com\/cantir.art\/wp-content\/uploads\/2025\/09\/CUANDO-TODO-SE-DERRUMBA-C-scaled-2.jpg?fit=1922%2C2560&ssl=1","datePublished":"2025-01-17T15:42:39+00:00","dateModified":"2026-01-17T09:44:50+00:00","breadcrumb":{"@id":"https:\/\/cantir.art\/producto\/cuando-todo-se-derrumba\/#breadcrumb"},"inLanguage":"en-GB","potentialAction":[{"@type":"ReadAction","target":["https:\/\/cantir.art\/producto\/cuando-todo-se-derrumba\/"]}]},{"@type":"ImageObject","inLanguage":"en-GB","@id":"https:\/\/cantir.art\/producto\/cuando-todo-se-derrumba\/#primaryimage","url":"https:\/\/i0.wp.com\/cantir.art\/wp-content\/uploads\/2025\/09\/CUANDO-TODO-SE-DERRUMBA-C-scaled-2.jpg?fit=1922%2C2560&ssl=1","contentUrl":"https:\/\/i0.wp.com\/cantir.art\/wp-content\/uploads\/2025\/09\/CUANDO-TODO-SE-DERRUMBA-C-scaled-2.jpg?fit=1922%2C2560&ssl=1","width":1922,"height":2560},{"@type":"BreadcrumbList","@id":"https:\/\/cantir.art\/producto\/cuando-todo-se-derrumba\/#breadcrumb","itemListElement":[{"@type":"ListItem","position":1,"name":"Portada","item":"https:\/\/cantir.art\/"},{"@type":"ListItem","position":2,"name":"NEW Tienda","item":"https:\/\/cantir.art\/en\/new-tienda\/"},{"@type":"ListItem","position":3,"name":"Cuando todo se derrumba"}]},{"@type":"WebSite","@id":"https:\/\/cantir.art\/#website","url":"https:\/\/cantir.art\/","name":"C\u00e0ntir","description":"Buddhist symbolism and Mediterranean aesthetics in objects that connect practice with everyday life","publisher":{"@id":"https:\/\/cantir.art\/#organization"},"potentialAction":[{"@type":"SearchAction","target":{"@type":"EntryPoint","urlTemplate":"https:\/\/cantir.art\/?s={search_term_string}"},"query-input":{"@type":"PropertyValueSpecification","valueRequired":true,"valueName":"search_term_string"}}],"inLanguage":"en-GB"},{"@type":"Organization","@id":"https:\/\/cantir.art\/#organization","name":"C\u00e0ntir","url":"https:\/\/cantir.art\/","logo":{"@type":"ImageObject","inLanguage":"en-GB","@id":"https:\/\/cantir.art\/#\/schema\/logo\/image\/","url":"https:\/\/i0.wp.com\/cantir.art\/wp-content\/uploads\/2025\/01\/cantir-10.png?fit=2551%2C1060&ssl=1","contentUrl":"https:\/\/i0.wp.com\/cantir.art\/wp-content\/uploads\/2025\/01\/cantir-10.png?fit=2551%2C1060&ssl=1","width":2551,"height":1060,"caption":"C\u00e0ntir"},"image":{"@id":"https:\/\/cantir.art\/#\/schema\/logo\/image\/"}}]}},"jetpack_sharing_enabled":true,"_links":{"self":[{"href":"https:\/\/cantir.art\/en\/wp-json\/wp\/v2\/product\/3793","targetHints":{"allow":["GET"]}}],"collection":[{"href":"https:\/\/cantir.art\/en\/wp-json\/wp\/v2\/product"}],"about":[{"href":"https:\/\/cantir.art\/en\/wp-json\/wp\/v2\/types\/product"}],"replies":[{"embeddable":true,"href":"https:\/\/cantir.art\/en\/wp-json\/wp\/v2\/comments?post=3793"}],"version-history":[{"count":6,"href":"https:\/\/cantir.art\/en\/wp-json\/wp\/v2\/product\/3793\/revisions"}],"predecessor-version":[{"id":5903,"href":"https:\/\/cantir.art\/en\/wp-json\/wp\/v2\/product\/3793\/revisions\/5903"}],"wp:featuredmedia":[{"embeddable":true,"href":"https:\/\/cantir.art\/en\/wp-json\/wp\/v2\/media\/6351"}],"wp:attachment":[{"href":"https:\/\/cantir.art\/en\/wp-json\/wp\/v2\/media?parent=3793"}],"wp:term":[{"taxonomy":"product_brand","embeddable":true,"href":"https:\/\/cantir.art\/en\/wp-json\/wp\/v2\/product_brand?post=3793"},{"taxonomy":"product_cat","embeddable":true,"href":"https:\/\/cantir.art\/en\/wp-json\/wp\/v2\/product_cat?post=3793"},{"taxonomy":"product_tag","embeddable":true,"href":"https:\/\/cantir.art\/en\/wp-json\/wp\/v2\/product_tag?post=3793"}],"curies":[{"name":"wp","href":"https:\/\/api.w.org\/{rel}","templated":true}]}}