{"id":4008,"date":"2025-01-19T14:03:39","date_gmt":"2025-01-19T13:03:39","guid":{"rendered":"https:\/\/cantir.art\/?post_type=product&#038;p=4008"},"modified":"2025-10-28T11:14:04","modified_gmt":"2025-10-28T10:14:04","slug":"estatua-pequena-buda","status":"publish","type":"product","link":"https:\/\/cantir.art\/en\/product\/estatua-pequena-buda\/","title":{"rendered":"Golden Buddha statue"},"content":{"rendered":"<div data-elementor-type=\"wp-post\" data-elementor-id=\"4008\" class=\"elementor elementor-4008\">\n\t\t\t\t<div class=\"elementor-element elementor-element-52048079 e-flex e-con-boxed e-con e-parent\" data-id=\"52048079\" data-element_type=\"container\">\n\t\t\t\t\t<div class=\"e-con-inner\">\n\t\t\t\t<div class=\"elementor-element elementor-element-14ef9cb8 elementor-widget elementor-widget-text-editor\" data-id=\"14ef9cb8\" data-element_type=\"widget\" data-widget_type=\"text-editor.default\">\n\t\t\t\t<div class=\"elementor-widget-container\">\n\t\t\t\t\t\t\t\t\t<h4>Small Buddha statue: a symbol of renunciation and simplicity<\/h4><p>This small Buddha statue depicts the historical Buddha in his wandering monk aspect, holding the offering bowl in his hands. This image evokes his life of renunciation and detachment, reminding us of the importance of simplicity and acceptance on the spiritual path. The bowl symbolizes the practice of begging that the Buddha undertook after his awakening, accepting only what was necessary to sustain his life and devoting himself entirely to the teaching of the Dharma.<\/p><p>Standing 13cm tall, this small Buddha statue has been handcrafted in Nepal using traditional techniques. Its detailed design and deep symbolism make it a special piece for both meditation and as a decoration for any practice space.<\/p><h4>C\u00c0NTIR: Buddhist objects with meaning for everyday life<\/h4><p>At C\u00c0NTIR we are dedicated to offering pieces that connect spiritual practice with everyday life. Our selection of statues, ritual objects and Buddhist books combine authenticity, symbolism and aesthetics, creating a bridge between tradition and the contemporary world.<\/p><p>If you are looking for a small Buddha statue for your meditation space or as a reminder of the Dharma teachings, we invite you to discover our complete collection. You can explore all of our statues <a href=\"https:\/\/cantir.art\/en\/product-category\/statues\/\">here<\/a>.<\/p>\t\t\t\t\t\t\t\t<\/div>\n\t\t\t\t<\/div>\n\t\t\t\t\t<\/div>\n\t\t\t\t<\/div>\n\t\t\t\t<\/div>","protected":false},"excerpt":{"rendered":"<p><span style=\"font-weight: 400;\">Statue of the historical Buddha in the form of a mendicant monk, holding the offering bowl. This representation reminds us of the Buddha's practice of begging, symbolizing renunciation and the simplicity of the path.<\/span><\/p>","protected":false},"featured_media":6373,"comment_status":"open","ping_status":"closed","template":"elementor_theme","meta":[],"product_brand":[],"product_cat":[138,158],"product_tag":[247,246],"class_list":{"0":"post-4008","1":"product","2":"type-product","3":"status-publish","4":"has-post-thumbnail","6":"product_cat-estatuas","7":"product_cat-pequenas","8":"product_tag-buda","9":"product_tag-estatua","11":"first","12":"outofstock","13":"taxable","14":"shipping-taxable","15":"purchasable","16":"product-type-simple"},"supplier_id":null,"supplier_sku":"","barcode":null,"atum_controlled":true,"out_stock_date":"2025-10-28 11:14:04","out_stock_threshold":null,"inheritable":false,"inbound_stock":null,"stock_on_hold":0,"sold_today":0,"sales_last_days":0,"reserved_stock":null,"customer_returns":null,"warehouse_damage":null,"lost_in_post":null,"other_logs":null,"out_stock_days":189,"lost_sales":0,"has_location":false,"update_date":"2026-05-06T02:21:56","atum_locations":[],"atum_stock_status":"outofstock","restock_status":false,"low_stock_amount":"","sales_update_date":"2026-05-06T02:21:56","calc_backorders":null,"yoast_head":"<!-- This site is optimized with the Yoast SEO plugin v26.9 - https:\/\/yoast.com\/product\/yoast-seo-wordpress\/ -->\n<title>Estatua peque\u00f1a de Buda | C\u00c0NTIR \ud83d\udcff<\/title>\n<meta name=\"description\" content=\"Estatua peque\u00f1a de Buda. Visita el cat\u00e1logo de C\u00c0NTIR y descubre diferentes estatuas budistas y otros art\u00edculos para la pr\u00e1ctica de meditaci\u00f3n.\" \/>\n<meta name=\"robots\" content=\"index, follow, max-snippet:-1, max-image-preview:large, max-video-preview:-1\" \/>\n<link rel=\"canonical\" href=\"https:\/\/cantir.art\/en\/?product=estatua-pequena-buda\" \/>\n<meta property=\"og:locale\" content=\"en_GB\" \/>\n<meta property=\"og:type\" content=\"article\" \/>\n<meta property=\"og:title\" content=\"Estatua peque\u00f1a de Buda | C\u00c0NTIR \ud83d\udcff\" \/>\n<meta property=\"og:description\" content=\"Estatua peque\u00f1a de Buda. Visita el cat\u00e1logo de C\u00c0NTIR y descubre diferentes estatuas budistas y otros art\u00edculos para la pr\u00e1ctica de meditaci\u00f3n.\" \/>\n<meta property=\"og:url\" content=\"https:\/\/cantir.art\/en\/?product=estatua-pequena-buda\" \/>\n<meta property=\"og:site_name\" content=\"C\u00e0ntir\" \/>\n<meta property=\"article:modified_time\" content=\"2025-10-28T10:14:04+00:00\" \/>\n<meta property=\"og:image\" content=\"https:\/\/cantir.art\/wp-content\/uploads\/2025\/09\/BUDA-DORADO-B-scaled-2.jpg\" \/>\n\t<meta property=\"og:image:width\" content=\"1870\" \/>\n\t<meta property=\"og:image:height\" content=\"2560\" \/>\n\t<meta property=\"og:image:type\" content=\"image\/jpeg\" \/>\n<meta name=\"twitter:card\" content=\"summary_large_image\" \/>\n<meta name=\"twitter:label1\" content=\"Estimated reading time\" \/>\n\t<meta name=\"twitter:data1\" content=\"2 minutes\" \/>\n<script type=\"application\/ld+json\" class=\"yoast-schema-graph\">{\"@context\":\"https:\/\/schema.org\",\"@graph\":[{\"@type\":\"WebPage\",\"@id\":\"https:\/\/cantir.art\/?product=estatua-pequena-buda\",\"url\":\"https:\/\/cantir.art\/?product=estatua-pequena-buda\",\"name\":\"Estatua peque\u00f1a de Buda | C\u00c0NTIR \ud83d\udcff\",\"isPartOf\":{\"@id\":\"https:\/\/cantir.art\/#website\"},\"primaryImageOfPage\":{\"@id\":\"https:\/\/cantir.art\/?product=estatua-pequena-buda#primaryimage\"},\"image\":{\"@id\":\"https:\/\/cantir.art\/?product=estatua-pequena-buda#primaryimage\"},\"thumbnailUrl\":\"https:\/\/i0.wp.com\/cantir.art\/wp-content\/uploads\/2025\/09\/BUDA-DORADO-B-scaled-2.jpg?fit=1870%2C2560&ssl=1\",\"datePublished\":\"2025-01-19T13:03:39+00:00\",\"dateModified\":\"2025-10-28T10:14:04+00:00\",\"description\":\"Estatua peque\u00f1a de Buda. Visita el cat\u00e1logo de C\u00c0NTIR y descubre diferentes estatuas budistas y otros art\u00edculos para la pr\u00e1ctica de meditaci\u00f3n.\",\"breadcrumb\":{\"@id\":\"https:\/\/cantir.art\/?product=estatua-pequena-buda#breadcrumb\"},\"inLanguage\":\"en-GB\",\"potentialAction\":[{\"@type\":\"ReadAction\",\"target\":[\"https:\/\/cantir.art\/?product=estatua-pequena-buda\"]}]},{\"@type\":\"ImageObject\",\"inLanguage\":\"en-GB\",\"@id\":\"https:\/\/cantir.art\/?product=estatua-pequena-buda#primaryimage\",\"url\":\"https:\/\/i0.wp.com\/cantir.art\/wp-content\/uploads\/2025\/09\/BUDA-DORADO-B-scaled-2.jpg?fit=1870%2C2560&ssl=1\",\"contentUrl\":\"https:\/\/i0.wp.com\/cantir.art\/wp-content\/uploads\/2025\/09\/BUDA-DORADO-B-scaled-2.jpg?fit=1870%2C2560&ssl=1\",\"width\":1870,\"height\":2560},{\"@type\":\"BreadcrumbList\",\"@id\":\"https:\/\/cantir.art\/?product=estatua-pequena-buda#breadcrumb\",\"itemListElement\":[{\"@type\":\"ListItem\",\"position\":1,\"name\":\"Portada\",\"item\":\"https:\/\/cantir.art\/\"},{\"@type\":\"ListItem\",\"position\":2,\"name\":\"NEW Tienda\",\"item\":\"https:\/\/cantir.art\/en\/new-tienda\/\"},{\"@type\":\"ListItem\",\"position\":3,\"name\":\"Estatua de Buda dorada\"}]},{\"@type\":\"WebSite\",\"@id\":\"https:\/\/cantir.art\/#website\",\"url\":\"https:\/\/cantir.art\/\",\"name\":\"C\u00e0ntir\",\"description\":\"Simbolismo budista y est\u00e9tica mediterr\u00e1nea en objetos que conectan pr\u00e1ctica y cotidianidad\",\"publisher\":{\"@id\":\"https:\/\/cantir.art\/#organization\"},\"potentialAction\":[{\"@type\":\"SearchAction\",\"target\":{\"@type\":\"EntryPoint\",\"urlTemplate\":\"https:\/\/cantir.art\/?s={search_term_string}\"},\"query-input\":{\"@type\":\"PropertyValueSpecification\",\"valueRequired\":true,\"valueName\":\"search_term_string\"}}],\"inLanguage\":\"en-GB\"},{\"@type\":\"Organization\",\"@id\":\"https:\/\/cantir.art\/#organization\",\"name\":\"C\u00e0ntir\",\"url\":\"https:\/\/cantir.art\/\",\"logo\":{\"@type\":\"ImageObject\",\"inLanguage\":\"en-GB\",\"@id\":\"https:\/\/cantir.art\/#\/schema\/logo\/image\/\",\"url\":\"https:\/\/i0.wp.com\/cantir.art\/wp-content\/uploads\/2025\/01\/cantir-10.png?fit=2551%2C1060&ssl=1\",\"contentUrl\":\"https:\/\/i0.wp.com\/cantir.art\/wp-content\/uploads\/2025\/01\/cantir-10.png?fit=2551%2C1060&ssl=1\",\"width\":2551,\"height\":1060,\"caption\":\"C\u00e0ntir\"},\"image\":{\"@id\":\"https:\/\/cantir.art\/#\/schema\/logo\/image\/\"}}]}<\/script>\n<!-- \/ Yoast SEO plugin. -->","yoast_head_json":{"title":"Estatua peque\u00f1a de Buda | C\u00c0NTIR \ud83d\udcff","description":"Estatua peque\u00f1a de Buda. Visita el cat\u00e1logo de C\u00c0NTIR y descubre diferentes estatuas budistas y otros art\u00edculos para la pr\u00e1ctica de meditaci\u00f3n.","robots":{"index":"index","follow":"follow","max-snippet":"max-snippet:-1","max-image-preview":"max-image-preview:large","max-video-preview":"max-video-preview:-1"},"canonical":"https:\/\/cantir.art\/en\/?product=estatua-pequena-buda","og_locale":"en_GB","og_type":"article","og_title":"Estatua peque\u00f1a de Buda | C\u00c0NTIR \ud83d\udcff","og_description":"Estatua peque\u00f1a de Buda. Visita el cat\u00e1logo de C\u00c0NTIR y descubre diferentes estatuas budistas y otros art\u00edculos para la pr\u00e1ctica de meditaci\u00f3n.","og_url":"https:\/\/cantir.art\/en\/?product=estatua-pequena-buda","og_site_name":"C\u00e0ntir","article_modified_time":"2025-10-28T10:14:04+00:00","og_image":[{"width":1870,"height":2560,"url":"https:\/\/cantir.art\/wp-content\/uploads\/2025\/09\/BUDA-DORADO-B-scaled-2.jpg","type":"image\/jpeg"}],"twitter_card":"summary_large_image","twitter_misc":{"Estimated reading time":"2 minutes"},"schema":{"@context":"https:\/\/schema.org","@graph":[{"@type":"WebPage","@id":"https:\/\/cantir.art\/?product=estatua-pequena-buda","url":"https:\/\/cantir.art\/?product=estatua-pequena-buda","name":"Estatua peque\u00f1a de Buda | C\u00c0NTIR \ud83d\udcff","isPartOf":{"@id":"https:\/\/cantir.art\/#website"},"primaryImageOfPage":{"@id":"https:\/\/cantir.art\/?product=estatua-pequena-buda#primaryimage"},"image":{"@id":"https:\/\/cantir.art\/?product=estatua-pequena-buda#primaryimage"},"thumbnailUrl":"https:\/\/i0.wp.com\/cantir.art\/wp-content\/uploads\/2025\/09\/BUDA-DORADO-B-scaled-2.jpg?fit=1870%2C2560&ssl=1","datePublished":"2025-01-19T13:03:39+00:00","dateModified":"2025-10-28T10:14:04+00:00","description":"Estatua peque\u00f1a de Buda. Visita el cat\u00e1logo de C\u00c0NTIR y descubre diferentes estatuas budistas y otros art\u00edculos para la pr\u00e1ctica de meditaci\u00f3n.","breadcrumb":{"@id":"https:\/\/cantir.art\/?product=estatua-pequena-buda#breadcrumb"},"inLanguage":"en-GB","potentialAction":[{"@type":"ReadAction","target":["https:\/\/cantir.art\/?product=estatua-pequena-buda"]}]},{"@type":"ImageObject","inLanguage":"en-GB","@id":"https:\/\/cantir.art\/?product=estatua-pequena-buda#primaryimage","url":"https:\/\/i0.wp.com\/cantir.art\/wp-content\/uploads\/2025\/09\/BUDA-DORADO-B-scaled-2.jpg?fit=1870%2C2560&ssl=1","contentUrl":"https:\/\/i0.wp.com\/cantir.art\/wp-content\/uploads\/2025\/09\/BUDA-DORADO-B-scaled-2.jpg?fit=1870%2C2560&ssl=1","width":1870,"height":2560},{"@type":"BreadcrumbList","@id":"https:\/\/cantir.art\/?product=estatua-pequena-buda#breadcrumb","itemListElement":[{"@type":"ListItem","position":1,"name":"Portada","item":"https:\/\/cantir.art\/"},{"@type":"ListItem","position":2,"name":"NEW Tienda","item":"https:\/\/cantir.art\/en\/new-tienda\/"},{"@type":"ListItem","position":3,"name":"Estatua de Buda dorada"}]},{"@type":"WebSite","@id":"https:\/\/cantir.art\/#website","url":"https:\/\/cantir.art\/","name":"C\u00e0ntir","description":"Buddhist symbolism and Mediterranean aesthetics in objects that connect practice with everyday life","publisher":{"@id":"https:\/\/cantir.art\/#organization"},"potentialAction":[{"@type":"SearchAction","target":{"@type":"EntryPoint","urlTemplate":"https:\/\/cantir.art\/?s={search_term_string}"},"query-input":{"@type":"PropertyValueSpecification","valueRequired":true,"valueName":"search_term_string"}}],"inLanguage":"en-GB"},{"@type":"Organization","@id":"https:\/\/cantir.art\/#organization","name":"C\u00e0ntir","url":"https:\/\/cantir.art\/","logo":{"@type":"ImageObject","inLanguage":"en-GB","@id":"https:\/\/cantir.art\/#\/schema\/logo\/image\/","url":"https:\/\/i0.wp.com\/cantir.art\/wp-content\/uploads\/2025\/01\/cantir-10.png?fit=2551%2C1060&ssl=1","contentUrl":"https:\/\/i0.wp.com\/cantir.art\/wp-content\/uploads\/2025\/01\/cantir-10.png?fit=2551%2C1060&ssl=1","width":2551,"height":1060,"caption":"C\u00e0ntir"},"image":{"@id":"https:\/\/cantir.art\/#\/schema\/logo\/image\/"}}]}},"jetpack_sharing_enabled":true,"_links":{"self":[{"href":"https:\/\/cantir.art\/en\/wp-json\/wp\/v2\/product\/4008","targetHints":{"allow":["GET"]}}],"collection":[{"href":"https:\/\/cantir.art\/en\/wp-json\/wp\/v2\/product"}],"about":[{"href":"https:\/\/cantir.art\/en\/wp-json\/wp\/v2\/types\/product"}],"replies":[{"embeddable":true,"href":"https:\/\/cantir.art\/en\/wp-json\/wp\/v2\/comments?post=4008"}],"version-history":[{"count":11,"href":"https:\/\/cantir.art\/en\/wp-json\/wp\/v2\/product\/4008\/revisions"}],"predecessor-version":[{"id":7055,"href":"https:\/\/cantir.art\/en\/wp-json\/wp\/v2\/product\/4008\/revisions\/7055"}],"wp:featuredmedia":[{"embeddable":true,"href":"https:\/\/cantir.art\/en\/wp-json\/wp\/v2\/media\/6373"}],"wp:attachment":[{"href":"https:\/\/cantir.art\/en\/wp-json\/wp\/v2\/media?parent=4008"}],"wp:term":[{"taxonomy":"product_brand","embeddable":true,"href":"https:\/\/cantir.art\/en\/wp-json\/wp\/v2\/product_brand?post=4008"},{"taxonomy":"product_cat","embeddable":true,"href":"https:\/\/cantir.art\/en\/wp-json\/wp\/v2\/product_cat?post=4008"},{"taxonomy":"product_tag","embeddable":true,"href":"https:\/\/cantir.art\/en\/wp-json\/wp\/v2\/product_tag?post=4008"}],"curies":[{"name":"wp","href":"https:\/\/api.w.org\/{rel}","templated":true}]}}