{"id":4212,"date":"2025-01-25T10:21:16","date_gmt":"2025-01-25T09:21:16","guid":{"rendered":"https:\/\/cantir.art\/?post_type=product&#038;p=4212"},"modified":"2025-09-26T08:42:37","modified_gmt":"2025-09-26T06:42:37","slug":"poster-dilgo-khyentse-rinpoche-ingles","status":"publish","type":"product","link":"https:\/\/cantir.art\/en\/product\/poster-dilgo-khyentse-rinpoche-ingles\/","title":{"rendered":"Poster Dilgo Khyentse Rinpoche (English version)"},"content":{"rendered":"<div data-elementor-type=\"wp-post\" data-elementor-id=\"4212\" class=\"elementor elementor-4212\">\n\t\t\t\t<div class=\"elementor-element elementor-element-52048079 e-flex e-con-boxed e-con e-parent\" data-id=\"52048079\" data-element_type=\"container\">\n\t\t\t\t\t<div class=\"e-con-inner\">\n\t\t\t\t<div class=\"elementor-element elementor-element-14ef9cb8 elementor-widget elementor-widget-text-editor\" data-id=\"14ef9cb8\" data-element_type=\"widget\" data-widget_type=\"text-editor.default\">\n\t\t\t\t<div class=\"elementor-widget-container\">\n\t\t\t\t\t\t\t\t\t<p>Dilgo Khyentse Rinpoche (1910-1991) was one of the most important and influential Tibetan Buddhist teachers of the 20th century, widely regarded as a great spiritual practitioner and one of the last great masters of the Nyingma tradition. Recognized as a profound scholar, poet, mystic, and guardian of numerous Tibetan Buddhist traditions, he dedicated his life to preserving, transmitting, and disseminating the spiritual lineages of Tibetan Buddhism after his exile from Tibet. He was the teacher of His Holiness the Dalai Lama and many other important spiritual teachers, playing a crucial role in the transmission of Buddhist knowledge both in Tibet and in the West, and writing extensively on Buddhist philosophy and practice.<\/p>\t\t\t\t\t\t\t\t<\/div>\n\t\t\t\t<\/div>\n\t\t\t\t\t<\/div>\n\t\t\t\t<\/div>\n\t\t\t\t<\/div>","protected":false},"excerpt":{"rendered":"<div class=\"QfrfFD cell\">Poster with Diglo Khyentse Rinpoche quote: Since there is no self, there is also no other.<\/div>","protected":false},"featured_media":6389,"comment_status":"open","ping_status":"closed","template":"elementor_theme","meta":[],"product_brand":[],"product_cat":[149],"product_tag":[216,251],"class_list":{"0":"post-4212","1":"product","2":"type-product","3":"status-publish","4":"has-post-thumbnail","6":"product_cat-prints","7":"product_tag-dilgo-khyentse-rimpoche","8":"product_tag-prints","10":"first","11":"instock","12":"taxable","13":"shipping-taxable","14":"product-type-variable"},"supplier_id":null,"supplier_sku":"","barcode":null,"atum_controlled":true,"out_stock_date":null,"out_stock_threshold":null,"inheritable":true,"inbound_stock":0,"stock_on_hold":0,"sold_today":0,"sales_last_days":0,"reserved_stock":0,"customer_returns":0,"warehouse_damage":0,"lost_in_post":0,"other_logs":0,"out_stock_days":0,"lost_sales":0,"has_location":false,"update_date":"2026-04-15T02:05:54","atum_locations":[],"atum_stock_status":"instock","restock_status":false,"low_stock_amount":"","sales_update_date":"2026-04-15T02:05:54","calc_backorders":null,"yoast_head":"<!-- This site is optimized with the Yoast SEO plugin v26.9 - https:\/\/yoast.com\/product\/yoast-seo-wordpress\/ -->\n<title>P\u00f3ster Dilgo Khyentse Rinpoche (versi\u00f3n en ingl\u00e9s) - C\u00e0ntir<\/title>\n<meta name=\"robots\" content=\"index, follow, max-snippet:-1, max-image-preview:large, max-video-preview:-1\" \/>\n<link rel=\"canonical\" href=\"https:\/\/cantir.art\/en\/product\/poster-dilgo-khyentse-rinpoche-ingles\/\" \/>\n<meta property=\"og:locale\" content=\"en_GB\" \/>\n<meta property=\"og:type\" content=\"article\" \/>\n<meta property=\"og:title\" content=\"P\u00f3ster Dilgo Khyentse Rinpoche (versi\u00f3n en ingl\u00e9s) - C\u00e0ntir\" \/>\n<meta property=\"og:description\" content=\"P\u00f3ster con la cita de Diglo Khyentse Rinpoche: Since there is no self, there is also no other.\" \/>\n<meta property=\"og:url\" content=\"https:\/\/cantir.art\/en\/product\/poster-dilgo-khyentse-rinpoche-ingles\/\" \/>\n<meta property=\"og:site_name\" content=\"C\u00e0ntir\" \/>\n<meta property=\"article:modified_time\" content=\"2025-09-26T06:42:37+00:00\" \/>\n<meta property=\"og:image\" content=\"https:\/\/cantir.art\/wp-content\/uploads\/2025\/09\/DILGO-KHYENTSE-CREMA-INGLES-scaled-2.jpg\" \/>\n\t<meta property=\"og:image:width\" content=\"1920\" \/>\n\t<meta property=\"og:image:height\" content=\"2560\" \/>\n\t<meta property=\"og:image:type\" content=\"image\/jpeg\" \/>\n<meta name=\"twitter:card\" content=\"summary_large_image\" \/>\n<meta name=\"twitter:label1\" content=\"Estimated reading time\" \/>\n\t<meta name=\"twitter:data1\" content=\"1 minute\" \/>\n<script type=\"application\/ld+json\" class=\"yoast-schema-graph\">{\"@context\":\"https:\/\/schema.org\",\"@graph\":[{\"@type\":\"WebPage\",\"@id\":\"https:\/\/cantir.art\/producto\/poster-dilgo-khyentse-rinpoche-ingles\/\",\"url\":\"https:\/\/cantir.art\/producto\/poster-dilgo-khyentse-rinpoche-ingles\/\",\"name\":\"P\u00f3ster Dilgo Khyentse Rinpoche (versi\u00f3n en ingl\u00e9s) - C\u00e0ntir\",\"isPartOf\":{\"@id\":\"https:\/\/cantir.art\/#website\"},\"primaryImageOfPage\":{\"@id\":\"https:\/\/cantir.art\/producto\/poster-dilgo-khyentse-rinpoche-ingles\/#primaryimage\"},\"image\":{\"@id\":\"https:\/\/cantir.art\/producto\/poster-dilgo-khyentse-rinpoche-ingles\/#primaryimage\"},\"thumbnailUrl\":\"https:\/\/i0.wp.com\/cantir.art\/wp-content\/uploads\/2025\/09\/DILGO-KHYENTSE-CREMA-INGLES-scaled-2.jpg?fit=1920%2C2560&ssl=1\",\"datePublished\":\"2025-01-25T09:21:16+00:00\",\"dateModified\":\"2025-09-26T06:42:37+00:00\",\"breadcrumb\":{\"@id\":\"https:\/\/cantir.art\/producto\/poster-dilgo-khyentse-rinpoche-ingles\/#breadcrumb\"},\"inLanguage\":\"en-GB\",\"potentialAction\":[{\"@type\":\"ReadAction\",\"target\":[\"https:\/\/cantir.art\/producto\/poster-dilgo-khyentse-rinpoche-ingles\/\"]}]},{\"@type\":\"ImageObject\",\"inLanguage\":\"en-GB\",\"@id\":\"https:\/\/cantir.art\/producto\/poster-dilgo-khyentse-rinpoche-ingles\/#primaryimage\",\"url\":\"https:\/\/i0.wp.com\/cantir.art\/wp-content\/uploads\/2025\/09\/DILGO-KHYENTSE-CREMA-INGLES-scaled-2.jpg?fit=1920%2C2560&ssl=1\",\"contentUrl\":\"https:\/\/i0.wp.com\/cantir.art\/wp-content\/uploads\/2025\/09\/DILGO-KHYENTSE-CREMA-INGLES-scaled-2.jpg?fit=1920%2C2560&ssl=1\",\"width\":1920,\"height\":2560},{\"@type\":\"BreadcrumbList\",\"@id\":\"https:\/\/cantir.art\/producto\/poster-dilgo-khyentse-rinpoche-ingles\/#breadcrumb\",\"itemListElement\":[{\"@type\":\"ListItem\",\"position\":1,\"name\":\"Portada\",\"item\":\"https:\/\/cantir.art\/\"},{\"@type\":\"ListItem\",\"position\":2,\"name\":\"NEW Tienda\",\"item\":\"https:\/\/cantir.art\/en\/new-tienda\/\"},{\"@type\":\"ListItem\",\"position\":3,\"name\":\"P\u00f3ster Dilgo Khyentse Rinpoche (versi\u00f3n en ingl\u00e9s)\"}]},{\"@type\":\"WebSite\",\"@id\":\"https:\/\/cantir.art\/#website\",\"url\":\"https:\/\/cantir.art\/\",\"name\":\"C\u00e0ntir\",\"description\":\"Simbolismo budista y est\u00e9tica mediterr\u00e1nea en objetos que conectan pr\u00e1ctica y cotidianidad\",\"publisher\":{\"@id\":\"https:\/\/cantir.art\/#organization\"},\"potentialAction\":[{\"@type\":\"SearchAction\",\"target\":{\"@type\":\"EntryPoint\",\"urlTemplate\":\"https:\/\/cantir.art\/?s={search_term_string}\"},\"query-input\":{\"@type\":\"PropertyValueSpecification\",\"valueRequired\":true,\"valueName\":\"search_term_string\"}}],\"inLanguage\":\"en-GB\"},{\"@type\":\"Organization\",\"@id\":\"https:\/\/cantir.art\/#organization\",\"name\":\"C\u00e0ntir\",\"url\":\"https:\/\/cantir.art\/\",\"logo\":{\"@type\":\"ImageObject\",\"inLanguage\":\"en-GB\",\"@id\":\"https:\/\/cantir.art\/#\/schema\/logo\/image\/\",\"url\":\"https:\/\/i0.wp.com\/cantir.art\/wp-content\/uploads\/2025\/01\/cantir-10.png?fit=2551%2C1060&ssl=1\",\"contentUrl\":\"https:\/\/i0.wp.com\/cantir.art\/wp-content\/uploads\/2025\/01\/cantir-10.png?fit=2551%2C1060&ssl=1\",\"width\":2551,\"height\":1060,\"caption\":\"C\u00e0ntir\"},\"image\":{\"@id\":\"https:\/\/cantir.art\/#\/schema\/logo\/image\/\"}}]}<\/script>\n<!-- \/ Yoast SEO plugin. -->","yoast_head_json":{"title":"P\u00f3ster Dilgo Khyentse Rinpoche (versi\u00f3n en ingl\u00e9s) - C\u00e0ntir","robots":{"index":"index","follow":"follow","max-snippet":"max-snippet:-1","max-image-preview":"max-image-preview:large","max-video-preview":"max-video-preview:-1"},"canonical":"https:\/\/cantir.art\/en\/product\/poster-dilgo-khyentse-rinpoche-ingles\/","og_locale":"en_GB","og_type":"article","og_title":"P\u00f3ster Dilgo Khyentse Rinpoche (versi\u00f3n en ingl\u00e9s) - C\u00e0ntir","og_description":"P\u00f3ster con la cita de Diglo Khyentse Rinpoche: Since there is no self, there is also no other.","og_url":"https:\/\/cantir.art\/en\/product\/poster-dilgo-khyentse-rinpoche-ingles\/","og_site_name":"C\u00e0ntir","article_modified_time":"2025-09-26T06:42:37+00:00","og_image":[{"width":1920,"height":2560,"url":"https:\/\/cantir.art\/wp-content\/uploads\/2025\/09\/DILGO-KHYENTSE-CREMA-INGLES-scaled-2.jpg","type":"image\/jpeg"}],"twitter_card":"summary_large_image","twitter_misc":{"Estimated reading time":"1 minute"},"schema":{"@context":"https:\/\/schema.org","@graph":[{"@type":"WebPage","@id":"https:\/\/cantir.art\/producto\/poster-dilgo-khyentse-rinpoche-ingles\/","url":"https:\/\/cantir.art\/producto\/poster-dilgo-khyentse-rinpoche-ingles\/","name":"P\u00f3ster Dilgo Khyentse Rinpoche (versi\u00f3n en ingl\u00e9s) - C\u00e0ntir","isPartOf":{"@id":"https:\/\/cantir.art\/#website"},"primaryImageOfPage":{"@id":"https:\/\/cantir.art\/producto\/poster-dilgo-khyentse-rinpoche-ingles\/#primaryimage"},"image":{"@id":"https:\/\/cantir.art\/producto\/poster-dilgo-khyentse-rinpoche-ingles\/#primaryimage"},"thumbnailUrl":"https:\/\/i0.wp.com\/cantir.art\/wp-content\/uploads\/2025\/09\/DILGO-KHYENTSE-CREMA-INGLES-scaled-2.jpg?fit=1920%2C2560&ssl=1","datePublished":"2025-01-25T09:21:16+00:00","dateModified":"2025-09-26T06:42:37+00:00","breadcrumb":{"@id":"https:\/\/cantir.art\/producto\/poster-dilgo-khyentse-rinpoche-ingles\/#breadcrumb"},"inLanguage":"en-GB","potentialAction":[{"@type":"ReadAction","target":["https:\/\/cantir.art\/producto\/poster-dilgo-khyentse-rinpoche-ingles\/"]}]},{"@type":"ImageObject","inLanguage":"en-GB","@id":"https:\/\/cantir.art\/producto\/poster-dilgo-khyentse-rinpoche-ingles\/#primaryimage","url":"https:\/\/i0.wp.com\/cantir.art\/wp-content\/uploads\/2025\/09\/DILGO-KHYENTSE-CREMA-INGLES-scaled-2.jpg?fit=1920%2C2560&ssl=1","contentUrl":"https:\/\/i0.wp.com\/cantir.art\/wp-content\/uploads\/2025\/09\/DILGO-KHYENTSE-CREMA-INGLES-scaled-2.jpg?fit=1920%2C2560&ssl=1","width":1920,"height":2560},{"@type":"BreadcrumbList","@id":"https:\/\/cantir.art\/producto\/poster-dilgo-khyentse-rinpoche-ingles\/#breadcrumb","itemListElement":[{"@type":"ListItem","position":1,"name":"Portada","item":"https:\/\/cantir.art\/"},{"@type":"ListItem","position":2,"name":"NEW Tienda","item":"https:\/\/cantir.art\/en\/new-tienda\/"},{"@type":"ListItem","position":3,"name":"P\u00f3ster Dilgo Khyentse Rinpoche (versi\u00f3n en ingl\u00e9s)"}]},{"@type":"WebSite","@id":"https:\/\/cantir.art\/#website","url":"https:\/\/cantir.art\/","name":"C\u00e0ntir","description":"Buddhist symbolism and Mediterranean aesthetics in objects that connect practice with everyday life","publisher":{"@id":"https:\/\/cantir.art\/#organization"},"potentialAction":[{"@type":"SearchAction","target":{"@type":"EntryPoint","urlTemplate":"https:\/\/cantir.art\/?s={search_term_string}"},"query-input":{"@type":"PropertyValueSpecification","valueRequired":true,"valueName":"search_term_string"}}],"inLanguage":"en-GB"},{"@type":"Organization","@id":"https:\/\/cantir.art\/#organization","name":"C\u00e0ntir","url":"https:\/\/cantir.art\/","logo":{"@type":"ImageObject","inLanguage":"en-GB","@id":"https:\/\/cantir.art\/#\/schema\/logo\/image\/","url":"https:\/\/i0.wp.com\/cantir.art\/wp-content\/uploads\/2025\/01\/cantir-10.png?fit=2551%2C1060&ssl=1","contentUrl":"https:\/\/i0.wp.com\/cantir.art\/wp-content\/uploads\/2025\/01\/cantir-10.png?fit=2551%2C1060&ssl=1","width":2551,"height":1060,"caption":"C\u00e0ntir"},"image":{"@id":"https:\/\/cantir.art\/#\/schema\/logo\/image\/"}}]}},"jetpack_sharing_enabled":true,"_links":{"self":[{"href":"https:\/\/cantir.art\/en\/wp-json\/wp\/v2\/product\/4212","targetHints":{"allow":["GET"]}}],"collection":[{"href":"https:\/\/cantir.art\/en\/wp-json\/wp\/v2\/product"}],"about":[{"href":"https:\/\/cantir.art\/en\/wp-json\/wp\/v2\/types\/product"}],"replies":[{"embeddable":true,"href":"https:\/\/cantir.art\/en\/wp-json\/wp\/v2\/comments?post=4212"}],"version-history":[{"count":6,"href":"https:\/\/cantir.art\/en\/wp-json\/wp\/v2\/product\/4212\/revisions"}],"predecessor-version":[{"id":6965,"href":"https:\/\/cantir.art\/en\/wp-json\/wp\/v2\/product\/4212\/revisions\/6965"}],"wp:featuredmedia":[{"embeddable":true,"href":"https:\/\/cantir.art\/en\/wp-json\/wp\/v2\/media\/6389"}],"wp:attachment":[{"href":"https:\/\/cantir.art\/en\/wp-json\/wp\/v2\/media?parent=4212"}],"wp:term":[{"taxonomy":"product_brand","embeddable":true,"href":"https:\/\/cantir.art\/en\/wp-json\/wp\/v2\/product_brand?post=4212"},{"taxonomy":"product_cat","embeddable":true,"href":"https:\/\/cantir.art\/en\/wp-json\/wp\/v2\/product_cat?post=4212"},{"taxonomy":"product_tag","embeddable":true,"href":"https:\/\/cantir.art\/en\/wp-json\/wp\/v2\/product_tag?post=4212"}],"curies":[{"name":"wp","href":"https:\/\/api.w.org\/{rel}","templated":true}]}}