{"id":4471,"date":"2025-01-25T18:28:05","date_gmt":"2025-01-25T17:28:05","guid":{"rendered":"https:\/\/cantir.art\/?post_type=product&#038;p=4471"},"modified":"2026-01-17T10:42:15","modified_gmt":"2026-01-17T09:42:15","slug":"guia-grafica-buda","status":"publish","type":"product","link":"https:\/\/cantir.art\/en\/product\/guia-grafica-buda\/","title":{"rendered":"Buddha: An Illustrated Guide"},"content":{"rendered":"<div data-elementor-type=\"wp-post\" data-elementor-id=\"4471\" class=\"elementor elementor-4471\">\n\t\t\t\t<div class=\"elementor-element elementor-element-52048079 e-flex e-con-boxed e-con e-parent\" data-id=\"52048079\" data-element_type=\"container\">\n\t\t\t\t\t<div class=\"e-con-inner\">\n\t\t\t\t<div class=\"elementor-element elementor-element-14ef9cb8 elementor-widget elementor-widget-text-editor\" data-id=\"14ef9cb8\" data-element_type=\"widget\" data-widget_type=\"text-editor.default\">\n\t\t\t\t<div class=\"elementor-widget-container\">\n\t\t\t\t\t\t\t\t\t<h4>Buddha: An Illustrated Guide - A Visual Explosion of Wisdom and Humour<\/h4><p>If you thought learning about Buddhism meant dealing with dense and difficult texts, Buddha: An Illustrated Guide proves otherwise. With a vibrant, witty style, Borin Van Loon transforms centuries of philosophical teachings into an electrifying visual experience. This book is not just an introduction to Buddhism, it is a graphic journey that is as entertaining as it is educational, where humour and clarity go hand in hand to bring essential concepts to life before your eyes.<\/p><p>Through dynamic illustrations and simple explanations, \"Buddha: An Illustrated Guide\" immerses you in the story of Siddhartha Gautama, the prince who renounced his life of luxury in search of enlightenment. It also explores key ideas such as karma, meditation and nirvana, all in an accessible tone that makes learning a real pleasure. Van Loon deploys his narrative talent with surgical precision and a fresh sense of humour, demystifying Buddhism without losing its depth.<\/p><h4>C\u00c0NTIR: A bridge between tradition and modernity<\/h4><p>At C\u00c0NTIR we believe in bringing the Dharma closer to everyday life with objects and books that combine meaning, beauty and accessibility. Our selection of texts includes traditional works and contemporary approaches such as \"Buddha: An Illustrated Guide\", perfect for those seeking to understand Buddhism in a fresh and engaging way. If you are looking for an introductory book to Buddhism but prefer something other than a comic book or illustrated guide, you can also check out the \"Buddha: An Illustrated Guide\" book.<a href=\"https:\/\/cantir.art\/en\/product\/budismo-para-principiantes\/\">Buddhism for beginners<\/a>\".<\/p><p>Find out more about our project and the philosophy behind C\u00c0NTIR by visiting our page <a href=\"https:\/\/cantir.art\/en\/cantir-is-born-from-the-intention-of-bringing-buddhism-closer-to-our-way-of-living-it-is-a-bridge-between-the-dharma-the-buddhas-teachings-and-our-culture-we-take-as-a-symbol-an-instrumen\/\">here<\/a>.<\/p>\t\t\t\t\t\t\t\t<\/div>\n\t\t\t\t<\/div>\n\t\t\t\t\t<\/div>\n\t\t\t\t<\/div>\n\t\t\t\t<\/div>","protected":false},"excerpt":{"rendered":"<p><span style=\"font-weight: 400;\">Get ready for an explosive visual journey into the world of Buddhism that promises to be more entertaining than a history lesson and more colourful than a neon party! Borin Van Loon unleashes his brushes and his wit to turn what could be a dense philosophical treatise into a graphic rollercoaster full of humour, succulent information and drawings that will make you blink twice.<\/span><\/p>","protected":false},"featured_media":6403,"comment_status":"open","ping_status":"closed","template":"elementor_theme","meta":[],"product_brand":[],"product_cat":[161,287],"product_tag":[203,204],"class_list":{"0":"post-4471","1":"product","2":"type-product","3":"status-publish","4":"has-post-thumbnail","6":"product_cat-libros","7":"product_cat-tecnos","8":"product_tag-borin-van-loon","9":"product_tag-comic-budista","11":"first","12":"instock","13":"taxable","14":"shipping-taxable","15":"purchasable","16":"product-type-simple"},"supplier_id":null,"supplier_sku":"","barcode":null,"atum_controlled":true,"out_stock_date":null,"out_stock_threshold":null,"inheritable":false,"inbound_stock":0,"stock_on_hold":0,"sold_today":0,"sales_last_days":0,"reserved_stock":0,"customer_returns":0,"warehouse_damage":0,"lost_in_post":0,"other_logs":0,"out_stock_days":0,"lost_sales":0,"has_location":false,"update_date":"2026-04-17T02:06:23","atum_locations":[],"atum_stock_status":"instock","restock_status":false,"low_stock_amount":"","sales_update_date":"2026-04-17T02:06:23","calc_backorders":null,"yoast_head":"<!-- This site is optimized with the Yoast SEO plugin v26.9 - https:\/\/yoast.com\/product\/yoast-seo-wordpress\/ -->\n<title>Buda: Una gu\u00eda ilustrada | C\u00c0NTIR \ud83d\udcff<\/title>\n<meta name=\"description\" content=\"Buda: Una gu\u00eda ilustrada es un libro en formato c\u00f3mic es una aproximaci\u00f3n fant\u00e1stica al budismo. Desc\u00fabrelo en nuestra tienda budista C\u00c0NTIR.\" \/>\n<meta name=\"robots\" content=\"index, follow, max-snippet:-1, max-image-preview:large, max-video-preview:-1\" \/>\n<link rel=\"canonical\" href=\"https:\/\/cantir.art\/en\/product\/guia-grafica-buda\/\" \/>\n<meta property=\"og:locale\" content=\"en_GB\" \/>\n<meta property=\"og:type\" content=\"article\" \/>\n<meta property=\"og:title\" content=\"Buda: Una gu\u00eda ilustrada | C\u00c0NTIR \ud83d\udcff\" \/>\n<meta property=\"og:description\" content=\"Buda: Una gu\u00eda ilustrada es un libro en formato c\u00f3mic es una aproximaci\u00f3n fant\u00e1stica al budismo. Desc\u00fabrelo en nuestra tienda budista C\u00c0NTIR.\" \/>\n<meta property=\"og:url\" content=\"https:\/\/cantir.art\/en\/product\/guia-grafica-buda\/\" \/>\n<meta property=\"og:site_name\" content=\"C\u00e0ntir\" \/>\n<meta property=\"article:modified_time\" content=\"2026-01-17T09:42:15+00:00\" \/>\n<meta property=\"og:image\" content=\"https:\/\/cantir.art\/wp-content\/uploads\/2025\/09\/BUDA-UNA-GUIA-ILUSTRADA-C-scaled-2.jpg\" \/>\n\t<meta property=\"og:image:width\" content=\"1920\" \/>\n\t<meta property=\"og:image:height\" content=\"2560\" \/>\n\t<meta property=\"og:image:type\" content=\"image\/jpeg\" \/>\n<meta name=\"twitter:card\" content=\"summary_large_image\" \/>\n<meta name=\"twitter:label1\" content=\"Estimated reading time\" \/>\n\t<meta name=\"twitter:data1\" content=\"2 minutes\" \/>\n<script type=\"application\/ld+json\" class=\"yoast-schema-graph\">{\"@context\":\"https:\/\/schema.org\",\"@graph\":[{\"@type\":\"WebPage\",\"@id\":\"https:\/\/cantir.art\/producto\/guia-grafica-buda\/\",\"url\":\"https:\/\/cantir.art\/producto\/guia-grafica-buda\/\",\"name\":\"Buda: Una gu\u00eda ilustrada | C\u00c0NTIR \ud83d\udcff\",\"isPartOf\":{\"@id\":\"https:\/\/cantir.art\/#website\"},\"primaryImageOfPage\":{\"@id\":\"https:\/\/cantir.art\/producto\/guia-grafica-buda\/#primaryimage\"},\"image\":{\"@id\":\"https:\/\/cantir.art\/producto\/guia-grafica-buda\/#primaryimage\"},\"thumbnailUrl\":\"https:\/\/i0.wp.com\/cantir.art\/wp-content\/uploads\/2025\/09\/BUDA-UNA-GUIA-ILUSTRADA-C-scaled-2.jpg?fit=1920%2C2560&ssl=1\",\"datePublished\":\"2025-01-25T17:28:05+00:00\",\"dateModified\":\"2026-01-17T09:42:15+00:00\",\"description\":\"Buda: Una gu\u00eda ilustrada es un libro en formato c\u00f3mic es una aproximaci\u00f3n fant\u00e1stica al budismo. Desc\u00fabrelo en nuestra tienda budista C\u00c0NTIR.\",\"breadcrumb\":{\"@id\":\"https:\/\/cantir.art\/producto\/guia-grafica-buda\/#breadcrumb\"},\"inLanguage\":\"en-GB\",\"potentialAction\":[{\"@type\":\"ReadAction\",\"target\":[\"https:\/\/cantir.art\/producto\/guia-grafica-buda\/\"]}]},{\"@type\":\"ImageObject\",\"inLanguage\":\"en-GB\",\"@id\":\"https:\/\/cantir.art\/producto\/guia-grafica-buda\/#primaryimage\",\"url\":\"https:\/\/i0.wp.com\/cantir.art\/wp-content\/uploads\/2025\/09\/BUDA-UNA-GUIA-ILUSTRADA-C-scaled-2.jpg?fit=1920%2C2560&ssl=1\",\"contentUrl\":\"https:\/\/i0.wp.com\/cantir.art\/wp-content\/uploads\/2025\/09\/BUDA-UNA-GUIA-ILUSTRADA-C-scaled-2.jpg?fit=1920%2C2560&ssl=1\",\"width\":1920,\"height\":2560},{\"@type\":\"BreadcrumbList\",\"@id\":\"https:\/\/cantir.art\/producto\/guia-grafica-buda\/#breadcrumb\",\"itemListElement\":[{\"@type\":\"ListItem\",\"position\":1,\"name\":\"Portada\",\"item\":\"https:\/\/cantir.art\/\"},{\"@type\":\"ListItem\",\"position\":2,\"name\":\"NEW Tienda\",\"item\":\"https:\/\/cantir.art\/en\/new-tienda\/\"},{\"@type\":\"ListItem\",\"position\":3,\"name\":\"Buda: Una gu\u00eda ilustrada\"}]},{\"@type\":\"WebSite\",\"@id\":\"https:\/\/cantir.art\/#website\",\"url\":\"https:\/\/cantir.art\/\",\"name\":\"C\u00e0ntir\",\"description\":\"Simbolismo budista y est\u00e9tica mediterr\u00e1nea en objetos que conectan pr\u00e1ctica y cotidianidad\",\"publisher\":{\"@id\":\"https:\/\/cantir.art\/#organization\"},\"potentialAction\":[{\"@type\":\"SearchAction\",\"target\":{\"@type\":\"EntryPoint\",\"urlTemplate\":\"https:\/\/cantir.art\/?s={search_term_string}\"},\"query-input\":{\"@type\":\"PropertyValueSpecification\",\"valueRequired\":true,\"valueName\":\"search_term_string\"}}],\"inLanguage\":\"en-GB\"},{\"@type\":\"Organization\",\"@id\":\"https:\/\/cantir.art\/#organization\",\"name\":\"C\u00e0ntir\",\"url\":\"https:\/\/cantir.art\/\",\"logo\":{\"@type\":\"ImageObject\",\"inLanguage\":\"en-GB\",\"@id\":\"https:\/\/cantir.art\/#\/schema\/logo\/image\/\",\"url\":\"https:\/\/i0.wp.com\/cantir.art\/wp-content\/uploads\/2025\/01\/cantir-10.png?fit=2551%2C1060&ssl=1\",\"contentUrl\":\"https:\/\/i0.wp.com\/cantir.art\/wp-content\/uploads\/2025\/01\/cantir-10.png?fit=2551%2C1060&ssl=1\",\"width\":2551,\"height\":1060,\"caption\":\"C\u00e0ntir\"},\"image\":{\"@id\":\"https:\/\/cantir.art\/#\/schema\/logo\/image\/\"}}]}<\/script>\n<!-- \/ Yoast SEO plugin. -->","yoast_head_json":{"title":"Buda: Una gu\u00eda ilustrada | C\u00c0NTIR \ud83d\udcff","description":"Buda: Una gu\u00eda ilustrada es un libro en formato c\u00f3mic es una aproximaci\u00f3n fant\u00e1stica al budismo. Desc\u00fabrelo en nuestra tienda budista C\u00c0NTIR.","robots":{"index":"index","follow":"follow","max-snippet":"max-snippet:-1","max-image-preview":"max-image-preview:large","max-video-preview":"max-video-preview:-1"},"canonical":"https:\/\/cantir.art\/en\/product\/guia-grafica-buda\/","og_locale":"en_GB","og_type":"article","og_title":"Buda: Una gu\u00eda ilustrada | C\u00c0NTIR \ud83d\udcff","og_description":"Buda: Una gu\u00eda ilustrada es un libro en formato c\u00f3mic es una aproximaci\u00f3n fant\u00e1stica al budismo. Desc\u00fabrelo en nuestra tienda budista C\u00c0NTIR.","og_url":"https:\/\/cantir.art\/en\/product\/guia-grafica-buda\/","og_site_name":"C\u00e0ntir","article_modified_time":"2026-01-17T09:42:15+00:00","og_image":[{"width":1920,"height":2560,"url":"https:\/\/cantir.art\/wp-content\/uploads\/2025\/09\/BUDA-UNA-GUIA-ILUSTRADA-C-scaled-2.jpg","type":"image\/jpeg"}],"twitter_card":"summary_large_image","twitter_misc":{"Estimated reading time":"2 minutes"},"schema":{"@context":"https:\/\/schema.org","@graph":[{"@type":"WebPage","@id":"https:\/\/cantir.art\/producto\/guia-grafica-buda\/","url":"https:\/\/cantir.art\/producto\/guia-grafica-buda\/","name":"Buda: Una gu\u00eda ilustrada | C\u00c0NTIR \ud83d\udcff","isPartOf":{"@id":"https:\/\/cantir.art\/#website"},"primaryImageOfPage":{"@id":"https:\/\/cantir.art\/producto\/guia-grafica-buda\/#primaryimage"},"image":{"@id":"https:\/\/cantir.art\/producto\/guia-grafica-buda\/#primaryimage"},"thumbnailUrl":"https:\/\/i0.wp.com\/cantir.art\/wp-content\/uploads\/2025\/09\/BUDA-UNA-GUIA-ILUSTRADA-C-scaled-2.jpg?fit=1920%2C2560&ssl=1","datePublished":"2025-01-25T17:28:05+00:00","dateModified":"2026-01-17T09:42:15+00:00","description":"Buda: Una gu\u00eda ilustrada es un libro en formato c\u00f3mic es una aproximaci\u00f3n fant\u00e1stica al budismo. Desc\u00fabrelo en nuestra tienda budista C\u00c0NTIR.","breadcrumb":{"@id":"https:\/\/cantir.art\/producto\/guia-grafica-buda\/#breadcrumb"},"inLanguage":"en-GB","potentialAction":[{"@type":"ReadAction","target":["https:\/\/cantir.art\/producto\/guia-grafica-buda\/"]}]},{"@type":"ImageObject","inLanguage":"en-GB","@id":"https:\/\/cantir.art\/producto\/guia-grafica-buda\/#primaryimage","url":"https:\/\/i0.wp.com\/cantir.art\/wp-content\/uploads\/2025\/09\/BUDA-UNA-GUIA-ILUSTRADA-C-scaled-2.jpg?fit=1920%2C2560&ssl=1","contentUrl":"https:\/\/i0.wp.com\/cantir.art\/wp-content\/uploads\/2025\/09\/BUDA-UNA-GUIA-ILUSTRADA-C-scaled-2.jpg?fit=1920%2C2560&ssl=1","width":1920,"height":2560},{"@type":"BreadcrumbList","@id":"https:\/\/cantir.art\/producto\/guia-grafica-buda\/#breadcrumb","itemListElement":[{"@type":"ListItem","position":1,"name":"Portada","item":"https:\/\/cantir.art\/"},{"@type":"ListItem","position":2,"name":"NEW Tienda","item":"https:\/\/cantir.art\/en\/new-tienda\/"},{"@type":"ListItem","position":3,"name":"Buda: Una gu\u00eda ilustrada"}]},{"@type":"WebSite","@id":"https:\/\/cantir.art\/#website","url":"https:\/\/cantir.art\/","name":"C\u00e0ntir","description":"Buddhist symbolism and Mediterranean aesthetics in objects that connect practice with everyday life","publisher":{"@id":"https:\/\/cantir.art\/#organization"},"potentialAction":[{"@type":"SearchAction","target":{"@type":"EntryPoint","urlTemplate":"https:\/\/cantir.art\/?s={search_term_string}"},"query-input":{"@type":"PropertyValueSpecification","valueRequired":true,"valueName":"search_term_string"}}],"inLanguage":"en-GB"},{"@type":"Organization","@id":"https:\/\/cantir.art\/#organization","name":"C\u00e0ntir","url":"https:\/\/cantir.art\/","logo":{"@type":"ImageObject","inLanguage":"en-GB","@id":"https:\/\/cantir.art\/#\/schema\/logo\/image\/","url":"https:\/\/i0.wp.com\/cantir.art\/wp-content\/uploads\/2025\/01\/cantir-10.png?fit=2551%2C1060&ssl=1","contentUrl":"https:\/\/i0.wp.com\/cantir.art\/wp-content\/uploads\/2025\/01\/cantir-10.png?fit=2551%2C1060&ssl=1","width":2551,"height":1060,"caption":"C\u00e0ntir"},"image":{"@id":"https:\/\/cantir.art\/#\/schema\/logo\/image\/"}}]}},"jetpack_sharing_enabled":true,"_links":{"self":[{"href":"https:\/\/cantir.art\/en\/wp-json\/wp\/v2\/product\/4471","targetHints":{"allow":["GET"]}}],"collection":[{"href":"https:\/\/cantir.art\/en\/wp-json\/wp\/v2\/product"}],"about":[{"href":"https:\/\/cantir.art\/en\/wp-json\/wp\/v2\/types\/product"}],"replies":[{"embeddable":true,"href":"https:\/\/cantir.art\/en\/wp-json\/wp\/v2\/comments?post=4471"}],"version-history":[{"count":10,"href":"https:\/\/cantir.art\/en\/wp-json\/wp\/v2\/product\/4471\/revisions"}],"predecessor-version":[{"id":5679,"href":"https:\/\/cantir.art\/en\/wp-json\/wp\/v2\/product\/4471\/revisions\/5679"}],"wp:featuredmedia":[{"embeddable":true,"href":"https:\/\/cantir.art\/en\/wp-json\/wp\/v2\/media\/6403"}],"wp:attachment":[{"href":"https:\/\/cantir.art\/en\/wp-json\/wp\/v2\/media?parent=4471"}],"wp:term":[{"taxonomy":"product_brand","embeddable":true,"href":"https:\/\/cantir.art\/en\/wp-json\/wp\/v2\/product_brand?post=4471"},{"taxonomy":"product_cat","embeddable":true,"href":"https:\/\/cantir.art\/en\/wp-json\/wp\/v2\/product_cat?post=4471"},{"taxonomy":"product_tag","embeddable":true,"href":"https:\/\/cantir.art\/en\/wp-json\/wp\/v2\/product_tag?post=4471"}],"curies":[{"name":"wp","href":"https:\/\/api.w.org\/{rel}","templated":true}]}}