{"id":4562,"date":"2025-01-25T19:29:31","date_gmt":"2025-01-25T18:29:31","guid":{"rendered":"https:\/\/cantir.art\/?post_type=product&#038;p=4562"},"modified":"2026-03-05T23:37:18","modified_gmt":"2026-03-05T22:37:18","slug":"el-libro-tibetano-de-la-vida-y-la-muerte","status":"publish","type":"product","link":"https:\/\/cantir.art\/en\/product\/el-libro-tibetano-de-la-vida-y-la-muerte\/","title":{"rendered":"The Tibetan Book of Life and Death"},"content":{"rendered":"<div data-elementor-type=\"wp-post\" data-elementor-id=\"4562\" class=\"elementor elementor-4562\">\n\t\t\t\t<div class=\"elementor-element elementor-element-52048079 e-flex e-con-boxed e-con e-parent\" data-id=\"52048079\" data-element_type=\"container\">\n\t\t\t\t\t<div class=\"e-con-inner\">\n\t\t\t\t<div class=\"elementor-element elementor-element-14ef9cb8 elementor-widget elementor-widget-text-editor\" data-id=\"14ef9cb8\" data-element_type=\"widget\" data-widget_type=\"text-editor.default\">\n\t\t\t\t<div class=\"elementor-widget-container\">\n\t\t\t\t\t\t\t\t\t<p>Death is one of the most central and profound teachings within Buddhism. In the Buddhist tradition, death is understood not as an absolute end, but as a transition within the cycle of life and rebirth known as samsara. This perspective allows death to be viewed differently, not as something to be feared, but as an opportunity for liberation from suffering. Buddhists believe that by understanding the nature of death, we can live more fully, with greater wisdom, compassion and detachment.<\/p><p>One of the key lessons is the <em>bard<\/em>The state in between death and rebirth, where the conditions we have cultivated in our lives determine our experiences and the next step in our spiritual journey. Through practices of meditation and reflection on death, Buddhism seeks to prepare practitioners to face this moment with calm and clarity. In everyday life, this awareness of death encourages us to live more ethically, compassionately and consciously, fostering a deeper relationship with the present and the well-being of all beings.<\/p>\t\t\t\t\t\t\t\t<\/div>\n\t\t\t\t<\/div>\n\t\t\t\t\t<\/div>\n\t\t\t\t<\/div>\n\t\t\t\t<\/div>","protected":false},"excerpt":{"rendered":"<p><em>The Tibetan Book of Life and Death<\/em> by Sogyal Rinpoche is a seminal work that explores Buddhist teachings on life, death and the dying process. Rinpoche fuses the ancient wisdom of Tibetan Buddhism with a perspective accessible to Western audiences. Through its pages, the book offers a guide to understanding death not as an end, but as a natural transition in the cycle of life. It also proposes meditative practices and reflections on how to live a full and conscious life, preparing for the moment of death with serenity and acceptance.<\/p>","protected":false},"featured_media":6408,"comment_status":"open","ping_status":"closed","template":"elementor_theme","meta":[],"product_brand":[],"product_cat":[161,289],"product_tag":[273,208,290],"class_list":{"0":"post-4562","1":"product","2":"type-product","3":"status-publish","4":"has-post-thumbnail","6":"product_cat-libros","7":"product_cat-urano","8":"product_tag-bardo","9":"product_tag-budismo-y-muerte","10":"product_tag-sogyal-rinpoche","12":"first","13":"instock","14":"taxable","15":"shipping-taxable","16":"purchasable","17":"product-type-simple"},"supplier_id":null,"supplier_sku":"","barcode":null,"atum_controlled":true,"out_stock_date":null,"out_stock_threshold":null,"inheritable":false,"inbound_stock":0,"stock_on_hold":0,"sold_today":0,"sales_last_days":0,"reserved_stock":0,"customer_returns":0,"warehouse_damage":0,"lost_in_post":0,"other_logs":0,"out_stock_days":0,"lost_sales":0,"has_location":false,"update_date":"2026-04-15T02:05:54","atum_locations":[],"atum_stock_status":"instock","restock_status":false,"low_stock_amount":"","sales_update_date":"2026-04-15T02:05:54","calc_backorders":null,"yoast_head":"<!-- This site is optimized with the Yoast SEO plugin v26.9 - https:\/\/yoast.com\/product\/yoast-seo-wordpress\/ -->\n<title>El libro tibetano de la vida y la muerte - C\u00e0ntir<\/title>\n<meta name=\"robots\" content=\"index, follow, max-snippet:-1, max-image-preview:large, max-video-preview:-1\" \/>\n<link rel=\"canonical\" href=\"https:\/\/cantir.art\/en\/product\/el-libro-tibetano-de-la-vida-y-la-muerte\/\" \/>\n<meta property=\"og:locale\" content=\"en_GB\" \/>\n<meta property=\"og:type\" content=\"article\" \/>\n<meta property=\"og:title\" content=\"El libro tibetano de la vida y la muerte - C\u00e0ntir\" \/>\n<meta property=\"og:description\" content=\"El libro tibetano de la vida y la muerte de Sogyal Rinpoche es una obra fundamental que explora las ense\u00f1anzas budistas sobre la vida, la muerte y el proceso de morir. Rinpoche fusiona la sabidur\u00eda ancestral del budismo tibetano con una perspectiva accesible para el p\u00fablico occidental. A trav\u00e9s de sus p\u00e1ginas, el libro ofrece una gu\u00eda para comprender la muerte no como un final, sino como una transici\u00f3n natural en el ciclo de la vida. Adem\u00e1s, propone pr\u00e1cticas meditativas y reflexiones sobre c\u00f3mo vivir una vida plena y consciente, prepar\u00e1ndose para el momento de la muerte con serenidad y aceptaci\u00f3n.\" \/>\n<meta property=\"og:url\" content=\"https:\/\/cantir.art\/en\/product\/el-libro-tibetano-de-la-vida-y-la-muerte\/\" \/>\n<meta property=\"og:site_name\" content=\"C\u00e0ntir\" \/>\n<meta property=\"article:modified_time\" content=\"2026-03-05T22:37:18+00:00\" \/>\n<meta property=\"og:image\" content=\"https:\/\/cantir.art\/wp-content\/uploads\/2025\/09\/EL-LIBRO-TIBETANO-DE-LA-VIDA-Y-LA-MUERTA-C-scaled-2.jpg\" \/>\n\t<meta property=\"og:image:width\" content=\"1922\" \/>\n\t<meta property=\"og:image:height\" content=\"2560\" \/>\n\t<meta property=\"og:image:type\" content=\"image\/jpeg\" \/>\n<meta name=\"twitter:card\" content=\"summary_large_image\" \/>\n<meta name=\"twitter:label1\" content=\"Estimated reading time\" \/>\n\t<meta name=\"twitter:data1\" content=\"2 minutes\" \/>\n<script type=\"application\/ld+json\" class=\"yoast-schema-graph\">{\"@context\":\"https:\/\/schema.org\",\"@graph\":[{\"@type\":\"WebPage\",\"@id\":\"https:\/\/cantir.art\/producto\/el-libro-tibetano-de-la-vida-y-la-muerte\/\",\"url\":\"https:\/\/cantir.art\/producto\/el-libro-tibetano-de-la-vida-y-la-muerte\/\",\"name\":\"El libro tibetano de la vida y la muerte - C\u00e0ntir\",\"isPartOf\":{\"@id\":\"https:\/\/cantir.art\/#website\"},\"primaryImageOfPage\":{\"@id\":\"https:\/\/cantir.art\/producto\/el-libro-tibetano-de-la-vida-y-la-muerte\/#primaryimage\"},\"image\":{\"@id\":\"https:\/\/cantir.art\/producto\/el-libro-tibetano-de-la-vida-y-la-muerte\/#primaryimage\"},\"thumbnailUrl\":\"https:\/\/i0.wp.com\/cantir.art\/wp-content\/uploads\/2025\/09\/EL-LIBRO-TIBETANO-DE-LA-VIDA-Y-LA-MUERTA-C-scaled-2.jpg?fit=1922%2C2560&ssl=1\",\"datePublished\":\"2025-01-25T18:29:31+00:00\",\"dateModified\":\"2026-03-05T22:37:18+00:00\",\"breadcrumb\":{\"@id\":\"https:\/\/cantir.art\/producto\/el-libro-tibetano-de-la-vida-y-la-muerte\/#breadcrumb\"},\"inLanguage\":\"en-GB\",\"potentialAction\":[{\"@type\":\"ReadAction\",\"target\":[\"https:\/\/cantir.art\/producto\/el-libro-tibetano-de-la-vida-y-la-muerte\/\"]}]},{\"@type\":\"ImageObject\",\"inLanguage\":\"en-GB\",\"@id\":\"https:\/\/cantir.art\/producto\/el-libro-tibetano-de-la-vida-y-la-muerte\/#primaryimage\",\"url\":\"https:\/\/i0.wp.com\/cantir.art\/wp-content\/uploads\/2025\/09\/EL-LIBRO-TIBETANO-DE-LA-VIDA-Y-LA-MUERTA-C-scaled-2.jpg?fit=1922%2C2560&ssl=1\",\"contentUrl\":\"https:\/\/i0.wp.com\/cantir.art\/wp-content\/uploads\/2025\/09\/EL-LIBRO-TIBETANO-DE-LA-VIDA-Y-LA-MUERTA-C-scaled-2.jpg?fit=1922%2C2560&ssl=1\",\"width\":1922,\"height\":2560},{\"@type\":\"BreadcrumbList\",\"@id\":\"https:\/\/cantir.art\/producto\/el-libro-tibetano-de-la-vida-y-la-muerte\/#breadcrumb\",\"itemListElement\":[{\"@type\":\"ListItem\",\"position\":1,\"name\":\"Portada\",\"item\":\"https:\/\/cantir.art\/\"},{\"@type\":\"ListItem\",\"position\":2,\"name\":\"NEW Tienda\",\"item\":\"https:\/\/cantir.art\/en\/new-tienda\/\"},{\"@type\":\"ListItem\",\"position\":3,\"name\":\"El libro tibetano de la vida y la muerte\"}]},{\"@type\":\"WebSite\",\"@id\":\"https:\/\/cantir.art\/#website\",\"url\":\"https:\/\/cantir.art\/\",\"name\":\"C\u00e0ntir\",\"description\":\"Simbolismo budista y est\u00e9tica mediterr\u00e1nea en objetos que conectan pr\u00e1ctica y cotidianidad\",\"publisher\":{\"@id\":\"https:\/\/cantir.art\/#organization\"},\"potentialAction\":[{\"@type\":\"SearchAction\",\"target\":{\"@type\":\"EntryPoint\",\"urlTemplate\":\"https:\/\/cantir.art\/?s={search_term_string}\"},\"query-input\":{\"@type\":\"PropertyValueSpecification\",\"valueRequired\":true,\"valueName\":\"search_term_string\"}}],\"inLanguage\":\"en-GB\"},{\"@type\":\"Organization\",\"@id\":\"https:\/\/cantir.art\/#organization\",\"name\":\"C\u00e0ntir\",\"url\":\"https:\/\/cantir.art\/\",\"logo\":{\"@type\":\"ImageObject\",\"inLanguage\":\"en-GB\",\"@id\":\"https:\/\/cantir.art\/#\/schema\/logo\/image\/\",\"url\":\"https:\/\/i0.wp.com\/cantir.art\/wp-content\/uploads\/2025\/01\/cantir-10.png?fit=2551%2C1060&ssl=1\",\"contentUrl\":\"https:\/\/i0.wp.com\/cantir.art\/wp-content\/uploads\/2025\/01\/cantir-10.png?fit=2551%2C1060&ssl=1\",\"width\":2551,\"height\":1060,\"caption\":\"C\u00e0ntir\"},\"image\":{\"@id\":\"https:\/\/cantir.art\/#\/schema\/logo\/image\/\"}}]}<\/script>\n<!-- \/ Yoast SEO plugin. -->","yoast_head_json":{"title":"El libro tibetano de la vida y la muerte - C\u00e0ntir","robots":{"index":"index","follow":"follow","max-snippet":"max-snippet:-1","max-image-preview":"max-image-preview:large","max-video-preview":"max-video-preview:-1"},"canonical":"https:\/\/cantir.art\/en\/product\/el-libro-tibetano-de-la-vida-y-la-muerte\/","og_locale":"en_GB","og_type":"article","og_title":"El libro tibetano de la vida y la muerte - C\u00e0ntir","og_description":"El libro tibetano de la vida y la muerte de Sogyal Rinpoche es una obra fundamental que explora las ense\u00f1anzas budistas sobre la vida, la muerte y el proceso de morir. Rinpoche fusiona la sabidur\u00eda ancestral del budismo tibetano con una perspectiva accesible para el p\u00fablico occidental. A trav\u00e9s de sus p\u00e1ginas, el libro ofrece una gu\u00eda para comprender la muerte no como un final, sino como una transici\u00f3n natural en el ciclo de la vida. Adem\u00e1s, propone pr\u00e1cticas meditativas y reflexiones sobre c\u00f3mo vivir una vida plena y consciente, prepar\u00e1ndose para el momento de la muerte con serenidad y aceptaci\u00f3n.","og_url":"https:\/\/cantir.art\/en\/product\/el-libro-tibetano-de-la-vida-y-la-muerte\/","og_site_name":"C\u00e0ntir","article_modified_time":"2026-03-05T22:37:18+00:00","og_image":[{"width":1922,"height":2560,"url":"https:\/\/cantir.art\/wp-content\/uploads\/2025\/09\/EL-LIBRO-TIBETANO-DE-LA-VIDA-Y-LA-MUERTA-C-scaled-2.jpg","type":"image\/jpeg"}],"twitter_card":"summary_large_image","twitter_misc":{"Estimated reading time":"2 minutes"},"schema":{"@context":"https:\/\/schema.org","@graph":[{"@type":"WebPage","@id":"https:\/\/cantir.art\/producto\/el-libro-tibetano-de-la-vida-y-la-muerte\/","url":"https:\/\/cantir.art\/producto\/el-libro-tibetano-de-la-vida-y-la-muerte\/","name":"El libro tibetano de la vida y la muerte - C\u00e0ntir","isPartOf":{"@id":"https:\/\/cantir.art\/#website"},"primaryImageOfPage":{"@id":"https:\/\/cantir.art\/producto\/el-libro-tibetano-de-la-vida-y-la-muerte\/#primaryimage"},"image":{"@id":"https:\/\/cantir.art\/producto\/el-libro-tibetano-de-la-vida-y-la-muerte\/#primaryimage"},"thumbnailUrl":"https:\/\/i0.wp.com\/cantir.art\/wp-content\/uploads\/2025\/09\/EL-LIBRO-TIBETANO-DE-LA-VIDA-Y-LA-MUERTA-C-scaled-2.jpg?fit=1922%2C2560&ssl=1","datePublished":"2025-01-25T18:29:31+00:00","dateModified":"2026-03-05T22:37:18+00:00","breadcrumb":{"@id":"https:\/\/cantir.art\/producto\/el-libro-tibetano-de-la-vida-y-la-muerte\/#breadcrumb"},"inLanguage":"en-GB","potentialAction":[{"@type":"ReadAction","target":["https:\/\/cantir.art\/producto\/el-libro-tibetano-de-la-vida-y-la-muerte\/"]}]},{"@type":"ImageObject","inLanguage":"en-GB","@id":"https:\/\/cantir.art\/producto\/el-libro-tibetano-de-la-vida-y-la-muerte\/#primaryimage","url":"https:\/\/i0.wp.com\/cantir.art\/wp-content\/uploads\/2025\/09\/EL-LIBRO-TIBETANO-DE-LA-VIDA-Y-LA-MUERTA-C-scaled-2.jpg?fit=1922%2C2560&ssl=1","contentUrl":"https:\/\/i0.wp.com\/cantir.art\/wp-content\/uploads\/2025\/09\/EL-LIBRO-TIBETANO-DE-LA-VIDA-Y-LA-MUERTA-C-scaled-2.jpg?fit=1922%2C2560&ssl=1","width":1922,"height":2560},{"@type":"BreadcrumbList","@id":"https:\/\/cantir.art\/producto\/el-libro-tibetano-de-la-vida-y-la-muerte\/#breadcrumb","itemListElement":[{"@type":"ListItem","position":1,"name":"Portada","item":"https:\/\/cantir.art\/"},{"@type":"ListItem","position":2,"name":"NEW Tienda","item":"https:\/\/cantir.art\/en\/new-tienda\/"},{"@type":"ListItem","position":3,"name":"El libro tibetano de la vida y la muerte"}]},{"@type":"WebSite","@id":"https:\/\/cantir.art\/#website","url":"https:\/\/cantir.art\/","name":"C\u00e0ntir","description":"Buddhist symbolism and Mediterranean aesthetics in objects that connect practice with everyday life","publisher":{"@id":"https:\/\/cantir.art\/#organization"},"potentialAction":[{"@type":"SearchAction","target":{"@type":"EntryPoint","urlTemplate":"https:\/\/cantir.art\/?s={search_term_string}"},"query-input":{"@type":"PropertyValueSpecification","valueRequired":true,"valueName":"search_term_string"}}],"inLanguage":"en-GB"},{"@type":"Organization","@id":"https:\/\/cantir.art\/#organization","name":"C\u00e0ntir","url":"https:\/\/cantir.art\/","logo":{"@type":"ImageObject","inLanguage":"en-GB","@id":"https:\/\/cantir.art\/#\/schema\/logo\/image\/","url":"https:\/\/i0.wp.com\/cantir.art\/wp-content\/uploads\/2025\/01\/cantir-10.png?fit=2551%2C1060&ssl=1","contentUrl":"https:\/\/i0.wp.com\/cantir.art\/wp-content\/uploads\/2025\/01\/cantir-10.png?fit=2551%2C1060&ssl=1","width":2551,"height":1060,"caption":"C\u00e0ntir"},"image":{"@id":"https:\/\/cantir.art\/#\/schema\/logo\/image\/"}}]}},"jetpack_sharing_enabled":true,"_links":{"self":[{"href":"https:\/\/cantir.art\/en\/wp-json\/wp\/v2\/product\/4562","targetHints":{"allow":["GET"]}}],"collection":[{"href":"https:\/\/cantir.art\/en\/wp-json\/wp\/v2\/product"}],"about":[{"href":"https:\/\/cantir.art\/en\/wp-json\/wp\/v2\/types\/product"}],"replies":[{"embeddable":true,"href":"https:\/\/cantir.art\/en\/wp-json\/wp\/v2\/comments?post=4562"}],"version-history":[{"count":6,"href":"https:\/\/cantir.art\/en\/wp-json\/wp\/v2\/product\/4562\/revisions"}],"predecessor-version":[{"id":6409,"href":"https:\/\/cantir.art\/en\/wp-json\/wp\/v2\/product\/4562\/revisions\/6409"}],"wp:featuredmedia":[{"embeddable":true,"href":"https:\/\/cantir.art\/en\/wp-json\/wp\/v2\/media\/6408"}],"wp:attachment":[{"href":"https:\/\/cantir.art\/en\/wp-json\/wp\/v2\/media?parent=4562"}],"wp:term":[{"taxonomy":"product_brand","embeddable":true,"href":"https:\/\/cantir.art\/en\/wp-json\/wp\/v2\/product_brand?post=4562"},{"taxonomy":"product_cat","embeddable":true,"href":"https:\/\/cantir.art\/en\/wp-json\/wp\/v2\/product_cat?post=4562"},{"taxonomy":"product_tag","embeddable":true,"href":"https:\/\/cantir.art\/en\/wp-json\/wp\/v2\/product_tag?post=4562"}],"curies":[{"name":"wp","href":"https:\/\/api.w.org\/{rel}","templated":true}]}}