{"id":6110,"date":"2025-03-20T13:37:48","date_gmt":"2025-03-20T12:37:48","guid":{"rendered":"https:\/\/cantir.art\/?post_type=product&#038;p=6110"},"modified":"2025-09-26T18:59:40","modified_gmt":"2025-09-26T16:59:40","slug":"estatua-de-cobre-chenrezig","status":"publish","type":"product","link":"https:\/\/cantir.art\/en\/product\/estatua-de-cobre-chenrezig\/","title":{"rendered":"Copper statue of Chenrezig"},"content":{"rendered":"<div data-elementor-type=\"wp-post\" data-elementor-id=\"6110\" class=\"elementor elementor-6110\">\n\t\t\t\t<div class=\"elementor-element elementor-element-52048079 e-flex e-con-boxed e-con e-parent\" data-id=\"52048079\" data-element_type=\"container\">\n\t\t\t\t\t<div class=\"e-con-inner\">\n\t\t\t\t\t<\/div>\n\t\t\t\t<\/div>\n\t\t\t\t<\/div>","protected":false},"excerpt":{"rendered":"<p><span style=\"font-weight: 400;\">Copper statue of Chenrezig.<\/span><\/p>\n<p>&nbsp;<\/p>\n<p class=\"translation-block\">The term \"consecrate\" comes from the Latin consecr\u0101re: con- (wholly or totally) and sacrare (to make sacred, to dedicate to the sacred). It is a ritual through which an object becomes a spiritual medium, attributing value to the practice, and a special moment in which the statue is given \"life\" by filling it with small scrolled mantras, substances, and symbols.<\/p>\n<p><span style=\"font-weight: 400;\">Once purchased, the statues will be consecrated with care and attention by the center's master, Lama Ngawang Norbu. This gives them added value, as it is rare to purchase a statue and have it consecrated later. For this reason, delivery may take an additional 2 to 3 weeks.<\/span><\/p>\n<p><span style=\"font-weight: 400;\">\u00a0<\/span><\/p>","protected":false},"featured_media":6456,"comment_status":"open","ping_status":"closed","template":"elementor_theme","meta":[],"product_brand":[],"product_cat":[138,158],"product_tag":[248,246],"class_list":{"0":"post-6110","1":"product","2":"type-product","3":"status-publish","4":"has-post-thumbnail","6":"product_cat-estatuas","7":"product_cat-pequenas","8":"product_tag-chenrezig","9":"product_tag-estatua","11":"first","12":"instock","13":"taxable","14":"shipping-taxable","15":"purchasable","16":"product-type-simple"},"supplier_id":null,"supplier_sku":"","barcode":null,"atum_controlled":true,"out_stock_date":null,"out_stock_threshold":null,"inheritable":false,"inbound_stock":null,"stock_on_hold":0,"sold_today":0,"sales_last_days":0,"reserved_stock":null,"customer_returns":null,"warehouse_damage":null,"lost_in_post":null,"other_logs":null,"out_stock_days":0,"lost_sales":0,"has_location":false,"update_date":"2026-04-14T02:05:40","atum_locations":[],"atum_stock_status":"instock","restock_status":false,"low_stock_amount":"","sales_update_date":"2026-04-14T02:05:40","calc_backorders":null,"yoast_head":"<!-- This site is optimized with the Yoast SEO plugin v26.9 - https:\/\/yoast.com\/product\/yoast-seo-wordpress\/ -->\n<title>Estatua de Chenrezig en cobre - C\u00e0ntir<\/title>\n<meta name=\"robots\" content=\"index, follow, max-snippet:-1, max-image-preview:large, max-video-preview:-1\" \/>\n<link rel=\"canonical\" href=\"https:\/\/cantir.art\/en\/product\/estatua-de-cobre-chenrezig\/\" \/>\n<meta property=\"og:locale\" content=\"en_GB\" \/>\n<meta property=\"og:type\" content=\"article\" \/>\n<meta property=\"og:title\" content=\"Estatua de Chenrezig en cobre - C\u00e0ntir\" \/>\n<meta property=\"og:description\" content=\"Estatua de cobre de Chenrezig.  &nbsp;  El t\u00e9rmino consagrar proviene del lat\u00edn consecr\u0101re: con- (junto o totalmente) y sacrare (hacer sagrado, dedicar a lo sagrado). Se trata de un ritual mediante el cual un objeto se convierte en soporte espiritual, atribuy\u00e9ndole valor para la pr\u00e1ctica, y un momento especial en el que se da \u201cvida\u201d a la estatua, llen\u00e1ndola de peque\u00f1os mantras enrollados, sustancias y s\u00edmbolos.  Una vez compradas, las estatuas ser\u00e1n consagradas por el maestro del centro, Lama Ngawang Norbu, con cuidado y atenci\u00f3n. Esto les otorga un valor a\u00f1adido, ya que es poco habitual poder comprar una estatua y que sea consagrada posteriormente. Por este motivo, la entrega puede tardar entre 2 y 3 semanas adicionales.  \u00a0\" \/>\n<meta property=\"og:url\" content=\"https:\/\/cantir.art\/en\/product\/estatua-de-cobre-chenrezig\/\" \/>\n<meta property=\"og:site_name\" content=\"C\u00e0ntir\" \/>\n<meta property=\"article:modified_time\" content=\"2025-09-26T16:59:40+00:00\" \/>\n<meta property=\"og:image\" content=\"https:\/\/cantir.art\/wp-content\/uploads\/2025\/09\/CHENREZIG-COBRE-scaled-2.jpg\" \/>\n\t<meta property=\"og:image:width\" content=\"1922\" \/>\n\t<meta property=\"og:image:height\" content=\"2560\" \/>\n\t<meta property=\"og:image:type\" content=\"image\/jpeg\" \/>\n<meta name=\"twitter:card\" content=\"summary_large_image\" \/>\n<meta name=\"twitter:label1\" content=\"Estimated reading time\" \/>\n\t<meta name=\"twitter:data1\" content=\"1 minute\" \/>\n<script type=\"application\/ld+json\" class=\"yoast-schema-graph\">{\"@context\":\"https:\/\/schema.org\",\"@graph\":[{\"@type\":\"WebPage\",\"@id\":\"https:\/\/cantir.art\/producto\/estatua-de-cobre-chenrezig\/\",\"url\":\"https:\/\/cantir.art\/producto\/estatua-de-cobre-chenrezig\/\",\"name\":\"Estatua de Chenrezig en cobre - C\u00e0ntir\",\"isPartOf\":{\"@id\":\"https:\/\/cantir.art\/#website\"},\"primaryImageOfPage\":{\"@id\":\"https:\/\/cantir.art\/producto\/estatua-de-cobre-chenrezig\/#primaryimage\"},\"image\":{\"@id\":\"https:\/\/cantir.art\/producto\/estatua-de-cobre-chenrezig\/#primaryimage\"},\"thumbnailUrl\":\"https:\/\/i0.wp.com\/cantir.art\/wp-content\/uploads\/2025\/09\/CHENREZIG-COBRE-scaled-2.jpg?fit=1922%2C2560&ssl=1\",\"datePublished\":\"2025-03-20T12:37:48+00:00\",\"dateModified\":\"2025-09-26T16:59:40+00:00\",\"breadcrumb\":{\"@id\":\"https:\/\/cantir.art\/producto\/estatua-de-cobre-chenrezig\/#breadcrumb\"},\"inLanguage\":\"en-GB\",\"potentialAction\":[{\"@type\":\"ReadAction\",\"target\":[\"https:\/\/cantir.art\/producto\/estatua-de-cobre-chenrezig\/\"]}]},{\"@type\":\"ImageObject\",\"inLanguage\":\"en-GB\",\"@id\":\"https:\/\/cantir.art\/producto\/estatua-de-cobre-chenrezig\/#primaryimage\",\"url\":\"https:\/\/i0.wp.com\/cantir.art\/wp-content\/uploads\/2025\/09\/CHENREZIG-COBRE-scaled-2.jpg?fit=1922%2C2560&ssl=1\",\"contentUrl\":\"https:\/\/i0.wp.com\/cantir.art\/wp-content\/uploads\/2025\/09\/CHENREZIG-COBRE-scaled-2.jpg?fit=1922%2C2560&ssl=1\",\"width\":1922,\"height\":2560},{\"@type\":\"BreadcrumbList\",\"@id\":\"https:\/\/cantir.art\/producto\/estatua-de-cobre-chenrezig\/#breadcrumb\",\"itemListElement\":[{\"@type\":\"ListItem\",\"position\":1,\"name\":\"Portada\",\"item\":\"https:\/\/cantir.art\/\"},{\"@type\":\"ListItem\",\"position\":2,\"name\":\"NEW Tienda\",\"item\":\"https:\/\/cantir.art\/en\/new-tienda\/\"},{\"@type\":\"ListItem\",\"position\":3,\"name\":\"Estatua de Chenrezig en cobre\"}]},{\"@type\":\"WebSite\",\"@id\":\"https:\/\/cantir.art\/#website\",\"url\":\"https:\/\/cantir.art\/\",\"name\":\"C\u00e0ntir\",\"description\":\"Simbolismo budista y est\u00e9tica mediterr\u00e1nea en objetos que conectan pr\u00e1ctica y cotidianidad\",\"publisher\":{\"@id\":\"https:\/\/cantir.art\/#organization\"},\"potentialAction\":[{\"@type\":\"SearchAction\",\"target\":{\"@type\":\"EntryPoint\",\"urlTemplate\":\"https:\/\/cantir.art\/?s={search_term_string}\"},\"query-input\":{\"@type\":\"PropertyValueSpecification\",\"valueRequired\":true,\"valueName\":\"search_term_string\"}}],\"inLanguage\":\"en-GB\"},{\"@type\":\"Organization\",\"@id\":\"https:\/\/cantir.art\/#organization\",\"name\":\"C\u00e0ntir\",\"url\":\"https:\/\/cantir.art\/\",\"logo\":{\"@type\":\"ImageObject\",\"inLanguage\":\"en-GB\",\"@id\":\"https:\/\/cantir.art\/#\/schema\/logo\/image\/\",\"url\":\"https:\/\/i0.wp.com\/cantir.art\/wp-content\/uploads\/2025\/01\/cantir-10.png?fit=2551%2C1060&ssl=1\",\"contentUrl\":\"https:\/\/i0.wp.com\/cantir.art\/wp-content\/uploads\/2025\/01\/cantir-10.png?fit=2551%2C1060&ssl=1\",\"width\":2551,\"height\":1060,\"caption\":\"C\u00e0ntir\"},\"image\":{\"@id\":\"https:\/\/cantir.art\/#\/schema\/logo\/image\/\"}}]}<\/script>\n<!-- \/ Yoast SEO plugin. -->","yoast_head_json":{"title":"Estatua de Chenrezig en cobre - C\u00e0ntir","robots":{"index":"index","follow":"follow","max-snippet":"max-snippet:-1","max-image-preview":"max-image-preview:large","max-video-preview":"max-video-preview:-1"},"canonical":"https:\/\/cantir.art\/en\/product\/estatua-de-cobre-chenrezig\/","og_locale":"en_GB","og_type":"article","og_title":"Estatua de Chenrezig en cobre - C\u00e0ntir","og_description":"Estatua de cobre de Chenrezig.  &nbsp;  El t\u00e9rmino consagrar proviene del lat\u00edn consecr\u0101re: con- (junto o totalmente) y sacrare (hacer sagrado, dedicar a lo sagrado). Se trata de un ritual mediante el cual un objeto se convierte en soporte espiritual, atribuy\u00e9ndole valor para la pr\u00e1ctica, y un momento especial en el que se da \u201cvida\u201d a la estatua, llen\u00e1ndola de peque\u00f1os mantras enrollados, sustancias y s\u00edmbolos.  Una vez compradas, las estatuas ser\u00e1n consagradas por el maestro del centro, Lama Ngawang Norbu, con cuidado y atenci\u00f3n. Esto les otorga un valor a\u00f1adido, ya que es poco habitual poder comprar una estatua y que sea consagrada posteriormente. Por este motivo, la entrega puede tardar entre 2 y 3 semanas adicionales.  \u00a0","og_url":"https:\/\/cantir.art\/en\/product\/estatua-de-cobre-chenrezig\/","og_site_name":"C\u00e0ntir","article_modified_time":"2025-09-26T16:59:40+00:00","og_image":[{"width":1922,"height":2560,"url":"https:\/\/cantir.art\/wp-content\/uploads\/2025\/09\/CHENREZIG-COBRE-scaled-2.jpg","type":"image\/jpeg"}],"twitter_card":"summary_large_image","twitter_misc":{"Estimated reading time":"1 minute"},"schema":{"@context":"https:\/\/schema.org","@graph":[{"@type":"WebPage","@id":"https:\/\/cantir.art\/producto\/estatua-de-cobre-chenrezig\/","url":"https:\/\/cantir.art\/producto\/estatua-de-cobre-chenrezig\/","name":"Estatua de Chenrezig en cobre - C\u00e0ntir","isPartOf":{"@id":"https:\/\/cantir.art\/#website"},"primaryImageOfPage":{"@id":"https:\/\/cantir.art\/producto\/estatua-de-cobre-chenrezig\/#primaryimage"},"image":{"@id":"https:\/\/cantir.art\/producto\/estatua-de-cobre-chenrezig\/#primaryimage"},"thumbnailUrl":"https:\/\/i0.wp.com\/cantir.art\/wp-content\/uploads\/2025\/09\/CHENREZIG-COBRE-scaled-2.jpg?fit=1922%2C2560&ssl=1","datePublished":"2025-03-20T12:37:48+00:00","dateModified":"2025-09-26T16:59:40+00:00","breadcrumb":{"@id":"https:\/\/cantir.art\/producto\/estatua-de-cobre-chenrezig\/#breadcrumb"},"inLanguage":"en-GB","potentialAction":[{"@type":"ReadAction","target":["https:\/\/cantir.art\/producto\/estatua-de-cobre-chenrezig\/"]}]},{"@type":"ImageObject","inLanguage":"en-GB","@id":"https:\/\/cantir.art\/producto\/estatua-de-cobre-chenrezig\/#primaryimage","url":"https:\/\/i0.wp.com\/cantir.art\/wp-content\/uploads\/2025\/09\/CHENREZIG-COBRE-scaled-2.jpg?fit=1922%2C2560&ssl=1","contentUrl":"https:\/\/i0.wp.com\/cantir.art\/wp-content\/uploads\/2025\/09\/CHENREZIG-COBRE-scaled-2.jpg?fit=1922%2C2560&ssl=1","width":1922,"height":2560},{"@type":"BreadcrumbList","@id":"https:\/\/cantir.art\/producto\/estatua-de-cobre-chenrezig\/#breadcrumb","itemListElement":[{"@type":"ListItem","position":1,"name":"Portada","item":"https:\/\/cantir.art\/"},{"@type":"ListItem","position":2,"name":"NEW Tienda","item":"https:\/\/cantir.art\/en\/new-tienda\/"},{"@type":"ListItem","position":3,"name":"Estatua de Chenrezig en cobre"}]},{"@type":"WebSite","@id":"https:\/\/cantir.art\/#website","url":"https:\/\/cantir.art\/","name":"C\u00e0ntir","description":"Buddhist symbolism and Mediterranean aesthetics in objects that connect practice with everyday life","publisher":{"@id":"https:\/\/cantir.art\/#organization"},"potentialAction":[{"@type":"SearchAction","target":{"@type":"EntryPoint","urlTemplate":"https:\/\/cantir.art\/?s={search_term_string}"},"query-input":{"@type":"PropertyValueSpecification","valueRequired":true,"valueName":"search_term_string"}}],"inLanguage":"en-GB"},{"@type":"Organization","@id":"https:\/\/cantir.art\/#organization","name":"C\u00e0ntir","url":"https:\/\/cantir.art\/","logo":{"@type":"ImageObject","inLanguage":"en-GB","@id":"https:\/\/cantir.art\/#\/schema\/logo\/image\/","url":"https:\/\/i0.wp.com\/cantir.art\/wp-content\/uploads\/2025\/01\/cantir-10.png?fit=2551%2C1060&ssl=1","contentUrl":"https:\/\/i0.wp.com\/cantir.art\/wp-content\/uploads\/2025\/01\/cantir-10.png?fit=2551%2C1060&ssl=1","width":2551,"height":1060,"caption":"C\u00e0ntir"},"image":{"@id":"https:\/\/cantir.art\/#\/schema\/logo\/image\/"}}]}},"jetpack_sharing_enabled":true,"_links":{"self":[{"href":"https:\/\/cantir.art\/en\/wp-json\/wp\/v2\/product\/6110","targetHints":{"allow":["GET"]}}],"collection":[{"href":"https:\/\/cantir.art\/en\/wp-json\/wp\/v2\/product"}],"about":[{"href":"https:\/\/cantir.art\/en\/wp-json\/wp\/v2\/types\/product"}],"replies":[{"embeddable":true,"href":"https:\/\/cantir.art\/en\/wp-json\/wp\/v2\/comments?post=6110"}],"version-history":[{"count":3,"href":"https:\/\/cantir.art\/en\/wp-json\/wp\/v2\/product\/6110\/revisions"}],"predecessor-version":[{"id":7053,"href":"https:\/\/cantir.art\/en\/wp-json\/wp\/v2\/product\/6110\/revisions\/7053"}],"wp:featuredmedia":[{"embeddable":true,"href":"https:\/\/cantir.art\/en\/wp-json\/wp\/v2\/media\/6456"}],"wp:attachment":[{"href":"https:\/\/cantir.art\/en\/wp-json\/wp\/v2\/media?parent=6110"}],"wp:term":[{"taxonomy":"product_brand","embeddable":true,"href":"https:\/\/cantir.art\/en\/wp-json\/wp\/v2\/product_brand?post=6110"},{"taxonomy":"product_cat","embeddable":true,"href":"https:\/\/cantir.art\/en\/wp-json\/wp\/v2\/product_cat?post=6110"},{"taxonomy":"product_tag","embeddable":true,"href":"https:\/\/cantir.art\/en\/wp-json\/wp\/v2\/product_tag?post=6110"}],"curies":[{"name":"wp","href":"https:\/\/api.w.org\/{rel}","templated":true}]}}