{"id":6476,"date":"2025-09-21T21:43:46","date_gmt":"2025-09-21T19:43:46","guid":{"rendered":"https:\/\/cantir.art\/?post_type=product&#038;p=6476"},"modified":"2025-09-21T21:44:33","modified_gmt":"2025-09-21T19:44:33","slug":"serkym-pequeno","status":"publish","type":"product","link":"https:\/\/cantir.art\/en\/product\/serkym-pequeno\/","title":{"rendered":"Serkym small"},"content":{"rendered":"<p>Tingsha are a pair of small metal bells traditionally used in Tibetan Buddhist rituals, characterized by their flat circular shape and crystal-clear sound produced when struck together. These sacred musical instruments, usually made of bronze or specific metal alloys, are used in meditation ceremonies, spiritual practices, and to mark important moments during rituals, symbolizing mental clarity, sound purification, and conscious presence in sacred space.<\/p>","protected":false},"excerpt":{"rendered":"<p>The <b>serkym<\/b> is a Tibetan ritual object, a traditional offering used in the spiritual practice of Vajrayana Buddhism. It consists of a set of two metal cups (one fits on top of the other) into which liquids such as tea, beer, or wine are poured as a sign of respect, gratitude, and devotion to the patron deities. It is used in ceremonies to invoke blessings, protection, and remove obstacles.<\/p>\n<p>This small format is ideal for making your nectar offerings wherever you go!<\/p>","protected":false},"featured_media":6499,"comment_status":"open","ping_status":"closed","template":"","meta":[],"product_brand":[],"product_cat":[141,143],"product_tag":[184],"class_list":{"0":"post-6476","1":"product","2":"type-product","3":"status-publish","4":"has-post-thumbnail","6":"product_cat-objetos","7":"product_cat-rituales","8":"product_tag-rituales","10":"first","11":"instock","12":"taxable","13":"shipping-taxable","14":"purchasable","15":"product-type-simple"},"supplier_id":null,"supplier_sku":"","barcode":null,"atum_controlled":true,"out_stock_date":null,"out_stock_threshold":null,"inheritable":false,"inbound_stock":null,"stock_on_hold":0,"sold_today":0,"sales_last_days":0,"reserved_stock":null,"customer_returns":null,"warehouse_damage":null,"lost_in_post":null,"other_logs":null,"out_stock_days":0,"lost_sales":0,"has_location":null,"update_date":"2026-04-15T02:05:56","atum_locations":[],"atum_stock_status":"instock","restock_status":false,"low_stock_amount":"","sales_update_date":"2026-04-15T02:05:56","calc_backorders":null,"yoast_head":"<!-- This site is optimized with the Yoast SEO plugin v26.9 - https:\/\/yoast.com\/product\/yoast-seo-wordpress\/ -->\n<title>Serkym peque\u00f1o - C\u00e0ntir<\/title>\n<meta name=\"robots\" content=\"index, follow, max-snippet:-1, max-image-preview:large, max-video-preview:-1\" \/>\n<link rel=\"canonical\" href=\"https:\/\/cantir.art\/en\/product\/serkym-pequeno\/\" \/>\n<meta property=\"og:locale\" content=\"en_GB\" \/>\n<meta property=\"og:type\" content=\"article\" \/>\n<meta property=\"og:title\" content=\"Serkym peque\u00f1o - C\u00e0ntir\" \/>\n<meta property=\"og:description\" content=\"Un serkym es un objeto ritual tibetano, una ofrenda tradicional usada en la pr\u00e1ctica espiritual del budismo Vajrayana. Consiste en un juego de dos copas met\u00e1licas (una encaja sobre otra) donde se vierten l\u00edquidos como t\u00e9, cerveza o vino en se\u00f1al de respeto, gratitud y devoci\u00f3n hacia las deidades protectoras. Se utiliza en ceremonias para invocar bendiciones, protecci\u00f3n y remover obst\u00e1culos.  \u00a1Este formato peque\u00f1o es ideal para poder hacer tus ofrendas de n\u00e9ctar ah\u00ed donde vayas!\" \/>\n<meta property=\"og:url\" content=\"https:\/\/cantir.art\/en\/product\/serkym-pequeno\/\" \/>\n<meta property=\"og:site_name\" content=\"C\u00e0ntir\" \/>\n<meta property=\"article:modified_time\" content=\"2025-09-21T19:44:33+00:00\" \/>\n<meta name=\"twitter:card\" content=\"summary_large_image\" \/>\n<script type=\"application\/ld+json\" class=\"yoast-schema-graph\">{\"@context\":\"https:\/\/schema.org\",\"@graph\":[{\"@type\":\"WebPage\",\"@id\":\"https:\/\/cantir.art\/producto\/serkym-pequeno\/\",\"url\":\"https:\/\/cantir.art\/producto\/serkym-pequeno\/\",\"name\":\"Serkym peque\u00f1o - C\u00e0ntir\",\"isPartOf\":{\"@id\":\"https:\/\/cantir.art\/#website\"},\"primaryImageOfPage\":{\"@id\":\"https:\/\/cantir.art\/producto\/serkym-pequeno\/#primaryimage\"},\"image\":{\"@id\":\"https:\/\/cantir.art\/producto\/serkym-pequeno\/#primaryimage\"},\"thumbnailUrl\":\"https:\/\/i0.wp.com\/cantir.art\/wp-content\/uploads\/2025\/09\/SERKYM-PEQUENO-A-scaled-2.jpg?fit=1922%2C2560&ssl=1\",\"datePublished\":\"2025-09-21T19:43:46+00:00\",\"dateModified\":\"2025-09-21T19:44:33+00:00\",\"breadcrumb\":{\"@id\":\"https:\/\/cantir.art\/producto\/serkym-pequeno\/#breadcrumb\"},\"inLanguage\":\"en-GB\",\"potentialAction\":[{\"@type\":\"ReadAction\",\"target\":[\"https:\/\/cantir.art\/producto\/serkym-pequeno\/\"]}]},{\"@type\":\"ImageObject\",\"inLanguage\":\"en-GB\",\"@id\":\"https:\/\/cantir.art\/producto\/serkym-pequeno\/#primaryimage\",\"url\":\"https:\/\/i0.wp.com\/cantir.art\/wp-content\/uploads\/2025\/09\/SERKYM-PEQUENO-A-scaled-2.jpg?fit=1922%2C2560&ssl=1\",\"contentUrl\":\"https:\/\/i0.wp.com\/cantir.art\/wp-content\/uploads\/2025\/09\/SERKYM-PEQUENO-A-scaled-2.jpg?fit=1922%2C2560&ssl=1\",\"width\":1922,\"height\":2560},{\"@type\":\"BreadcrumbList\",\"@id\":\"https:\/\/cantir.art\/producto\/serkym-pequeno\/#breadcrumb\",\"itemListElement\":[{\"@type\":\"ListItem\",\"position\":1,\"name\":\"Portada\",\"item\":\"https:\/\/cantir.art\/\"},{\"@type\":\"ListItem\",\"position\":2,\"name\":\"NEW Tienda\",\"item\":\"https:\/\/cantir.art\/en\/new-tienda\/\"},{\"@type\":\"ListItem\",\"position\":3,\"name\":\"Serkym peque\u00f1o\"}]},{\"@type\":\"WebSite\",\"@id\":\"https:\/\/cantir.art\/#website\",\"url\":\"https:\/\/cantir.art\/\",\"name\":\"C\u00e0ntir\",\"description\":\"Simbolismo budista y est\u00e9tica mediterr\u00e1nea en objetos que conectan pr\u00e1ctica y cotidianidad\",\"publisher\":{\"@id\":\"https:\/\/cantir.art\/#organization\"},\"potentialAction\":[{\"@type\":\"SearchAction\",\"target\":{\"@type\":\"EntryPoint\",\"urlTemplate\":\"https:\/\/cantir.art\/?s={search_term_string}\"},\"query-input\":{\"@type\":\"PropertyValueSpecification\",\"valueRequired\":true,\"valueName\":\"search_term_string\"}}],\"inLanguage\":\"en-GB\"},{\"@type\":\"Organization\",\"@id\":\"https:\/\/cantir.art\/#organization\",\"name\":\"C\u00e0ntir\",\"url\":\"https:\/\/cantir.art\/\",\"logo\":{\"@type\":\"ImageObject\",\"inLanguage\":\"en-GB\",\"@id\":\"https:\/\/cantir.art\/#\/schema\/logo\/image\/\",\"url\":\"https:\/\/i0.wp.com\/cantir.art\/wp-content\/uploads\/2025\/01\/cantir-10.png?fit=2551%2C1060&ssl=1\",\"contentUrl\":\"https:\/\/i0.wp.com\/cantir.art\/wp-content\/uploads\/2025\/01\/cantir-10.png?fit=2551%2C1060&ssl=1\",\"width\":2551,\"height\":1060,\"caption\":\"C\u00e0ntir\"},\"image\":{\"@id\":\"https:\/\/cantir.art\/#\/schema\/logo\/image\/\"}}]}<\/script>\n<!-- \/ Yoast SEO plugin. -->","yoast_head_json":{"title":"Small Serkym - C\u00e0ntir","robots":{"index":"index","follow":"follow","max-snippet":"max-snippet:-1","max-image-preview":"max-image-preview:large","max-video-preview":"max-video-preview:-1"},"canonical":"https:\/\/cantir.art\/en\/product\/serkym-pequeno\/","og_locale":"en_GB","og_type":"article","og_title":"Serkym peque\u00f1o - C\u00e0ntir","og_description":"Un serkym es un objeto ritual tibetano, una ofrenda tradicional usada en la pr\u00e1ctica espiritual del budismo Vajrayana. Consiste en un juego de dos copas met\u00e1licas (una encaja sobre otra) donde se vierten l\u00edquidos como t\u00e9, cerveza o vino en se\u00f1al de respeto, gratitud y devoci\u00f3n hacia las deidades protectoras. Se utiliza en ceremonias para invocar bendiciones, protecci\u00f3n y remover obst\u00e1culos.  \u00a1Este formato peque\u00f1o es ideal para poder hacer tus ofrendas de n\u00e9ctar ah\u00ed donde vayas!","og_url":"https:\/\/cantir.art\/en\/product\/serkym-pequeno\/","og_site_name":"C\u00e0ntir","article_modified_time":"2025-09-21T19:44:33+00:00","twitter_card":"summary_large_image","schema":{"@context":"https:\/\/schema.org","@graph":[{"@type":"WebPage","@id":"https:\/\/cantir.art\/producto\/serkym-pequeno\/","url":"https:\/\/cantir.art\/producto\/serkym-pequeno\/","name":"Small Serkym - C\u00e0ntir","isPartOf":{"@id":"https:\/\/cantir.art\/#website"},"primaryImageOfPage":{"@id":"https:\/\/cantir.art\/producto\/serkym-pequeno\/#primaryimage"},"image":{"@id":"https:\/\/cantir.art\/producto\/serkym-pequeno\/#primaryimage"},"thumbnailUrl":"https:\/\/i0.wp.com\/cantir.art\/wp-content\/uploads\/2025\/09\/SERKYM-PEQUENO-A-scaled-2.jpg?fit=1922%2C2560&ssl=1","datePublished":"2025-09-21T19:43:46+00:00","dateModified":"2025-09-21T19:44:33+00:00","breadcrumb":{"@id":"https:\/\/cantir.art\/producto\/serkym-pequeno\/#breadcrumb"},"inLanguage":"en-GB","potentialAction":[{"@type":"ReadAction","target":["https:\/\/cantir.art\/producto\/serkym-pequeno\/"]}]},{"@type":"ImageObject","inLanguage":"en-GB","@id":"https:\/\/cantir.art\/producto\/serkym-pequeno\/#primaryimage","url":"https:\/\/i0.wp.com\/cantir.art\/wp-content\/uploads\/2025\/09\/SERKYM-PEQUENO-A-scaled-2.jpg?fit=1922%2C2560&ssl=1","contentUrl":"https:\/\/i0.wp.com\/cantir.art\/wp-content\/uploads\/2025\/09\/SERKYM-PEQUENO-A-scaled-2.jpg?fit=1922%2C2560&ssl=1","width":1922,"height":2560},{"@type":"BreadcrumbList","@id":"https:\/\/cantir.art\/producto\/serkym-pequeno\/#breadcrumb","itemListElement":[{"@type":"ListItem","position":1,"name":"Portada","item":"https:\/\/cantir.art\/"},{"@type":"ListItem","position":2,"name":"NEW Tienda","item":"https:\/\/cantir.art\/en\/new-tienda\/"},{"@type":"ListItem","position":3,"name":"Serkym peque\u00f1o"}]},{"@type":"WebSite","@id":"https:\/\/cantir.art\/#website","url":"https:\/\/cantir.art\/","name":"C\u00e0ntir","description":"Buddhist symbolism and Mediterranean aesthetics in objects that connect practice with everyday life","publisher":{"@id":"https:\/\/cantir.art\/#organization"},"potentialAction":[{"@type":"SearchAction","target":{"@type":"EntryPoint","urlTemplate":"https:\/\/cantir.art\/?s={search_term_string}"},"query-input":{"@type":"PropertyValueSpecification","valueRequired":true,"valueName":"search_term_string"}}],"inLanguage":"en-GB"},{"@type":"Organization","@id":"https:\/\/cantir.art\/#organization","name":"C\u00e0ntir","url":"https:\/\/cantir.art\/","logo":{"@type":"ImageObject","inLanguage":"en-GB","@id":"https:\/\/cantir.art\/#\/schema\/logo\/image\/","url":"https:\/\/i0.wp.com\/cantir.art\/wp-content\/uploads\/2025\/01\/cantir-10.png?fit=2551%2C1060&ssl=1","contentUrl":"https:\/\/i0.wp.com\/cantir.art\/wp-content\/uploads\/2025\/01\/cantir-10.png?fit=2551%2C1060&ssl=1","width":2551,"height":1060,"caption":"C\u00e0ntir"},"image":{"@id":"https:\/\/cantir.art\/#\/schema\/logo\/image\/"}}]}},"jetpack_sharing_enabled":true,"_links":{"self":[{"href":"https:\/\/cantir.art\/en\/wp-json\/wp\/v2\/product\/6476","targetHints":{"allow":["GET"]}}],"collection":[{"href":"https:\/\/cantir.art\/en\/wp-json\/wp\/v2\/product"}],"about":[{"href":"https:\/\/cantir.art\/en\/wp-json\/wp\/v2\/types\/product"}],"replies":[{"embeddable":true,"href":"https:\/\/cantir.art\/en\/wp-json\/wp\/v2\/comments?post=6476"}],"version-history":[{"count":1,"href":"https:\/\/cantir.art\/en\/wp-json\/wp\/v2\/product\/6476\/revisions"}],"predecessor-version":[{"id":6500,"href":"https:\/\/cantir.art\/en\/wp-json\/wp\/v2\/product\/6476\/revisions\/6500"}],"wp:featuredmedia":[{"embeddable":true,"href":"https:\/\/cantir.art\/en\/wp-json\/wp\/v2\/media\/6499"}],"wp:attachment":[{"href":"https:\/\/cantir.art\/en\/wp-json\/wp\/v2\/media?parent=6476"}],"wp:term":[{"taxonomy":"product_brand","embeddable":true,"href":"https:\/\/cantir.art\/en\/wp-json\/wp\/v2\/product_brand?post=6476"},{"taxonomy":"product_cat","embeddable":true,"href":"https:\/\/cantir.art\/en\/wp-json\/wp\/v2\/product_cat?post=6476"},{"taxonomy":"product_tag","embeddable":true,"href":"https:\/\/cantir.art\/en\/wp-json\/wp\/v2\/product_tag?post=6476"}],"curies":[{"name":"wp","href":"https:\/\/api.w.org\/{rel}","templated":true}]}}