{"id":6578,"date":"2025-09-21T21:46:50","date_gmt":"2025-09-21T19:46:50","guid":{"rendered":"https:\/\/cantir.art\/?post_type=product&#038;p=6578"},"modified":"2025-09-26T17:30:37","modified_gmt":"2025-09-26T15:30:37","slug":"pin-calavera","status":"publish","type":"product","link":"https:\/\/cantir.art\/en\/product\/pin-calavera\/","title":{"rendered":"Skull Pin"},"content":{"rendered":"","protected":false},"excerpt":{"rendered":"<p><span style=\"font-weight: 400;\">Small pin to carry anywhere with a card with the following message:<\/span><\/p>\n<p>However, we've learned to celebrate life and beginnings, but we relegate endings and the coffin to the dark side of history. Death permeates everything, but it's not named. Death visits us all, but we don't welcome it. And that makes our time on earth more unpleasant, because its presence makes us uncomfortable. It's the weird guy at the party that no one wants to talk to. No one, except Buddhists.<\/p>\n<p><span style=\"font-weight: 400;\">Buddhism would tell you that death has many advantages: you're probably no longer with your first boyfriend. Your first job is over. Your period pain isn't eternal. The flatulence from a heavy meal will pass. Even your neuroses, temper, and fears will vanish. And none of this would be possible without death.<\/span><\/p>\n<p><span style=\"font-weight: 400;\">So yes, don't worry, death comes to us all: let's make room for it so that its visit is more pleasant.<\/span><\/p>","protected":false},"featured_media":6611,"comment_status":"open","ping_status":"closed","template":"","meta":[],"product_brand":[],"product_cat":[180,141],"product_tag":[182],"class_list":{"0":"post-6578","1":"product","2":"type-product","3":"status-publish","4":"has-post-thumbnail","6":"product_cat-accesorios","7":"product_cat-objetos","8":"product_tag-accesorio","10":"first","11":"instock","12":"taxable","13":"shipping-taxable","14":"purchasable","15":"product-type-simple"},"supplier_id":null,"supplier_sku":"","barcode":null,"atum_controlled":true,"out_stock_date":null,"out_stock_threshold":null,"inheritable":false,"inbound_stock":0,"stock_on_hold":0,"sold_today":0,"sales_last_days":0,"reserved_stock":0,"customer_returns":0,"warehouse_damage":0,"lost_in_post":0,"other_logs":0,"out_stock_days":0,"lost_sales":0,"has_location":false,"update_date":"2026-04-14T02:05:41","atum_locations":[],"atum_stock_status":"instock","restock_status":false,"low_stock_amount":"","sales_update_date":"2026-04-14T02:05:41","calc_backorders":null,"yoast_head":"<!-- This site is optimized with the Yoast SEO plugin v26.9 - https:\/\/yoast.com\/product\/yoast-seo-wordpress\/ -->\n<title>Pin Calavera - C\u00e0ntir<\/title>\n<meta name=\"robots\" content=\"index, follow, max-snippet:-1, max-image-preview:large, max-video-preview:-1\" \/>\n<link rel=\"canonical\" href=\"https:\/\/cantir.art\/en\/product\/pin-calavera\/\" \/>\n<meta property=\"og:locale\" content=\"en_GB\" \/>\n<meta property=\"og:type\" content=\"article\" \/>\n<meta property=\"og:title\" content=\"Pin Calavera - C\u00e0ntir\" \/>\n<meta property=\"og:description\" content=\"Pin peque\u00f1o para llevar donde quieras con una targeta con el siguiente mensaje:  Sin embargo, hemos aprendido a celebrar la vida y los inicios pero relegamos los finales y el ata\u00fad al lado oscuro de la historia. La muerte lo permea todo pero no se nombra. La muerte nos visita a todos pero no la acogemos. Y eso hace que nuestro paso por la tierra sea m\u00e1s desagradable, porque nos incomoda su presencia. Es el tipo raro de la fiesta con quien nadie quiere hablar. Nadie, excepto los budistas.  El budismo te dir\u00eda que la muerte tiene muchas ventajas: seguramente ya no sigues con tu primer novio. Tu primer trabajo se termin\u00f3. Tu dolor de regla no es eterno. Las flatulencias de una comida densa se pasan. Incluso tus neurosis, mala leche y miedos se esfumar\u00e1n. Y nada de todo esto ser\u00eda posible sin la muerte.  As\u00ed que s\u00ed, tranqui, la muerte nos llega a todos: hag\u00e1mosle un hueco para que su visita sea m\u00e1s amable.\" \/>\n<meta property=\"og:url\" content=\"https:\/\/cantir.art\/en\/product\/pin-calavera\/\" \/>\n<meta property=\"og:site_name\" content=\"C\u00e0ntir\" \/>\n<meta property=\"article:modified_time\" content=\"2025-09-26T15:30:37+00:00\" \/>\n<meta property=\"og:image\" content=\"https:\/\/cantir.art\/wp-content\/uploads\/2025\/09\/PIN-CALAVERA-scaled-2.jpg\" \/>\n\t<meta property=\"og:image:width\" content=\"1920\" \/>\n\t<meta property=\"og:image:height\" content=\"2560\" \/>\n\t<meta property=\"og:image:type\" content=\"image\/jpeg\" \/>\n<meta name=\"twitter:card\" content=\"summary_large_image\" \/>\n<meta name=\"twitter:label1\" content=\"Estimated reading time\" \/>\n\t<meta name=\"twitter:data1\" content=\"1 minute\" \/>\n<script type=\"application\/ld+json\" class=\"yoast-schema-graph\">{\"@context\":\"https:\/\/schema.org\",\"@graph\":[{\"@type\":\"WebPage\",\"@id\":\"https:\/\/cantir.art\/producto\/pin-calavera\/\",\"url\":\"https:\/\/cantir.art\/producto\/pin-calavera\/\",\"name\":\"Pin Calavera - C\u00e0ntir\",\"isPartOf\":{\"@id\":\"https:\/\/cantir.art\/#website\"},\"primaryImageOfPage\":{\"@id\":\"https:\/\/cantir.art\/producto\/pin-calavera\/#primaryimage\"},\"image\":{\"@id\":\"https:\/\/cantir.art\/producto\/pin-calavera\/#primaryimage\"},\"thumbnailUrl\":\"https:\/\/i0.wp.com\/cantir.art\/wp-content\/uploads\/2025\/09\/PIN-CALAVERA-scaled-2.jpg?fit=1920%2C2560&ssl=1\",\"datePublished\":\"2025-09-21T19:46:50+00:00\",\"dateModified\":\"2025-09-26T15:30:37+00:00\",\"breadcrumb\":{\"@id\":\"https:\/\/cantir.art\/producto\/pin-calavera\/#breadcrumb\"},\"inLanguage\":\"en-GB\",\"potentialAction\":[{\"@type\":\"ReadAction\",\"target\":[\"https:\/\/cantir.art\/producto\/pin-calavera\/\"]}]},{\"@type\":\"ImageObject\",\"inLanguage\":\"en-GB\",\"@id\":\"https:\/\/cantir.art\/producto\/pin-calavera\/#primaryimage\",\"url\":\"https:\/\/i0.wp.com\/cantir.art\/wp-content\/uploads\/2025\/09\/PIN-CALAVERA-scaled-2.jpg?fit=1920%2C2560&ssl=1\",\"contentUrl\":\"https:\/\/i0.wp.com\/cantir.art\/wp-content\/uploads\/2025\/09\/PIN-CALAVERA-scaled-2.jpg?fit=1920%2C2560&ssl=1\",\"width\":1920,\"height\":2560},{\"@type\":\"BreadcrumbList\",\"@id\":\"https:\/\/cantir.art\/producto\/pin-calavera\/#breadcrumb\",\"itemListElement\":[{\"@type\":\"ListItem\",\"position\":1,\"name\":\"Portada\",\"item\":\"https:\/\/cantir.art\/\"},{\"@type\":\"ListItem\",\"position\":2,\"name\":\"NEW Tienda\",\"item\":\"https:\/\/cantir.art\/en\/new-tienda\/\"},{\"@type\":\"ListItem\",\"position\":3,\"name\":\"Pin Calavera\"}]},{\"@type\":\"WebSite\",\"@id\":\"https:\/\/cantir.art\/#website\",\"url\":\"https:\/\/cantir.art\/\",\"name\":\"C\u00e0ntir\",\"description\":\"Simbolismo budista y est\u00e9tica mediterr\u00e1nea en objetos que conectan pr\u00e1ctica y cotidianidad\",\"publisher\":{\"@id\":\"https:\/\/cantir.art\/#organization\"},\"potentialAction\":[{\"@type\":\"SearchAction\",\"target\":{\"@type\":\"EntryPoint\",\"urlTemplate\":\"https:\/\/cantir.art\/?s={search_term_string}\"},\"query-input\":{\"@type\":\"PropertyValueSpecification\",\"valueRequired\":true,\"valueName\":\"search_term_string\"}}],\"inLanguage\":\"en-GB\"},{\"@type\":\"Organization\",\"@id\":\"https:\/\/cantir.art\/#organization\",\"name\":\"C\u00e0ntir\",\"url\":\"https:\/\/cantir.art\/\",\"logo\":{\"@type\":\"ImageObject\",\"inLanguage\":\"en-GB\",\"@id\":\"https:\/\/cantir.art\/#\/schema\/logo\/image\/\",\"url\":\"https:\/\/i0.wp.com\/cantir.art\/wp-content\/uploads\/2025\/01\/cantir-10.png?fit=2551%2C1060&ssl=1\",\"contentUrl\":\"https:\/\/i0.wp.com\/cantir.art\/wp-content\/uploads\/2025\/01\/cantir-10.png?fit=2551%2C1060&ssl=1\",\"width\":2551,\"height\":1060,\"caption\":\"C\u00e0ntir\"},\"image\":{\"@id\":\"https:\/\/cantir.art\/#\/schema\/logo\/image\/\"}}]}<\/script>\n<!-- \/ Yoast SEO plugin. -->","yoast_head_json":{"title":"Pin Calavera - C\u00e0ntir","robots":{"index":"index","follow":"follow","max-snippet":"max-snippet:-1","max-image-preview":"max-image-preview:large","max-video-preview":"max-video-preview:-1"},"canonical":"https:\/\/cantir.art\/en\/product\/pin-calavera\/","og_locale":"en_GB","og_type":"article","og_title":"Pin Calavera - C\u00e0ntir","og_description":"Pin peque\u00f1o para llevar donde quieras con una targeta con el siguiente mensaje:  Sin embargo, hemos aprendido a celebrar la vida y los inicios pero relegamos los finales y el ata\u00fad al lado oscuro de la historia. La muerte lo permea todo pero no se nombra. La muerte nos visita a todos pero no la acogemos. Y eso hace que nuestro paso por la tierra sea m\u00e1s desagradable, porque nos incomoda su presencia. Es el tipo raro de la fiesta con quien nadie quiere hablar. Nadie, excepto los budistas.  El budismo te dir\u00eda que la muerte tiene muchas ventajas: seguramente ya no sigues con tu primer novio. Tu primer trabajo se termin\u00f3. Tu dolor de regla no es eterno. Las flatulencias de una comida densa se pasan. Incluso tus neurosis, mala leche y miedos se esfumar\u00e1n. Y nada de todo esto ser\u00eda posible sin la muerte.  As\u00ed que s\u00ed, tranqui, la muerte nos llega a todos: hag\u00e1mosle un hueco para que su visita sea m\u00e1s amable.","og_url":"https:\/\/cantir.art\/en\/product\/pin-calavera\/","og_site_name":"C\u00e0ntir","article_modified_time":"2025-09-26T15:30:37+00:00","og_image":[{"width":1920,"height":2560,"url":"https:\/\/cantir.art\/wp-content\/uploads\/2025\/09\/PIN-CALAVERA-scaled-2.jpg","type":"image\/jpeg"}],"twitter_card":"summary_large_image","twitter_misc":{"Estimated reading time":"1 minute"},"schema":{"@context":"https:\/\/schema.org","@graph":[{"@type":"WebPage","@id":"https:\/\/cantir.art\/producto\/pin-calavera\/","url":"https:\/\/cantir.art\/producto\/pin-calavera\/","name":"Pin Calavera - C\u00e0ntir","isPartOf":{"@id":"https:\/\/cantir.art\/#website"},"primaryImageOfPage":{"@id":"https:\/\/cantir.art\/producto\/pin-calavera\/#primaryimage"},"image":{"@id":"https:\/\/cantir.art\/producto\/pin-calavera\/#primaryimage"},"thumbnailUrl":"https:\/\/i0.wp.com\/cantir.art\/wp-content\/uploads\/2025\/09\/PIN-CALAVERA-scaled-2.jpg?fit=1920%2C2560&ssl=1","datePublished":"2025-09-21T19:46:50+00:00","dateModified":"2025-09-26T15:30:37+00:00","breadcrumb":{"@id":"https:\/\/cantir.art\/producto\/pin-calavera\/#breadcrumb"},"inLanguage":"en-GB","potentialAction":[{"@type":"ReadAction","target":["https:\/\/cantir.art\/producto\/pin-calavera\/"]}]},{"@type":"ImageObject","inLanguage":"en-GB","@id":"https:\/\/cantir.art\/producto\/pin-calavera\/#primaryimage","url":"https:\/\/i0.wp.com\/cantir.art\/wp-content\/uploads\/2025\/09\/PIN-CALAVERA-scaled-2.jpg?fit=1920%2C2560&ssl=1","contentUrl":"https:\/\/i0.wp.com\/cantir.art\/wp-content\/uploads\/2025\/09\/PIN-CALAVERA-scaled-2.jpg?fit=1920%2C2560&ssl=1","width":1920,"height":2560},{"@type":"BreadcrumbList","@id":"https:\/\/cantir.art\/producto\/pin-calavera\/#breadcrumb","itemListElement":[{"@type":"ListItem","position":1,"name":"Portada","item":"https:\/\/cantir.art\/"},{"@type":"ListItem","position":2,"name":"NEW Tienda","item":"https:\/\/cantir.art\/en\/new-tienda\/"},{"@type":"ListItem","position":3,"name":"Pin Calavera"}]},{"@type":"WebSite","@id":"https:\/\/cantir.art\/#website","url":"https:\/\/cantir.art\/","name":"C\u00e0ntir","description":"Buddhist symbolism and Mediterranean aesthetics in objects that connect practice with everyday life","publisher":{"@id":"https:\/\/cantir.art\/#organization"},"potentialAction":[{"@type":"SearchAction","target":{"@type":"EntryPoint","urlTemplate":"https:\/\/cantir.art\/?s={search_term_string}"},"query-input":{"@type":"PropertyValueSpecification","valueRequired":true,"valueName":"search_term_string"}}],"inLanguage":"en-GB"},{"@type":"Organization","@id":"https:\/\/cantir.art\/#organization","name":"C\u00e0ntir","url":"https:\/\/cantir.art\/","logo":{"@type":"ImageObject","inLanguage":"en-GB","@id":"https:\/\/cantir.art\/#\/schema\/logo\/image\/","url":"https:\/\/i0.wp.com\/cantir.art\/wp-content\/uploads\/2025\/01\/cantir-10.png?fit=2551%2C1060&ssl=1","contentUrl":"https:\/\/i0.wp.com\/cantir.art\/wp-content\/uploads\/2025\/01\/cantir-10.png?fit=2551%2C1060&ssl=1","width":2551,"height":1060,"caption":"C\u00e0ntir"},"image":{"@id":"https:\/\/cantir.art\/#\/schema\/logo\/image\/"}}]}},"jetpack_sharing_enabled":true,"_links":{"self":[{"href":"https:\/\/cantir.art\/en\/wp-json\/wp\/v2\/product\/6578","targetHints":{"allow":["GET"]}}],"collection":[{"href":"https:\/\/cantir.art\/en\/wp-json\/wp\/v2\/product"}],"about":[{"href":"https:\/\/cantir.art\/en\/wp-json\/wp\/v2\/types\/product"}],"replies":[{"embeddable":true,"href":"https:\/\/cantir.art\/en\/wp-json\/wp\/v2\/comments?post=6578"}],"version-history":[{"count":1,"href":"https:\/\/cantir.art\/en\/wp-json\/wp\/v2\/product\/6578\/revisions"}],"predecessor-version":[{"id":6612,"href":"https:\/\/cantir.art\/en\/wp-json\/wp\/v2\/product\/6578\/revisions\/6612"}],"wp:featuredmedia":[{"embeddable":true,"href":"https:\/\/cantir.art\/en\/wp-json\/wp\/v2\/media\/6611"}],"wp:attachment":[{"href":"https:\/\/cantir.art\/en\/wp-json\/wp\/v2\/media?parent=6578"}],"wp:term":[{"taxonomy":"product_brand","embeddable":true,"href":"https:\/\/cantir.art\/en\/wp-json\/wp\/v2\/product_brand?post=6578"},{"taxonomy":"product_cat","embeddable":true,"href":"https:\/\/cantir.art\/en\/wp-json\/wp\/v2\/product_cat?post=6578"},{"taxonomy":"product_tag","embeddable":true,"href":"https:\/\/cantir.art\/en\/wp-json\/wp\/v2\/product_tag?post=6578"}],"curies":[{"name":"wp","href":"https:\/\/api.w.org\/{rel}","templated":true}]}}