{"id":6737,"date":"2025-09-22T22:05:08","date_gmt":"2025-09-22T20:05:08","guid":{"rendered":"https:\/\/cantir.art\/?post_type=product&#038;p=6737"},"modified":"2025-11-06T23:51:01","modified_gmt":"2025-11-06T22:51:01","slug":"inciensario-de-ceramica-2","status":"publish","type":"product","link":"https:\/\/cantir.art\/en\/product\/inciensario-de-ceramica-2\/","title":{"rendered":"Kit incensario&#038;incienso"},"content":{"rendered":"<p>Material del incensario: Pasta refractaria marr\u00f3n dorado con 40% chamota media 0-1.5 mm.<\/p>","protected":false},"excerpt":{"rendered":"<p><span style=\"font-weight: 400;\">Este es un kit pensado para la pr\u00e1ctica de <strong>Riwo Sanch\u00f6<\/strong>. Incluye:<br \/>\nUn incensario hecho a mano por @gargotas con arcilla refractaria ocre, lo que aporta car\u00e1cter a un dise\u00f1o simple y elegante que encajar\u00e1 en cualquier rinc\u00f3n de tu casa.<\/span><\/p>\n<p>Un pote de incienso elaborado artesanalemente por miembros de la comunidad de Casa Virupa a partir de plantas aut\u00f3ctonas recolectadas en la finca: cipr\u00e9s, tomillo, salvia y laurel.<\/p>","protected":false},"featured_media":6576,"comment_status":"open","ping_status":"closed","template":"","meta":[],"product_brand":[],"product_cat":[16],"product_tag":[380,382,360,381],"class_list":{"0":"post-6737","1":"product","2":"type-product","3":"status-publish","4":"has-post-thumbnail","6":"product_cat-sin-categorizar","7":"product_tag-ceramica","8":"product_tag-hierbas","9":"product_tag-incienso","10":"product_tag-kit","12":"first","13":"instock","14":"taxable","15":"shipping-taxable","16":"purchasable","17":"product-type-simple"},"supplier_id":null,"supplier_sku":"","barcode":null,"atum_controlled":true,"out_stock_date":null,"out_stock_threshold":null,"inheritable":false,"inbound_stock":0,"stock_on_hold":0,"sold_today":0,"sales_last_days":0,"reserved_stock":0,"customer_returns":0,"warehouse_damage":0,"lost_in_post":0,"other_logs":0,"out_stock_days":0,"lost_sales":0,"has_location":false,"update_date":"2026-04-14T02:05:42","atum_locations":[],"atum_stock_status":"instock","restock_status":false,"low_stock_amount":"","sales_update_date":"2026-04-14T02:05:42","calc_backorders":null,"yoast_head":"<!-- This site is optimized with the Yoast SEO plugin v26.9 - https:\/\/yoast.com\/product\/yoast-seo-wordpress\/ -->\n<title>Kit incensario&amp;incienso - C\u00e0ntir<\/title>\n<meta name=\"robots\" content=\"index, follow, max-snippet:-1, max-image-preview:large, max-video-preview:-1\" \/>\n<link rel=\"canonical\" href=\"https:\/\/cantir.art\/en\/?product=inciensario-de-ceramica-2\" \/>\n<meta property=\"og:locale\" content=\"en_GB\" \/>\n<meta property=\"og:type\" content=\"article\" \/>\n<meta property=\"og:title\" content=\"Kit incensario&amp;incienso - C\u00e0ntir\" \/>\n<meta property=\"og:description\" content=\"Este es un kit pensado para la pr\u00e1ctica de Riwo Sanch\u00f6. Incluye: Un incensario hecho a mano por @gargotas con arcilla refractaria ocre, lo que aporta car\u00e1cter a un dise\u00f1o simple y elegante que encajar\u00e1 en cualquier rinc\u00f3n de tu casa.  Un pote de incienso elaborado artesanalemente por miembros de la comunidad de Casa Virupa a partir de plantas aut\u00f3ctonas recolectadas en la finca: cipr\u00e9s, tomillo, salvia y laurel.\" \/>\n<meta property=\"og:url\" content=\"https:\/\/cantir.art\/en\/?product=inciensario-de-ceramica-2\" \/>\n<meta property=\"og:site_name\" content=\"C\u00e0ntir\" \/>\n<meta property=\"article:modified_time\" content=\"2025-11-06T22:51:01+00:00\" \/>\n<meta property=\"og:image\" content=\"https:\/\/cantir.art\/wp-content\/uploads\/2025\/09\/INCIENSO-KIT-INCIENSO-Y-SANG-A-scaled-2.jpg\" \/>\n\t<meta property=\"og:image:width\" content=\"1922\" \/>\n\t<meta property=\"og:image:height\" content=\"2560\" \/>\n\t<meta property=\"og:image:type\" content=\"image\/jpeg\" \/>\n<meta name=\"twitter:card\" content=\"summary_large_image\" \/>\n<meta name=\"twitter:label1\" content=\"Estimated reading time\" \/>\n\t<meta name=\"twitter:data1\" content=\"1 minute\" \/>\n<script type=\"application\/ld+json\" class=\"yoast-schema-graph\">{\"@context\":\"https:\/\/schema.org\",\"@graph\":[{\"@type\":\"WebPage\",\"@id\":\"https:\/\/cantir.art\/?product=inciensario-de-ceramica-2\",\"url\":\"https:\/\/cantir.art\/?product=inciensario-de-ceramica-2\",\"name\":\"Kit incensario&incienso - C\u00e0ntir\",\"isPartOf\":{\"@id\":\"https:\/\/cantir.art\/#website\"},\"primaryImageOfPage\":{\"@id\":\"https:\/\/cantir.art\/?product=inciensario-de-ceramica-2#primaryimage\"},\"image\":{\"@id\":\"https:\/\/cantir.art\/?product=inciensario-de-ceramica-2#primaryimage\"},\"thumbnailUrl\":\"https:\/\/i0.wp.com\/cantir.art\/wp-content\/uploads\/2025\/09\/INCIENSO-KIT-INCIENSO-Y-SANG-A-scaled-2.jpg?fit=1922%2C2560&ssl=1\",\"datePublished\":\"2025-09-22T20:05:08+00:00\",\"dateModified\":\"2025-11-06T22:51:01+00:00\",\"breadcrumb\":{\"@id\":\"https:\/\/cantir.art\/?product=inciensario-de-ceramica-2#breadcrumb\"},\"inLanguage\":\"en-GB\",\"potentialAction\":[{\"@type\":\"ReadAction\",\"target\":[\"https:\/\/cantir.art\/?product=inciensario-de-ceramica-2\"]}]},{\"@type\":\"ImageObject\",\"inLanguage\":\"en-GB\",\"@id\":\"https:\/\/cantir.art\/?product=inciensario-de-ceramica-2#primaryimage\",\"url\":\"https:\/\/i0.wp.com\/cantir.art\/wp-content\/uploads\/2025\/09\/INCIENSO-KIT-INCIENSO-Y-SANG-A-scaled-2.jpg?fit=1922%2C2560&ssl=1\",\"contentUrl\":\"https:\/\/i0.wp.com\/cantir.art\/wp-content\/uploads\/2025\/09\/INCIENSO-KIT-INCIENSO-Y-SANG-A-scaled-2.jpg?fit=1922%2C2560&ssl=1\",\"width\":1922,\"height\":2560},{\"@type\":\"BreadcrumbList\",\"@id\":\"https:\/\/cantir.art\/?product=inciensario-de-ceramica-2#breadcrumb\",\"itemListElement\":[{\"@type\":\"ListItem\",\"position\":1,\"name\":\"Portada\",\"item\":\"https:\/\/cantir.art\/\"},{\"@type\":\"ListItem\",\"position\":2,\"name\":\"NEW Tienda\",\"item\":\"https:\/\/cantir.art\/en\/new-tienda\/\"},{\"@type\":\"ListItem\",\"position\":3,\"name\":\"Kit incensario&#038;incienso\"}]},{\"@type\":\"WebSite\",\"@id\":\"https:\/\/cantir.art\/#website\",\"url\":\"https:\/\/cantir.art\/\",\"name\":\"C\u00e0ntir\",\"description\":\"Simbolismo budista y est\u00e9tica mediterr\u00e1nea en objetos que conectan pr\u00e1ctica y cotidianidad\",\"publisher\":{\"@id\":\"https:\/\/cantir.art\/#organization\"},\"potentialAction\":[{\"@type\":\"SearchAction\",\"target\":{\"@type\":\"EntryPoint\",\"urlTemplate\":\"https:\/\/cantir.art\/?s={search_term_string}\"},\"query-input\":{\"@type\":\"PropertyValueSpecification\",\"valueRequired\":true,\"valueName\":\"search_term_string\"}}],\"inLanguage\":\"en-GB\"},{\"@type\":\"Organization\",\"@id\":\"https:\/\/cantir.art\/#organization\",\"name\":\"C\u00e0ntir\",\"url\":\"https:\/\/cantir.art\/\",\"logo\":{\"@type\":\"ImageObject\",\"inLanguage\":\"en-GB\",\"@id\":\"https:\/\/cantir.art\/#\/schema\/logo\/image\/\",\"url\":\"https:\/\/i0.wp.com\/cantir.art\/wp-content\/uploads\/2025\/01\/cantir-10.png?fit=2551%2C1060&ssl=1\",\"contentUrl\":\"https:\/\/i0.wp.com\/cantir.art\/wp-content\/uploads\/2025\/01\/cantir-10.png?fit=2551%2C1060&ssl=1\",\"width\":2551,\"height\":1060,\"caption\":\"C\u00e0ntir\"},\"image\":{\"@id\":\"https:\/\/cantir.art\/#\/schema\/logo\/image\/\"}}]}<\/script>\n<!-- \/ Yoast SEO plugin. -->","yoast_head_json":{"title":"Kit incensario&incienso - C\u00e0ntir","robots":{"index":"index","follow":"follow","max-snippet":"max-snippet:-1","max-image-preview":"max-image-preview:large","max-video-preview":"max-video-preview:-1"},"canonical":"https:\/\/cantir.art\/en\/?product=inciensario-de-ceramica-2","og_locale":"en_GB","og_type":"article","og_title":"Kit incensario&incienso - C\u00e0ntir","og_description":"Este es un kit pensado para la pr\u00e1ctica de Riwo Sanch\u00f6. Incluye: Un incensario hecho a mano por @gargotas con arcilla refractaria ocre, lo que aporta car\u00e1cter a un dise\u00f1o simple y elegante que encajar\u00e1 en cualquier rinc\u00f3n de tu casa.  Un pote de incienso elaborado artesanalemente por miembros de la comunidad de Casa Virupa a partir de plantas aut\u00f3ctonas recolectadas en la finca: cipr\u00e9s, tomillo, salvia y laurel.","og_url":"https:\/\/cantir.art\/en\/?product=inciensario-de-ceramica-2","og_site_name":"C\u00e0ntir","article_modified_time":"2025-11-06T22:51:01+00:00","og_image":[{"width":1922,"height":2560,"url":"https:\/\/cantir.art\/wp-content\/uploads\/2025\/09\/INCIENSO-KIT-INCIENSO-Y-SANG-A-scaled-2.jpg","type":"image\/jpeg"}],"twitter_card":"summary_large_image","twitter_misc":{"Estimated reading time":"1 minute"},"schema":{"@context":"https:\/\/schema.org","@graph":[{"@type":"WebPage","@id":"https:\/\/cantir.art\/?product=inciensario-de-ceramica-2","url":"https:\/\/cantir.art\/?product=inciensario-de-ceramica-2","name":"Kit incensario&incienso - C\u00e0ntir","isPartOf":{"@id":"https:\/\/cantir.art\/#website"},"primaryImageOfPage":{"@id":"https:\/\/cantir.art\/?product=inciensario-de-ceramica-2#primaryimage"},"image":{"@id":"https:\/\/cantir.art\/?product=inciensario-de-ceramica-2#primaryimage"},"thumbnailUrl":"https:\/\/i0.wp.com\/cantir.art\/wp-content\/uploads\/2025\/09\/INCIENSO-KIT-INCIENSO-Y-SANG-A-scaled-2.jpg?fit=1922%2C2560&ssl=1","datePublished":"2025-09-22T20:05:08+00:00","dateModified":"2025-11-06T22:51:01+00:00","breadcrumb":{"@id":"https:\/\/cantir.art\/?product=inciensario-de-ceramica-2#breadcrumb"},"inLanguage":"en-GB","potentialAction":[{"@type":"ReadAction","target":["https:\/\/cantir.art\/?product=inciensario-de-ceramica-2"]}]},{"@type":"ImageObject","inLanguage":"en-GB","@id":"https:\/\/cantir.art\/?product=inciensario-de-ceramica-2#primaryimage","url":"https:\/\/i0.wp.com\/cantir.art\/wp-content\/uploads\/2025\/09\/INCIENSO-KIT-INCIENSO-Y-SANG-A-scaled-2.jpg?fit=1922%2C2560&ssl=1","contentUrl":"https:\/\/i0.wp.com\/cantir.art\/wp-content\/uploads\/2025\/09\/INCIENSO-KIT-INCIENSO-Y-SANG-A-scaled-2.jpg?fit=1922%2C2560&ssl=1","width":1922,"height":2560},{"@type":"BreadcrumbList","@id":"https:\/\/cantir.art\/?product=inciensario-de-ceramica-2#breadcrumb","itemListElement":[{"@type":"ListItem","position":1,"name":"Portada","item":"https:\/\/cantir.art\/"},{"@type":"ListItem","position":2,"name":"NEW Tienda","item":"https:\/\/cantir.art\/en\/new-tienda\/"},{"@type":"ListItem","position":3,"name":"Kit incensario&#038;incienso"}]},{"@type":"WebSite","@id":"https:\/\/cantir.art\/#website","url":"https:\/\/cantir.art\/","name":"C\u00e0ntir","description":"Buddhist symbolism and Mediterranean aesthetics in objects that connect practice with everyday life","publisher":{"@id":"https:\/\/cantir.art\/#organization"},"potentialAction":[{"@type":"SearchAction","target":{"@type":"EntryPoint","urlTemplate":"https:\/\/cantir.art\/?s={search_term_string}"},"query-input":{"@type":"PropertyValueSpecification","valueRequired":true,"valueName":"search_term_string"}}],"inLanguage":"en-GB"},{"@type":"Organization","@id":"https:\/\/cantir.art\/#organization","name":"C\u00e0ntir","url":"https:\/\/cantir.art\/","logo":{"@type":"ImageObject","inLanguage":"en-GB","@id":"https:\/\/cantir.art\/#\/schema\/logo\/image\/","url":"https:\/\/i0.wp.com\/cantir.art\/wp-content\/uploads\/2025\/01\/cantir-10.png?fit=2551%2C1060&ssl=1","contentUrl":"https:\/\/i0.wp.com\/cantir.art\/wp-content\/uploads\/2025\/01\/cantir-10.png?fit=2551%2C1060&ssl=1","width":2551,"height":1060,"caption":"C\u00e0ntir"},"image":{"@id":"https:\/\/cantir.art\/#\/schema\/logo\/image\/"}}]}},"jetpack_sharing_enabled":true,"_links":{"self":[{"href":"https:\/\/cantir.art\/en\/wp-json\/wp\/v2\/product\/6737","targetHints":{"allow":["GET"]}}],"collection":[{"href":"https:\/\/cantir.art\/en\/wp-json\/wp\/v2\/product"}],"about":[{"href":"https:\/\/cantir.art\/en\/wp-json\/wp\/v2\/types\/product"}],"replies":[{"embeddable":true,"href":"https:\/\/cantir.art\/en\/wp-json\/wp\/v2\/comments?post=6737"}],"version-history":[{"count":6,"href":"https:\/\/cantir.art\/en\/wp-json\/wp\/v2\/product\/6737\/revisions"}],"predecessor-version":[{"id":7271,"href":"https:\/\/cantir.art\/en\/wp-json\/wp\/v2\/product\/6737\/revisions\/7271"}],"wp:featuredmedia":[{"embeddable":true,"href":"https:\/\/cantir.art\/en\/wp-json\/wp\/v2\/media\/6576"}],"wp:attachment":[{"href":"https:\/\/cantir.art\/en\/wp-json\/wp\/v2\/media?parent=6737"}],"wp:term":[{"taxonomy":"product_brand","embeddable":true,"href":"https:\/\/cantir.art\/en\/wp-json\/wp\/v2\/product_brand?post=6737"},{"taxonomy":"product_cat","embeddable":true,"href":"https:\/\/cantir.art\/en\/wp-json\/wp\/v2\/product_cat?post=6737"},{"taxonomy":"product_tag","embeddable":true,"href":"https:\/\/cantir.art\/en\/wp-json\/wp\/v2\/product_tag?post=6737"}],"curies":[{"name":"wp","href":"https:\/\/api.w.org\/{rel}","templated":true}]}}