{"id":7304,"date":"2025-12-24T12:46:13","date_gmt":"2025-12-24T11:46:13","guid":{"rendered":"https:\/\/cantir.art\/?post_type=product&#038;p=7304"},"modified":"2025-12-26T13:23:45","modified_gmt":"2025-12-26T12:23:45","slug":"sutras","status":"publish","type":"product","link":"https:\/\/cantir.art\/en\/product\/sutras\/","title":{"rendered":"Sutras"},"content":{"rendered":"<div data-elementor-type=\"wp-post\" data-elementor-id=\"7304\" class=\"elementor elementor-7304\">\n\t\t\t\t<div class=\"elementor-element elementor-element-52048079 e-flex e-con-boxed e-con e-parent\" data-id=\"52048079\" data-element_type=\"container\">\n\t\t\t\t\t<div class=\"e-con-inner\">\n\t\t\t\t<div class=\"elementor-element elementor-element-32484e1 elementor-widget elementor-widget-text-editor\" data-id=\"32484e1\" data-element_type=\"widget\" data-widget_type=\"text-editor.default\">\n\t\t\t\t<div class=\"elementor-widget-container\">\n\t\t\t\t\t\t\t\t\t<p>Los sutras recogen los fragmentos esenciales de sus ense\u00f1anzas, conservando la fidelidad a los textos originales.<br data-start=\"471\" data-end=\"474\" \/>Edici\u00f3n de <em data-start=\"485\" data-end=\"492\">Ariel<\/em> con tapa blanca, editada por Anne Bancroft, con pr\u00f3logo de Ngawang Norbu.<\/p>\t\t\t\t\t\t\t\t<\/div>\n\t\t\t\t<\/div>\n\t\t\t\t<div class=\"elementor-element elementor-element-14ef9cb8 elementor-widget elementor-widget-text-editor\" data-id=\"14ef9cb8\" data-element_type=\"widget\" data-widget_type=\"text-editor.default\">\n\t\t\t\t<div class=\"elementor-widget-container\">\n\t\t\t\t\t\t\t\t\t<p>Tapa blanda, edici\u00f3n de bolsillo<br \/>Dimensiones: 20&#215;15<\/p>\t\t\t\t\t\t\t\t<\/div>\n\t\t\t\t<\/div>\n\t\t\t\t\t<\/div>\n\t\t\t\t<\/div>\n\t\t<div class=\"elementor-element elementor-element-247c5c8 e-flex e-con-boxed e-con e-parent\" data-id=\"247c5c8\" data-element_type=\"container\">\n\t\t\t\t\t<div class=\"e-con-inner\">\n\t\t\t\t\t<\/div>\n\t\t\t\t<\/div>\n\t\t\t\t<\/div>","protected":false},"excerpt":{"rendered":"<p>Tras salir de palacio y contemplar los estragos de la enfermedad, la vejez y la muerte, Siddhartha toma la decisi\u00f3n de deshacerse de las cadenas que atan a los seres al sufrimiento y convertirse en Buda, el Iluminado. Doscientos a\u00f1os despu\u00e9s de su muerte, sus ense\u00f1anzas, sermones, consejos y relatos fueron escritos y recopilados por algunos disc\u00edpulos tras generaciones de transmisi\u00f3n oral. El coraz\u00f3n de su sabidur\u00eda es que todos podemos liberarnos de la enga\u00f1osa servidumbre que nos esclaviza a los apetitos y deseos. Cuando constatamos que toda la existencia es interdependiente, que nada escapa al cambio o que la identidad no descansa en lugar fijo alguno, podemos salir de los estrechos confines del yo y llegar a una nueva manera de relacionarnos con el mundo y con nuestra mente.<\/p>\n<p>En los sutras se recogen los fragmentos m\u00e1s importantes y reveladores de esos antiqu\u00edsimos textos fundacionales del budismo, la esencia misma de las ense\u00f1anzas del Buda tal como \u00e9l las imparti\u00f3 hace dos mil quinientos a\u00f1os. Dichos fragmentos han sido cuidadosamente revisados para conservar los textos originales con la mayor fidelidad posible.<\/p>\n<p>Edici\u00f3n de Ariel con tapa blanca, cuidadosamente editada por Anne Bancroft, con un precioso pr\u00f3logo del maestro residente del Centro Casa Virupa, Lama Ngawang Norbu.<\/p>","protected":false},"featured_media":7307,"comment_status":"open","ping_status":"closed","template":"elementor_theme","meta":[],"product_brand":[],"product_cat":[394,161],"product_tag":[],"class_list":{"0":"post-7304","1":"product","2":"type-product","3":"status-publish","4":"has-post-thumbnail","6":"product_cat-editorial-planeta-libros","7":"product_cat-libros","9":"first","10":"instock","11":"taxable","12":"shipping-taxable","13":"purchasable","14":"product-type-simple"},"supplier_id":null,"supplier_sku":"","barcode":null,"atum_controlled":true,"out_stock_date":null,"out_stock_threshold":null,"inheritable":false,"inbound_stock":null,"stock_on_hold":0,"sold_today":0,"sales_last_days":0,"reserved_stock":null,"customer_returns":null,"warehouse_damage":null,"lost_in_post":null,"other_logs":null,"out_stock_days":0,"lost_sales":0,"has_location":false,"update_date":"2026-04-14T02:05:41","atum_locations":[],"atum_stock_status":"instock","restock_status":false,"low_stock_amount":"","sales_update_date":"2026-04-14T02:05:41","calc_backorders":null,"yoast_head":"<!-- This site is optimized with the Yoast SEO plugin v26.9 - https:\/\/yoast.com\/product\/yoast-seo-wordpress\/ -->\n<title>Sutras - C\u00e0ntir<\/title>\n<meta name=\"robots\" content=\"index, follow, max-snippet:-1, max-image-preview:large, max-video-preview:-1\" \/>\n<link rel=\"canonical\" href=\"https:\/\/cantir.art\/en\/?product=sutras\" \/>\n<meta property=\"og:locale\" content=\"en_GB\" \/>\n<meta property=\"og:type\" content=\"article\" \/>\n<meta property=\"og:title\" content=\"Sutras - C\u00e0ntir\" \/>\n<meta property=\"og:description\" content=\"Tras salir de palacio y contemplar los estragos de la enfermedad, la vejez y la muerte, Siddhartha toma la decisi\u00f3n de deshacerse de las cadenas que atan a los seres al sufrimiento y convertirse en Buda, el Iluminado. Doscientos a\u00f1os despu\u00e9s de su muerte, sus ense\u00f1anzas, sermones, consejos y relatos fueron escritos y recopilados por algunos disc\u00edpulos tras generaciones de transmisi\u00f3n oral. El coraz\u00f3n de su sabidur\u00eda es que todos podemos liberarnos de la enga\u00f1osa servidumbre que nos esclaviza a los apetitos y deseos. Cuando constatamos que toda la existencia es interdependiente, que nada escapa al cambio o que la identidad no descansa en lugar fijo alguno, podemos salir de los estrechos confines del yo y llegar a una nueva manera de relacionarnos con el mundo y con nuestra mente.  En los sutras se recogen los fragmentos m\u00e1s importantes y reveladores de esos antiqu\u00edsimos textos fundacionales del budismo, la esencia misma de las ense\u00f1anzas del Buda tal como \u00e9l las imparti\u00f3 hace dos mil quinientos a\u00f1os. Dichos fragmentos han sido cuidadosamente revisados para conservar los textos originales con la mayor fidelidad posible.  Edici\u00f3n de Ariel con tapa blanca, cuidadosamente editada por Anne Bancroft, con un precioso pr\u00f3logo del maestro residente del Centro Casa Virupa, Lama Ngawang Norbu.\" \/>\n<meta property=\"og:url\" content=\"https:\/\/cantir.art\/en\/?product=sutras\" \/>\n<meta property=\"og:site_name\" content=\"C\u00e0ntir\" \/>\n<meta property=\"article:modified_time\" content=\"2025-12-26T12:23:45+00:00\" \/>\n<meta property=\"og:image\" content=\"https:\/\/cantir.art\/wp-content\/uploads\/2025\/12\/unnamed-3.webp\" \/>\n\t<meta property=\"og:image:width\" content=\"941\" \/>\n\t<meta property=\"og:image:height\" content=\"1412\" \/>\n\t<meta property=\"og:image:type\" content=\"image\/webp\" \/>\n<meta name=\"twitter:card\" content=\"summary_large_image\" \/>\n<meta name=\"twitter:label1\" content=\"Estimated reading time\" \/>\n\t<meta name=\"twitter:data1\" content=\"1 minute\" \/>\n<script type=\"application\/ld+json\" class=\"yoast-schema-graph\">{\"@context\":\"https:\/\/schema.org\",\"@graph\":[{\"@type\":\"WebPage\",\"@id\":\"https:\/\/cantir.art\/?product=sutras\",\"url\":\"https:\/\/cantir.art\/?product=sutras\",\"name\":\"Sutras - C\u00e0ntir\",\"isPartOf\":{\"@id\":\"https:\/\/cantir.art\/#website\"},\"primaryImageOfPage\":{\"@id\":\"https:\/\/cantir.art\/?product=sutras#primaryimage\"},\"image\":{\"@id\":\"https:\/\/cantir.art\/?product=sutras#primaryimage\"},\"thumbnailUrl\":\"https:\/\/i0.wp.com\/cantir.art\/wp-content\/uploads\/2025\/12\/unnamed-3.webp?fit=941%2C1412&ssl=1\",\"datePublished\":\"2025-12-24T11:46:13+00:00\",\"dateModified\":\"2025-12-26T12:23:45+00:00\",\"breadcrumb\":{\"@id\":\"https:\/\/cantir.art\/?product=sutras#breadcrumb\"},\"inLanguage\":\"en-GB\",\"potentialAction\":[{\"@type\":\"ReadAction\",\"target\":[\"https:\/\/cantir.art\/?product=sutras\"]}]},{\"@type\":\"ImageObject\",\"inLanguage\":\"en-GB\",\"@id\":\"https:\/\/cantir.art\/?product=sutras#primaryimage\",\"url\":\"https:\/\/i0.wp.com\/cantir.art\/wp-content\/uploads\/2025\/12\/unnamed-3.webp?fit=941%2C1412&ssl=1\",\"contentUrl\":\"https:\/\/i0.wp.com\/cantir.art\/wp-content\/uploads\/2025\/12\/unnamed-3.webp?fit=941%2C1412&ssl=1\",\"width\":941,\"height\":1412},{\"@type\":\"BreadcrumbList\",\"@id\":\"https:\/\/cantir.art\/?product=sutras#breadcrumb\",\"itemListElement\":[{\"@type\":\"ListItem\",\"position\":1,\"name\":\"Portada\",\"item\":\"https:\/\/cantir.art\/\"},{\"@type\":\"ListItem\",\"position\":2,\"name\":\"NEW Tienda\",\"item\":\"https:\/\/cantir.art\/en\/new-tienda\/\"},{\"@type\":\"ListItem\",\"position\":3,\"name\":\"Sutras\"}]},{\"@type\":\"WebSite\",\"@id\":\"https:\/\/cantir.art\/#website\",\"url\":\"https:\/\/cantir.art\/\",\"name\":\"C\u00e0ntir\",\"description\":\"Simbolismo budista y est\u00e9tica mediterr\u00e1nea en objetos que conectan pr\u00e1ctica y cotidianidad\",\"publisher\":{\"@id\":\"https:\/\/cantir.art\/#organization\"},\"potentialAction\":[{\"@type\":\"SearchAction\",\"target\":{\"@type\":\"EntryPoint\",\"urlTemplate\":\"https:\/\/cantir.art\/?s={search_term_string}\"},\"query-input\":{\"@type\":\"PropertyValueSpecification\",\"valueRequired\":true,\"valueName\":\"search_term_string\"}}],\"inLanguage\":\"en-GB\"},{\"@type\":\"Organization\",\"@id\":\"https:\/\/cantir.art\/#organization\",\"name\":\"C\u00e0ntir\",\"url\":\"https:\/\/cantir.art\/\",\"logo\":{\"@type\":\"ImageObject\",\"inLanguage\":\"en-GB\",\"@id\":\"https:\/\/cantir.art\/#\/schema\/logo\/image\/\",\"url\":\"https:\/\/i0.wp.com\/cantir.art\/wp-content\/uploads\/2025\/01\/cantir-10.png?fit=2551%2C1060&ssl=1\",\"contentUrl\":\"https:\/\/i0.wp.com\/cantir.art\/wp-content\/uploads\/2025\/01\/cantir-10.png?fit=2551%2C1060&ssl=1\",\"width\":2551,\"height\":1060,\"caption\":\"C\u00e0ntir\"},\"image\":{\"@id\":\"https:\/\/cantir.art\/#\/schema\/logo\/image\/\"}}]}<\/script>\n<!-- \/ Yoast SEO plugin. -->","yoast_head_json":{"title":"Sutras - C\u00e0ntir","robots":{"index":"index","follow":"follow","max-snippet":"max-snippet:-1","max-image-preview":"max-image-preview:large","max-video-preview":"max-video-preview:-1"},"canonical":"https:\/\/cantir.art\/en\/?product=sutras","og_locale":"en_GB","og_type":"article","og_title":"Sutras - C\u00e0ntir","og_description":"Tras salir de palacio y contemplar los estragos de la enfermedad, la vejez y la muerte, Siddhartha toma la decisi\u00f3n de deshacerse de las cadenas que atan a los seres al sufrimiento y convertirse en Buda, el Iluminado. Doscientos a\u00f1os despu\u00e9s de su muerte, sus ense\u00f1anzas, sermones, consejos y relatos fueron escritos y recopilados por algunos disc\u00edpulos tras generaciones de transmisi\u00f3n oral. El coraz\u00f3n de su sabidur\u00eda es que todos podemos liberarnos de la enga\u00f1osa servidumbre que nos esclaviza a los apetitos y deseos. Cuando constatamos que toda la existencia es interdependiente, que nada escapa al cambio o que la identidad no descansa en lugar fijo alguno, podemos salir de los estrechos confines del yo y llegar a una nueva manera de relacionarnos con el mundo y con nuestra mente.  En los sutras se recogen los fragmentos m\u00e1s importantes y reveladores de esos antiqu\u00edsimos textos fundacionales del budismo, la esencia misma de las ense\u00f1anzas del Buda tal como \u00e9l las imparti\u00f3 hace dos mil quinientos a\u00f1os. Dichos fragmentos han sido cuidadosamente revisados para conservar los textos originales con la mayor fidelidad posible.  Edici\u00f3n de Ariel con tapa blanca, cuidadosamente editada por Anne Bancroft, con un precioso pr\u00f3logo del maestro residente del Centro Casa Virupa, Lama Ngawang Norbu.","og_url":"https:\/\/cantir.art\/en\/?product=sutras","og_site_name":"C\u00e0ntir","article_modified_time":"2025-12-26T12:23:45+00:00","og_image":[{"width":941,"height":1412,"url":"https:\/\/cantir.art\/wp-content\/uploads\/2025\/12\/unnamed-3.webp","type":"image\/webp"}],"twitter_card":"summary_large_image","twitter_misc":{"Estimated reading time":"1 minute"},"schema":{"@context":"https:\/\/schema.org","@graph":[{"@type":"WebPage","@id":"https:\/\/cantir.art\/?product=sutras","url":"https:\/\/cantir.art\/?product=sutras","name":"Sutras - C\u00e0ntir","isPartOf":{"@id":"https:\/\/cantir.art\/#website"},"primaryImageOfPage":{"@id":"https:\/\/cantir.art\/?product=sutras#primaryimage"},"image":{"@id":"https:\/\/cantir.art\/?product=sutras#primaryimage"},"thumbnailUrl":"https:\/\/i0.wp.com\/cantir.art\/wp-content\/uploads\/2025\/12\/unnamed-3.webp?fit=941%2C1412&ssl=1","datePublished":"2025-12-24T11:46:13+00:00","dateModified":"2025-12-26T12:23:45+00:00","breadcrumb":{"@id":"https:\/\/cantir.art\/?product=sutras#breadcrumb"},"inLanguage":"en-GB","potentialAction":[{"@type":"ReadAction","target":["https:\/\/cantir.art\/?product=sutras"]}]},{"@type":"ImageObject","inLanguage":"en-GB","@id":"https:\/\/cantir.art\/?product=sutras#primaryimage","url":"https:\/\/i0.wp.com\/cantir.art\/wp-content\/uploads\/2025\/12\/unnamed-3.webp?fit=941%2C1412&ssl=1","contentUrl":"https:\/\/i0.wp.com\/cantir.art\/wp-content\/uploads\/2025\/12\/unnamed-3.webp?fit=941%2C1412&ssl=1","width":941,"height":1412},{"@type":"BreadcrumbList","@id":"https:\/\/cantir.art\/?product=sutras#breadcrumb","itemListElement":[{"@type":"ListItem","position":1,"name":"Portada","item":"https:\/\/cantir.art\/"},{"@type":"ListItem","position":2,"name":"NEW Tienda","item":"https:\/\/cantir.art\/en\/new-tienda\/"},{"@type":"ListItem","position":3,"name":"Sutras"}]},{"@type":"WebSite","@id":"https:\/\/cantir.art\/#website","url":"https:\/\/cantir.art\/","name":"C\u00e0ntir","description":"Buddhist symbolism and Mediterranean aesthetics in objects that connect practice with everyday life","publisher":{"@id":"https:\/\/cantir.art\/#organization"},"potentialAction":[{"@type":"SearchAction","target":{"@type":"EntryPoint","urlTemplate":"https:\/\/cantir.art\/?s={search_term_string}"},"query-input":{"@type":"PropertyValueSpecification","valueRequired":true,"valueName":"search_term_string"}}],"inLanguage":"en-GB"},{"@type":"Organization","@id":"https:\/\/cantir.art\/#organization","name":"C\u00e0ntir","url":"https:\/\/cantir.art\/","logo":{"@type":"ImageObject","inLanguage":"en-GB","@id":"https:\/\/cantir.art\/#\/schema\/logo\/image\/","url":"https:\/\/i0.wp.com\/cantir.art\/wp-content\/uploads\/2025\/01\/cantir-10.png?fit=2551%2C1060&ssl=1","contentUrl":"https:\/\/i0.wp.com\/cantir.art\/wp-content\/uploads\/2025\/01\/cantir-10.png?fit=2551%2C1060&ssl=1","width":2551,"height":1060,"caption":"C\u00e0ntir"},"image":{"@id":"https:\/\/cantir.art\/#\/schema\/logo\/image\/"}}]}},"jetpack_sharing_enabled":true,"_links":{"self":[{"href":"https:\/\/cantir.art\/en\/wp-json\/wp\/v2\/product\/7304","targetHints":{"allow":["GET"]}}],"collection":[{"href":"https:\/\/cantir.art\/en\/wp-json\/wp\/v2\/product"}],"about":[{"href":"https:\/\/cantir.art\/en\/wp-json\/wp\/v2\/types\/product"}],"replies":[{"embeddable":true,"href":"https:\/\/cantir.art\/en\/wp-json\/wp\/v2\/comments?post=7304"}],"version-history":[{"count":13,"href":"https:\/\/cantir.art\/en\/wp-json\/wp\/v2\/product\/7304\/revisions"}],"predecessor-version":[{"id":7322,"href":"https:\/\/cantir.art\/en\/wp-json\/wp\/v2\/product\/7304\/revisions\/7322"}],"wp:featuredmedia":[{"embeddable":true,"href":"https:\/\/cantir.art\/en\/wp-json\/wp\/v2\/media\/7307"}],"wp:attachment":[{"href":"https:\/\/cantir.art\/en\/wp-json\/wp\/v2\/media?parent=7304"}],"wp:term":[{"taxonomy":"product_brand","embeddable":true,"href":"https:\/\/cantir.art\/en\/wp-json\/wp\/v2\/product_brand?post=7304"},{"taxonomy":"product_cat","embeddable":true,"href":"https:\/\/cantir.art\/en\/wp-json\/wp\/v2\/product_cat?post=7304"},{"taxonomy":"product_tag","embeddable":true,"href":"https:\/\/cantir.art\/en\/wp-json\/wp\/v2\/product_tag?post=7304"}],"curies":[{"name":"wp","href":"https:\/\/api.w.org\/{rel}","templated":true}]}}